{"id":9322,"date":"2020-03-03T10:04:49","date_gmt":"2020-03-03T10:04:49","guid":{"rendered":"https:\/\/www.francehelices.fr\/?page_id=9322"},"modified":"2025-06-20T14:15:49","modified_gmt":"2025-06-20T14:15:49","slug":"rudders","status":"publish","type":"page","link":"https:\/\/www.francehelices.fr\/en\/rudders\/","title":{"rendered":"RUDDERS"},"content":{"rendered":"<p>[vc_row full_width=&#8221;stretch_row&#8221; css=&#8221;.vc_custom_1569324541625{padding-top: 20px !important;padding-bottom: 20px !important;}&#8221;][vc_column][vc_column_text el_class=&#8221;beige&#8221;]<\/p>\n<h2><span style=\"color: #857040;\">RUDDERS<\/span><\/h2>\n<p>[\/vc_column_text][vc_separator color=&#8221;custom&#8221; align=&#8221;align_left&#8221; accent_color=&#8221;#857040&#8243;][vc_row_inner gap=&#8221;30&#8243;][vc_column_inner width=&#8221;1\/4&#8243;][vc_column_text el_class=&#8221;beige justify&#8221;]The rudders manufactured in our workshops cover all range of applications, and can be adapted to suit your hull. To achieve this, we use the latest design techniques, including CFD (Computational Fluid Dynamics) to accurately determine the flow in the rudder from a running propeller.<\/p>\n<p>All our FRANCE HELICES rudders are manufactured on request, to your drawing and or according to your model: rudder blade with NACA profile, welded rudder&#8230;<\/p>\n<p>We supply also standard rudder models that are available at short notice.[\/vc_column_text][\/vc_column_inner][vc_column_inner width=&#8221;1\/4&#8243;][vc_single_image image=&#8221;8225&#8243; img_size=&#8221;full&#8221; alignment=&#8221;center&#8221;][vc_btn title=&#8221;LEARN MORE&#8221; color=&#8221;info&#8221; align=&#8221;center&#8221; link=&#8221;url:https%3A%2F%2Ffr.calameo.com%2Fread%2F0054663055b4604656169%3Fpage%3D70|title:Reparation|target:%20_blank|&#8221;][\/vc_column_inner][vc_column_inner width=&#8221;1\/4&#8243;][vc_single_image image=&#8221;8224&#8243; img_size=&#8221;full&#8221; alignment=&#8221;center&#8221;][vc_btn title=&#8221;CONTACT&#8221; color=&#8221;info&#8221; align=&#8221;center&#8221; link=&#8221;url:https%3A%2F%2Fwww.francehelices.fr%2Fen%2Fcontact-uk%2F|title:Reparation||&#8221;][\/vc_column_inner][vc_column_inner width=&#8221;1\/4&#8243;][vc_single_image image=&#8221;8223&#8243; img_size=&#8221;full&#8221; alignment=&#8221;center&#8221;][\/vc_column_inner][\/vc_row_inner][\/vc_column][\/vc_row][vc_row full_width=&#8221;stretch_row&#8221; css=&#8221;.vc_custom_1569324548904{padding-top: 20px !important;padding-bottom: 20px !important;}&#8221;][vc_column][vc_column_text el_class=&#8221;beige&#8221;]<\/p>\n<h2><span style=\"color: #857040;\">RUDDERS MANUFACTURED ACCORDING TO YOUR MODEL<\/span><\/h2>\n<p>[\/vc_column_text][vc_separator color=&#8221;custom&#8221; align=&#8221;align_left&#8221; accent_color=&#8221;#857040&#8243;][vc_row_inner gap=&#8221;30&#8243;][vc_column_inner width=&#8221;2\/3&#8243;][vc_column_text el_class=&#8221;beige justify&#8221;]FRANCE HELICES offers a wide range of tailor-made rudder.<br \/>\nMaterial : Nibral, stainless steel or other on request.[\/vc_column_text][vc_btn title=&#8221;LEARN MORE&#8221; color=&#8221;info&#8221; align=&#8221;left&#8221; link=&#8221;url:https%3A%2F%2Ffr.calameo.com%2Fread%2F0054663055b4604656169%3Fpage%3D72|title:Reparation|target:%20_blank|&#8221;][vc_column_text el_class=&#8221;beige justify&#8221;]As far as repairs are concerned, we repair all types of rudders. Among our services: blade and stock straightening, change of rudder arm&#8230;<br \/>\nOf course, we supply standard rudder models that are available at short notice.<br \/>\nFor availability, please consult <a href=\"\/\/www.francehelices.net\" target=\"_blank\" rel=\"noopener noreferrer\">our spare parts shop<\/a>.[\/vc_column_text][vc_column_text el_class=&#8221;beige justify&#8221;]FRANCE HELICES offers a wide range of custom-made rudder stock arms.<br \/>\nMaterial : Nibral, stainless steel or other on request.[\/vc_column_text][vc_btn title=&#8221;LEARN MORE&#8221; color=&#8221;info&#8221; align=&#8221;left&#8221; link=&#8221;url:https%3A%2F%2Ffr.calameo.com%2Fread%2F0054663055b4604656169%3Fpage%3D74|title:Reparation|target:%20_blank|&#8221;][\/vc_column_inner][vc_column_inner width=&#8221;1\/3&#8243;][vc_column_text el_class=&#8221;beige justify&#8221;]<\/p>\n<p style=\"text-align: center;\">Some examples of our rudders<\/p>\n<p>[\/vc_column_text][vc_gallery type=&#8221;flexslider_slide&#8221; interval=&#8221;5&#8243; images=&#8221;8227,8228,8229,8230,8231,8561&#8243; img_size=&#8221;full&#8221;][\/vc_column_inner][\/vc_row_inner][\/vc_column][\/vc_row]<\/p>\n","protected":false},"excerpt":{"rendered":"<p>[vc_row full_width=&#8221;stretch_row&#8221; css=&#8221;.vc_custom_1569324541625{padding-top: 20px !important;padding-bottom: 20px !important;}&#8221;][vc_column][vc_column_text el_class=&#8221;beige&#8221;] RUDDERS [\/vc_column_text][vc_separator color=&#8221;custom&#8221; align=&#8221;align_left&#8221; accent_color=&#8221;#857040&#8243;][vc_row_inner gap=&#8221;30&#8243;][vc_column_inner width=&#8221;1\/4&#8243;][vc_column_text el_class=&#8221;beige justify&#8221;]The rudders manufactured in our workshops cover all range of applications, and can be adapted to suit your hull. To achieve this, we use the latest design techniques, including CFD (Computational Fluid Dynamics) to accurately determine the flow in&hellip;&nbsp;<\/p>\n","protected":false},"author":2,"featured_media":9324,"parent":0,"menu_order":0,"comment_status":"closed","ping_status":"closed","template":"","meta":{"_crdt_document":"","neve_meta_sidebar":"","neve_meta_container":"","neve_meta_enable_content_width":"","neve_meta_content_width":0,"neve_meta_title_alignment":"","neve_meta_author_avatar":"","neve_post_elements_order":"","neve_meta_disable_header":"","neve_meta_disable_footer":"","neve_meta_disable_title":"","footnotes":""},"class_list":["post-9322","page","type-page","status-publish","has-post-thumbnail","hentry"],"yoast_head":"<!-- This site is optimized with the Yoast SEO Premium plugin v27.3 (Yoast SEO v27.4) - https:\/\/yoast.com\/product\/yoast-seo-premium-wordpress\/ -->\n<title>RUDDERS - MARINE PROPULSION PRODUCTS FOR BOATS<\/title>\n<meta name=\"description\" content=\"FRANCE HELICES develops, calculates, designs and manufactures complete packages (shaft line, propeller, bracket, rudder \u2026) in France.\" \/>\n<meta name=\"robots\" content=\"index, follow, max-snippet:-1, max-image-preview:large, max-video-preview:-1\" \/>\n<link rel=\"canonical\" href=\"https:\/\/www.francehelices.fr\/en\/rudders\/\" \/>\n<meta property=\"og:locale\" content=\"en_US\" \/>\n<meta property=\"og:type\" content=\"article\" \/>\n<meta property=\"og:title\" content=\"RUDDERS MARINE PROPULSION SYSTEMS\" \/>\n<meta property=\"og:description\" content=\"FRANCE HELICES manufacture &amp; repair marine propulsion systems since 1977. We ship worldwide. Contact us : info@francehelices.fr\" \/>\n<meta property=\"og:url\" content=\"https:\/\/www.francehelices.fr\/en\/rudders\/\" \/>\n<meta property=\"og:site_name\" content=\"France H\u00e9lices | H\u00e9lices et lignes d&#039;arbres pour bateaux moteurs et voiliers\" \/>\n<meta property=\"article:publisher\" content=\"https:\/\/fr-fr.facebook.com\/francehelices\/\" \/>\n<meta property=\"article:modified_time\" content=\"2025-06-20T14:15:49+00:00\" \/>\n<meta property=\"og:image\" content=\"https:\/\/www.francehelices.fr\/wp-content\/uploads\/safran-2.jpg\" \/>\n\t<meta property=\"og:image:width\" content=\"248\" \/>\n\t<meta property=\"og:image:height\" content=\"429\" \/>\n\t<meta property=\"og:image:type\" content=\"image\/jpeg\" \/>\n<meta name=\"twitter:card\" content=\"summary_large_image\" \/>\n<meta name=\"twitter:site\" content=\"@FRANCEHELICES\" \/>\n<meta name=\"twitter:label1\" content=\"Est. reading time\" \/>\n\t<meta name=\"twitter:data1\" content=\"2 minutes\" \/>\n<script type=\"application\/ld+json\" class=\"yoast-schema-graph\">{\"@context\":\"https:\\\/\\\/schema.org\",\"@graph\":[{\"@type\":\"WebPage\",\"@id\":\"https:\\\/\\\/www.francehelices.fr\\\/en\\\/rudders\\\/\",\"url\":\"https:\\\/\\\/www.francehelices.fr\\\/en\\\/rudders\\\/\",\"name\":\"RUDDERS - MARINE PROPULSION PRODUCTS FOR BOATS\",\"isPartOf\":{\"@id\":\"https:\\\/\\\/www.francehelices.fr\\\/en\\\/#website\"},\"primaryImageOfPage\":{\"@id\":\"https:\\\/\\\/www.francehelices.fr\\\/en\\\/rudders\\\/#primaryimage\"},\"image\":{\"@id\":\"https:\\\/\\\/www.francehelices.fr\\\/en\\\/rudders\\\/#primaryimage\"},\"thumbnailUrl\":\"https:\\\/\\\/www.francehelices.fr\\\/wp-content\\\/uploads\\\/safran-2.jpg\",\"datePublished\":\"2020-03-03T10:04:49+00:00\",\"dateModified\":\"2025-06-20T14:15:49+00:00\",\"description\":\"FRANCE HELICES develops, calculates, designs and manufactures complete packages (shaft line, propeller, bracket, rudder \u2026) in France.\",\"breadcrumb\":{\"@id\":\"https:\\\/\\\/www.francehelices.fr\\\/en\\\/rudders\\\/#breadcrumb\"},\"inLanguage\":\"en-US\",\"potentialAction\":[{\"@type\":\"ReadAction\",\"target\":[\"https:\\\/\\\/www.francehelices.fr\\\/en\\\/rudders\\\/\"]}]},{\"@type\":\"ImageObject\",\"inLanguage\":\"en-US\",\"@id\":\"https:\\\/\\\/www.francehelices.fr\\\/en\\\/rudders\\\/#primaryimage\",\"url\":\"https:\\\/\\\/www.francehelices.fr\\\/wp-content\\\/uploads\\\/safran-2.jpg\",\"contentUrl\":\"https:\\\/\\\/www.francehelices.fr\\\/wp-content\\\/uploads\\\/safran-2.jpg\",\"width\":248,\"height\":429,\"caption\":\"safran gouvernail bateau\"},{\"@type\":\"BreadcrumbList\",\"@id\":\"https:\\\/\\\/www.francehelices.fr\\\/en\\\/rudders\\\/#breadcrumb\",\"itemListElement\":[{\"@type\":\"ListItem\",\"position\":1,\"name\":\"Accueil\",\"item\":\"https:\\\/\\\/www.francehelices.fr\\\/en\\\/\"},{\"@type\":\"ListItem\",\"position\":2,\"name\":\"RUDDERS\"}]},{\"@type\":\"WebSite\",\"@id\":\"https:\\\/\\\/www.francehelices.fr\\\/en\\\/#website\",\"url\":\"https:\\\/\\\/www.francehelices.fr\\\/en\\\/\",\"name\":\"France H\u00e9lices | H\u00e9lices et lignes d arbres pour bateaux moteurs et voiliers\",\"description\":\"Sp\u00e9cialiste propulsion marine depuis 1977\",\"publisher\":{\"@id\":\"https:\\\/\\\/www.francehelices.fr\\\/en\\\/#organization\"},\"potentialAction\":[{\"@type\":\"SearchAction\",\"target\":{\"@type\":\"EntryPoint\",\"urlTemplate\":\"https:\\\/\\\/www.francehelices.fr\\\/en\\\/?s={search_term_string}\"},\"query-input\":{\"@type\":\"PropertyValueSpecification\",\"valueRequired\":true,\"valueName\":\"search_term_string\"}}],\"inLanguage\":\"en-US\"},{\"@type\":[\"Organization\",\"Place\"],\"@id\":\"https:\\\/\\\/www.francehelices.fr\\\/en\\\/#organization\",\"name\":\"FRANCE HELICES\",\"url\":\"https:\\\/\\\/www.francehelices.fr\\\/en\\\/\",\"logo\":{\"@id\":\"https:\\\/\\\/www.francehelices.fr\\\/en\\\/rudders\\\/#local-main-organization-logo\"},\"image\":{\"@id\":\"https:\\\/\\\/www.francehelices.fr\\\/en\\\/rudders\\\/#local-main-organization-logo\"},\"sameAs\":[\"https:\\\/\\\/fr-fr.facebook.com\\\/francehelices\\\/\",\"https:\\\/\\\/x.com\\\/FRANCEHELICES\",\"https:\\\/\\\/www.linkedin.com\\\/company\\\/france-helices-sas\\\/\"],\"telephone\":[],\"openingHoursSpecification\":[{\"@type\":\"OpeningHoursSpecification\",\"dayOfWeek\":[\"Monday\",\"Tuesday\",\"Wednesday\",\"Thursday\",\"Friday\",\"Saturday\",\"Sunday\"],\"opens\":\"09:00\",\"closes\":\"17:00\"}]},{\"@type\":\"ImageObject\",\"inLanguage\":\"en-US\",\"@id\":\"https:\\\/\\\/www.francehelices.fr\\\/en\\\/rudders\\\/#local-main-organization-logo\",\"url\":\"https:\\\/\\\/www.francehelices.fr\\\/wp-content\\\/uploads\\\/societe-2020.jpg\",\"contentUrl\":\"https:\\\/\\\/www.francehelices.fr\\\/wp-content\\\/uploads\\\/societe-2020.jpg\",\"width\":2065,\"height\":1270,\"caption\":\"FRANCE HELICES\"}]}<\/script>\n<!-- \/ Yoast SEO Premium plugin. -->","yoast_head_json":{"title":"RUDDERS - MARINE PROPULSION PRODUCTS FOR BOATS","description":"FRANCE HELICES develops, calculates, designs and manufactures complete packages (shaft line, propeller, bracket, rudder \u2026) in France.","robots":{"index":"index","follow":"follow","max-snippet":"max-snippet:-1","max-image-preview":"max-image-preview:large","max-video-preview":"max-video-preview:-1"},"canonical":"https:\/\/www.francehelices.fr\/en\/rudders\/","og_locale":"en_US","og_type":"article","og_title":"RUDDERS MARINE PROPULSION SYSTEMS","og_description":"FRANCE HELICES manufacture & repair marine propulsion systems since 1977. We ship worldwide. Contact us : info@francehelices.fr","og_url":"https:\/\/www.francehelices.fr\/en\/rudders\/","og_site_name":"France H\u00e9lices | H\u00e9lices et lignes d&#039;arbres pour bateaux moteurs et voiliers","article_publisher":"https:\/\/fr-fr.facebook.com\/francehelices\/","article_modified_time":"2025-06-20T14:15:49+00:00","og_image":[{"width":248,"height":429,"url":"https:\/\/www.francehelices.fr\/wp-content\/uploads\/safran-2.jpg","type":"image\/jpeg"}],"twitter_card":"summary_large_image","twitter_site":"@FRANCEHELICES","twitter_misc":{"Est. reading time":"2 minutes"},"schema":{"@context":"https:\/\/schema.org","@graph":[{"@type":"WebPage","@id":"https:\/\/www.francehelices.fr\/en\/rudders\/","url":"https:\/\/www.francehelices.fr\/en\/rudders\/","name":"RUDDERS - MARINE PROPULSION PRODUCTS FOR BOATS","isPartOf":{"@id":"https:\/\/www.francehelices.fr\/en\/#website"},"primaryImageOfPage":{"@id":"https:\/\/www.francehelices.fr\/en\/rudders\/#primaryimage"},"image":{"@id":"https:\/\/www.francehelices.fr\/en\/rudders\/#primaryimage"},"thumbnailUrl":"https:\/\/www.francehelices.fr\/wp-content\/uploads\/safran-2.jpg","datePublished":"2020-03-03T10:04:49+00:00","dateModified":"2025-06-20T14:15:49+00:00","description":"FRANCE HELICES develops, calculates, designs and manufactures complete packages (shaft line, propeller, bracket, rudder \u2026) in France.","breadcrumb":{"@id":"https:\/\/www.francehelices.fr\/en\/rudders\/#breadcrumb"},"inLanguage":"en-US","potentialAction":[{"@type":"ReadAction","target":["https:\/\/www.francehelices.fr\/en\/rudders\/"]}]},{"@type":"ImageObject","inLanguage":"en-US","@id":"https:\/\/www.francehelices.fr\/en\/rudders\/#primaryimage","url":"https:\/\/www.francehelices.fr\/wp-content\/uploads\/safran-2.jpg","contentUrl":"https:\/\/www.francehelices.fr\/wp-content\/uploads\/safran-2.jpg","width":248,"height":429,"caption":"safran gouvernail bateau"},{"@type":"BreadcrumbList","@id":"https:\/\/www.francehelices.fr\/en\/rudders\/#breadcrumb","itemListElement":[{"@type":"ListItem","position":1,"name":"Accueil","item":"https:\/\/www.francehelices.fr\/en\/"},{"@type":"ListItem","position":2,"name":"RUDDERS"}]},{"@type":"WebSite","@id":"https:\/\/www.francehelices.fr\/en\/#website","url":"https:\/\/www.francehelices.fr\/en\/","name":"France H\u00e9lices | H\u00e9lices et lignes d arbres pour bateaux moteurs et voiliers","description":"Sp\u00e9cialiste propulsion marine depuis 1977","publisher":{"@id":"https:\/\/www.francehelices.fr\/en\/#organization"},"potentialAction":[{"@type":"SearchAction","target":{"@type":"EntryPoint","urlTemplate":"https:\/\/www.francehelices.fr\/en\/?s={search_term_string}"},"query-input":{"@type":"PropertyValueSpecification","valueRequired":true,"valueName":"search_term_string"}}],"inLanguage":"en-US"},{"@type":["Organization","Place"],"@id":"https:\/\/www.francehelices.fr\/en\/#organization","name":"FRANCE HELICES","url":"https:\/\/www.francehelices.fr\/en\/","logo":{"@id":"https:\/\/www.francehelices.fr\/en\/rudders\/#local-main-organization-logo"},"image":{"@id":"https:\/\/www.francehelices.fr\/en\/rudders\/#local-main-organization-logo"},"sameAs":["https:\/\/fr-fr.facebook.com\/francehelices\/","https:\/\/x.com\/FRANCEHELICES","https:\/\/www.linkedin.com\/company\/france-helices-sas\/"],"telephone":[],"openingHoursSpecification":[{"@type":"OpeningHoursSpecification","dayOfWeek":["Monday","Tuesday","Wednesday","Thursday","Friday","Saturday","Sunday"],"opens":"09:00","closes":"17:00"}]},{"@type":"ImageObject","inLanguage":"en-US","@id":"https:\/\/www.francehelices.fr\/en\/rudders\/#local-main-organization-logo","url":"https:\/\/www.francehelices.fr\/wp-content\/uploads\/societe-2020.jpg","contentUrl":"https:\/\/www.francehelices.fr\/wp-content\/uploads\/societe-2020.jpg","width":2065,"height":1270,"caption":"FRANCE HELICES"}]}},"_links":{"self":[{"href":"https:\/\/www.francehelices.fr\/en\/wp-json\/wp\/v2\/pages\/9322","targetHints":{"allow":["GET"]}}],"collection":[{"href":"https:\/\/www.francehelices.fr\/en\/wp-json\/wp\/v2\/pages"}],"about":[{"href":"https:\/\/www.francehelices.fr\/en\/wp-json\/wp\/v2\/types\/page"}],"author":[{"embeddable":true,"href":"https:\/\/www.francehelices.fr\/en\/wp-json\/wp\/v2\/users\/2"}],"replies":[{"embeddable":true,"href":"https:\/\/www.francehelices.fr\/en\/wp-json\/wp\/v2\/comments?post=9322"}],"version-history":[{"count":8,"href":"https:\/\/www.francehelices.fr\/en\/wp-json\/wp\/v2\/pages\/9322\/revisions"}],"predecessor-version":[{"id":24948,"href":"https:\/\/www.francehelices.fr\/en\/wp-json\/wp\/v2\/pages\/9322\/revisions\/24948"}],"wp:featuredmedia":[{"embeddable":true,"href":"https:\/\/www.francehelices.fr\/en\/wp-json\/wp\/v2\/media\/9324"}],"wp:attachment":[{"href":"https:\/\/www.francehelices.fr\/en\/wp-json\/wp\/v2\/media?parent=9322"}],"curies":[{"name":"wp","href":"https:\/\/api.w.org\/{rel}","templated":true}]}}