{"id":9301,"date":"2020-03-03T10:03:26","date_gmt":"2020-03-03T10:03:26","guid":{"rendered":"https:\/\/www.francehelices.fr\/?page_id=9301"},"modified":"2025-06-20T14:15:10","modified_gmt":"2025-06-20T14:15:10","slug":"brackets","status":"publish","type":"page","link":"https:\/\/www.francehelices.fr\/en\/brackets\/","title":{"rendered":"BRACKETS"},"content":{"rendered":"<p>[vc_row][vc_column][vc_column_text el_class=&#8221;beige justify&#8221;]Thanks to a CFD software, FRANCE HELICES designs and manufactures brackets (to be glassed-in or bolted) in bronze or Nibral, and manufacture on model to best adapt to the structure of your hull. Other materials available on request.[\/vc_column_text][vc_row_inner][vc_column_inner width=&#8221;1\/4&#8243;][vc_single_image image=&#8221;8556&#8243; img_size=&#8221;full&#8221; alignment=&#8221;center&#8221;][vc_column_text el_class=&#8221;beige justify&#8221;]<\/p>\n<p style=\"text-align: center;\">CFD Bracket<\/p>\n<p>[\/vc_column_text][\/vc_column_inner][vc_column_inner width=&#8221;1\/4&#8243;][vc_single_image image=&#8221;8306&#8243; img_size=&#8221;full&#8221; alignment=&#8221;center&#8221;][vc_column_text el_class=&#8221;beige justify&#8221;]<\/p>\n<p style=\"text-align: center;\">3D printing pattern for foundry<\/p>\n<p>[\/vc_column_text][\/vc_column_inner][vc_column_inner width=&#8221;1\/4&#8243;][vc_single_image image=&#8221;8172&#8243; img_size=&#8221;full&#8221; alignment=&#8221;center&#8221;][vc_column_text el_class=&#8221;beige justify&#8221;]<\/p>\n<p style=\"text-align: center;\">Bolt-in bracket on 5-axis CNC machine<\/p>\n<p>[\/vc_column_text][\/vc_column_inner][vc_column_inner width=&#8221;1\/4&#8243;][vc_single_image image=&#8221;8174&#8243; img_size=&#8221;full&#8221; alignment=&#8221;center&#8221;][\/vc_column_inner][\/vc_row_inner][\/vc_column][\/vc_row][vc_row full_width=&#8221;stretch_row&#8221; css=&#8221;.vc_custom_1569324555412{padding-top: 20px !important;padding-bottom: 20px !important;}&#8221;][vc_column][vc_column_text el_class=&#8221;beige&#8221;]<\/p>\n<h2><span style=\"color: #857040;\">STANDARD AND MADE TO MEASURE GLASS IN BRACKETS<\/span><\/h2>\n<p>[\/vc_column_text][vc_separator color=&#8221;custom&#8221; align=&#8221;align_left&#8221; accent_color=&#8221;#857040&#8243;][vc_column_text el_class=&#8221;beige justify&#8221;]Standard glass-in brackets are available at short notice.[\/vc_column_text][vc_row_inner][vc_column_inner width=&#8221;1\/3&#8243;][vc_single_image image=&#8221;8196&#8243; img_size=&#8221;full&#8221; alignment=&#8221;center&#8221;][\/vc_column_inner][vc_column_inner width=&#8221;1\/3&#8243;][vc_single_image image=&#8221;8742&#8243; img_size=&#8221;full&#8221; el_class=&#8221;p-right&#8221;][\/vc_column_inner][vc_column_inner width=&#8221;1\/3&#8243;][vc_column_text el_class=&#8221;beige justify&#8221;]We manufacture glass-in brackets to model or to plan to fit the ship perfectly.[\/vc_column_text][vc_btn title=&#8221;LEARN MORE&#8221; color=&#8221;info&#8221; align=&#8221;left&#8221; link=&#8221;url:https%3A%2F%2Ffr.calameo.com%2Fread%2F0054663055b4604656169%3Fpage%3D68|title:Reparation|target:%20_blank|&#8221;][\/vc_column_inner][\/vc_row_inner][\/vc_column][\/vc_row][vc_row full_width=&#8221;stretch_row&#8221; css=&#8221;.vc_custom_1579188089335{padding-top: 20px !important;padding-bottom: 30px !important;}&#8221;][vc_column][vc_column_text el_class=&#8221;beige&#8221;]<\/p>\n<h2><span style=\"color: #857040;\">STANDARD AND CUSTOM BOLT-ON BRACKETS<\/span><\/h2>\n<p>[\/vc_column_text][vc_separator color=&#8221;custom&#8221; align=&#8221;align_left&#8221; accent_color=&#8221;#857040&#8243;][vc_row_inner][vc_column_inner width=&#8221;1\/3&#8243;][vc_single_image image=&#8221;8197&#8243; img_size=&#8221;full&#8221; alignment=&#8221;center&#8221;][\/vc_column_inner][vc_column_inner width=&#8221;1\/3&#8243;][vc_single_image image=&#8221;8744&#8243; img_size=&#8221;full&#8221; alignment=&#8221;center&#8221; el_class=&#8221;p-right&#8221;][\/vc_column_inner][vc_column_inner width=&#8221;1\/3&#8243;][vc_single_image image=&#8221;8745&#8243; img_size=&#8221;full&#8221; alignment=&#8221;center&#8221; el_class=&#8221;p-right&#8221;][\/vc_column_inner][\/vc_row_inner][vc_row_inner][vc_column_inner][vc_column_text el_class=&#8221;beige justify&#8221;]Standard bolt-on brackets are available at short notice.<\/p>\n<p>Due to the variety of hull angles and engine positions, and depending on the material required, we manufacture bolt-on brackets on request.[\/vc_column_text][vc_btn title=&#8221;LEARN MORE&#8221; color=&#8221;info&#8221; align=&#8221;left&#8221; link=&#8221;url:https%3A%2F%2Ffr.calameo.com%2Fread%2F0054663055b4604656169%3Fpage%3D69|title:Reparation|target:%20_blank|&#8221;][\/vc_column_inner][\/vc_row_inner][\/vc_column][\/vc_row]<\/p>\n","protected":false},"excerpt":{"rendered":"<p>[vc_row][vc_column][vc_column_text el_class=&#8221;beige justify&#8221;]Thanks to a CFD software, FRANCE HELICES designs and manufactures brackets (to be glassed-in or bolted) in bronze or Nibral, and manufacture on model to best adapt to the structure of your hull. Other materials available on request.[\/vc_column_text][vc_row_inner][vc_column_inner width=&#8221;1\/4&#8243;][vc_single_image image=&#8221;8556&#8243; img_size=&#8221;full&#8221; alignment=&#8221;center&#8221;][vc_column_text el_class=&#8221;beige justify&#8221;] CFD Bracket [\/vc_column_text][\/vc_column_inner][vc_column_inner width=&#8221;1\/4&#8243;][vc_single_image image=&#8221;8306&#8243; img_size=&#8221;full&#8221; alignment=&#8221;center&#8221;][vc_column_text el_class=&#8221;beige justify&#8221;]&hellip;&nbsp;<\/p>\n","protected":false},"author":2,"featured_media":18478,"parent":0,"menu_order":0,"comment_status":"closed","ping_status":"closed","template":"","meta":{"_crdt_document":"","neve_meta_sidebar":"","neve_meta_container":"","neve_meta_enable_content_width":"","neve_meta_content_width":0,"neve_meta_title_alignment":"","neve_meta_author_avatar":"","neve_post_elements_order":"","neve_meta_disable_header":"","neve_meta_disable_footer":"","neve_meta_disable_title":"","footnotes":""},"class_list":["post-9301","page","type-page","status-publish","has-post-thumbnail","hentry"],"yoast_head":"<!-- This site is optimized with the Yoast SEO Premium plugin v27.3 (Yoast SEO v27.4) - https:\/\/yoast.com\/product\/yoast-seo-premium-wordpress\/ -->\n<title>BRACKETS - MARINE PROPULSION PRODUCTS FOR BOATS<\/title>\n<meta name=\"description\" content=\"FRANCE HELICES develops, calculates, designs and manufactures complete packages (shaft lines, propellers, brackets, rudders \u2026) for boats.\" \/>\n<meta name=\"robots\" content=\"index, follow, max-snippet:-1, max-image-preview:large, max-video-preview:-1\" \/>\n<link rel=\"canonical\" href=\"https:\/\/www.francehelices.fr\/en\/brackets\/\" \/>\n<meta property=\"og:locale\" content=\"en_US\" \/>\n<meta property=\"og:type\" content=\"article\" \/>\n<meta property=\"og:title\" content=\"BRACKETS MARINE PROPULSION SYSTEMS\" \/>\n<meta property=\"og:description\" content=\"FRANCE HELICES manufacture &amp; repair marine propulsion systems since 1977. We ship worldwide. Contact us : info@francehelices.fr\" \/>\n<meta property=\"og:url\" content=\"https:\/\/www.francehelices.fr\/en\/brackets\/\" \/>\n<meta property=\"og:site_name\" content=\"France H\u00e9lices | H\u00e9lices et lignes d&#039;arbres pour bateaux moteurs et voiliers\" \/>\n<meta property=\"article:publisher\" content=\"https:\/\/fr-fr.facebook.com\/francehelices\/\" \/>\n<meta property=\"article:modified_time\" content=\"2025-06-20T14:15:10+00:00\" \/>\n<meta property=\"og:image\" content=\"https:\/\/www.francehelices.fr\/wp-content\/uploads\/CHAISE-V-NAIVRE-36-METRES-scaled.jpg\" \/>\n\t<meta property=\"og:image:width\" content=\"2560\" \/>\n\t<meta property=\"og:image:height\" content=\"1920\" \/>\n\t<meta property=\"og:image:type\" content=\"image\/jpeg\" \/>\n<meta name=\"twitter:card\" content=\"summary_large_image\" \/>\n<meta name=\"twitter:site\" content=\"@FRANCEHELICES\" \/>\n<meta name=\"twitter:label1\" content=\"Est. reading time\" \/>\n\t<meta name=\"twitter:data1\" content=\"2 minutes\" \/>\n<script type=\"application\/ld+json\" class=\"yoast-schema-graph\">{\"@context\":\"https:\\\/\\\/schema.org\",\"@graph\":[{\"@type\":\"WebPage\",\"@id\":\"https:\\\/\\\/www.francehelices.fr\\\/en\\\/brackets\\\/\",\"url\":\"https:\\\/\\\/www.francehelices.fr\\\/en\\\/brackets\\\/\",\"name\":\"BRACKETS - MARINE PROPULSION PRODUCTS FOR BOATS\",\"isPartOf\":{\"@id\":\"https:\\\/\\\/www.francehelices.fr\\\/en\\\/#website\"},\"primaryImageOfPage\":{\"@id\":\"https:\\\/\\\/www.francehelices.fr\\\/en\\\/brackets\\\/#primaryimage\"},\"image\":{\"@id\":\"https:\\\/\\\/www.francehelices.fr\\\/en\\\/brackets\\\/#primaryimage\"},\"thumbnailUrl\":\"https:\\\/\\\/www.francehelices.fr\\\/wp-content\\\/uploads\\\/CHAISE-V-NAIVRE-36-METRES-scaled.jpg\",\"datePublished\":\"2020-03-03T10:03:26+00:00\",\"dateModified\":\"2025-06-20T14:15:10+00:00\",\"description\":\"FRANCE HELICES develops, calculates, designs and manufactures complete packages (shaft lines, propellers, brackets, rudders \u2026) for boats.\",\"breadcrumb\":{\"@id\":\"https:\\\/\\\/www.francehelices.fr\\\/en\\\/brackets\\\/#breadcrumb\"},\"inLanguage\":\"en-US\",\"potentialAction\":[{\"@type\":\"ReadAction\",\"target\":[\"https:\\\/\\\/www.francehelices.fr\\\/en\\\/brackets\\\/\"]}]},{\"@type\":\"ImageObject\",\"inLanguage\":\"en-US\",\"@id\":\"https:\\\/\\\/www.francehelices.fr\\\/en\\\/brackets\\\/#primaryimage\",\"url\":\"https:\\\/\\\/www.francehelices.fr\\\/wp-content\\\/uploads\\\/CHAISE-V-NAIVRE-36-METRES-scaled.jpg\",\"contentUrl\":\"https:\\\/\\\/www.francehelices.fr\\\/wp-content\\\/uploads\\\/CHAISE-V-NAIVRE-36-METRES-scaled.jpg\",\"width\":2560,\"height\":1920,\"caption\":\"chaise arbre porte helice\"},{\"@type\":\"BreadcrumbList\",\"@id\":\"https:\\\/\\\/www.francehelices.fr\\\/en\\\/brackets\\\/#breadcrumb\",\"itemListElement\":[{\"@type\":\"ListItem\",\"position\":1,\"name\":\"Accueil\",\"item\":\"https:\\\/\\\/www.francehelices.fr\\\/en\\\/\"},{\"@type\":\"ListItem\",\"position\":2,\"name\":\"BRACKETS\"}]},{\"@type\":\"WebSite\",\"@id\":\"https:\\\/\\\/www.francehelices.fr\\\/en\\\/#website\",\"url\":\"https:\\\/\\\/www.francehelices.fr\\\/en\\\/\",\"name\":\"France H\u00e9lices | H\u00e9lices et lignes d arbres pour bateaux moteurs et voiliers\",\"description\":\"Sp\u00e9cialiste propulsion marine depuis 1977\",\"publisher\":{\"@id\":\"https:\\\/\\\/www.francehelices.fr\\\/en\\\/#organization\"},\"potentialAction\":[{\"@type\":\"SearchAction\",\"target\":{\"@type\":\"EntryPoint\",\"urlTemplate\":\"https:\\\/\\\/www.francehelices.fr\\\/en\\\/?s={search_term_string}\"},\"query-input\":{\"@type\":\"PropertyValueSpecification\",\"valueRequired\":true,\"valueName\":\"search_term_string\"}}],\"inLanguage\":\"en-US\"},{\"@type\":[\"Organization\",\"Place\"],\"@id\":\"https:\\\/\\\/www.francehelices.fr\\\/en\\\/#organization\",\"name\":\"FRANCE HELICES\",\"url\":\"https:\\\/\\\/www.francehelices.fr\\\/en\\\/\",\"logo\":{\"@id\":\"https:\\\/\\\/www.francehelices.fr\\\/en\\\/brackets\\\/#local-main-organization-logo\"},\"image\":{\"@id\":\"https:\\\/\\\/www.francehelices.fr\\\/en\\\/brackets\\\/#local-main-organization-logo\"},\"sameAs\":[\"https:\\\/\\\/fr-fr.facebook.com\\\/francehelices\\\/\",\"https:\\\/\\\/x.com\\\/FRANCEHELICES\",\"https:\\\/\\\/www.linkedin.com\\\/company\\\/france-helices-sas\\\/\"],\"telephone\":[],\"openingHoursSpecification\":[{\"@type\":\"OpeningHoursSpecification\",\"dayOfWeek\":[\"Monday\",\"Tuesday\",\"Wednesday\",\"Thursday\",\"Friday\",\"Saturday\",\"Sunday\"],\"opens\":\"09:00\",\"closes\":\"17:00\"}]},{\"@type\":\"ImageObject\",\"inLanguage\":\"en-US\",\"@id\":\"https:\\\/\\\/www.francehelices.fr\\\/en\\\/brackets\\\/#local-main-organization-logo\",\"url\":\"https:\\\/\\\/www.francehelices.fr\\\/wp-content\\\/uploads\\\/societe-2020.jpg\",\"contentUrl\":\"https:\\\/\\\/www.francehelices.fr\\\/wp-content\\\/uploads\\\/societe-2020.jpg\",\"width\":2065,\"height\":1270,\"caption\":\"FRANCE HELICES\"}]}<\/script>\n<!-- \/ Yoast SEO Premium plugin. -->","yoast_head_json":{"title":"BRACKETS - MARINE PROPULSION PRODUCTS FOR BOATS","description":"FRANCE HELICES develops, calculates, designs and manufactures complete packages (shaft lines, propellers, brackets, rudders \u2026) for boats.","robots":{"index":"index","follow":"follow","max-snippet":"max-snippet:-1","max-image-preview":"max-image-preview:large","max-video-preview":"max-video-preview:-1"},"canonical":"https:\/\/www.francehelices.fr\/en\/brackets\/","og_locale":"en_US","og_type":"article","og_title":"BRACKETS MARINE PROPULSION SYSTEMS","og_description":"FRANCE HELICES manufacture & repair marine propulsion systems since 1977. We ship worldwide. Contact us : info@francehelices.fr","og_url":"https:\/\/www.francehelices.fr\/en\/brackets\/","og_site_name":"France H\u00e9lices | H\u00e9lices et lignes d&#039;arbres pour bateaux moteurs et voiliers","article_publisher":"https:\/\/fr-fr.facebook.com\/francehelices\/","article_modified_time":"2025-06-20T14:15:10+00:00","og_image":[{"width":2560,"height":1920,"url":"https:\/\/www.francehelices.fr\/wp-content\/uploads\/CHAISE-V-NAIVRE-36-METRES-scaled.jpg","type":"image\/jpeg"}],"twitter_card":"summary_large_image","twitter_site":"@FRANCEHELICES","twitter_misc":{"Est. reading time":"2 minutes"},"schema":{"@context":"https:\/\/schema.org","@graph":[{"@type":"WebPage","@id":"https:\/\/www.francehelices.fr\/en\/brackets\/","url":"https:\/\/www.francehelices.fr\/en\/brackets\/","name":"BRACKETS - MARINE PROPULSION PRODUCTS FOR BOATS","isPartOf":{"@id":"https:\/\/www.francehelices.fr\/en\/#website"},"primaryImageOfPage":{"@id":"https:\/\/www.francehelices.fr\/en\/brackets\/#primaryimage"},"image":{"@id":"https:\/\/www.francehelices.fr\/en\/brackets\/#primaryimage"},"thumbnailUrl":"https:\/\/www.francehelices.fr\/wp-content\/uploads\/CHAISE-V-NAIVRE-36-METRES-scaled.jpg","datePublished":"2020-03-03T10:03:26+00:00","dateModified":"2025-06-20T14:15:10+00:00","description":"FRANCE HELICES develops, calculates, designs and manufactures complete packages (shaft lines, propellers, brackets, rudders \u2026) for boats.","breadcrumb":{"@id":"https:\/\/www.francehelices.fr\/en\/brackets\/#breadcrumb"},"inLanguage":"en-US","potentialAction":[{"@type":"ReadAction","target":["https:\/\/www.francehelices.fr\/en\/brackets\/"]}]},{"@type":"ImageObject","inLanguage":"en-US","@id":"https:\/\/www.francehelices.fr\/en\/brackets\/#primaryimage","url":"https:\/\/www.francehelices.fr\/wp-content\/uploads\/CHAISE-V-NAIVRE-36-METRES-scaled.jpg","contentUrl":"https:\/\/www.francehelices.fr\/wp-content\/uploads\/CHAISE-V-NAIVRE-36-METRES-scaled.jpg","width":2560,"height":1920,"caption":"chaise arbre porte helice"},{"@type":"BreadcrumbList","@id":"https:\/\/www.francehelices.fr\/en\/brackets\/#breadcrumb","itemListElement":[{"@type":"ListItem","position":1,"name":"Accueil","item":"https:\/\/www.francehelices.fr\/en\/"},{"@type":"ListItem","position":2,"name":"BRACKETS"}]},{"@type":"WebSite","@id":"https:\/\/www.francehelices.fr\/en\/#website","url":"https:\/\/www.francehelices.fr\/en\/","name":"France H\u00e9lices | H\u00e9lices et lignes d arbres pour bateaux moteurs et voiliers","description":"Sp\u00e9cialiste propulsion marine depuis 1977","publisher":{"@id":"https:\/\/www.francehelices.fr\/en\/#organization"},"potentialAction":[{"@type":"SearchAction","target":{"@type":"EntryPoint","urlTemplate":"https:\/\/www.francehelices.fr\/en\/?s={search_term_string}"},"query-input":{"@type":"PropertyValueSpecification","valueRequired":true,"valueName":"search_term_string"}}],"inLanguage":"en-US"},{"@type":["Organization","Place"],"@id":"https:\/\/www.francehelices.fr\/en\/#organization","name":"FRANCE HELICES","url":"https:\/\/www.francehelices.fr\/en\/","logo":{"@id":"https:\/\/www.francehelices.fr\/en\/brackets\/#local-main-organization-logo"},"image":{"@id":"https:\/\/www.francehelices.fr\/en\/brackets\/#local-main-organization-logo"},"sameAs":["https:\/\/fr-fr.facebook.com\/francehelices\/","https:\/\/x.com\/FRANCEHELICES","https:\/\/www.linkedin.com\/company\/france-helices-sas\/"],"telephone":[],"openingHoursSpecification":[{"@type":"OpeningHoursSpecification","dayOfWeek":["Monday","Tuesday","Wednesday","Thursday","Friday","Saturday","Sunday"],"opens":"09:00","closes":"17:00"}]},{"@type":"ImageObject","inLanguage":"en-US","@id":"https:\/\/www.francehelices.fr\/en\/brackets\/#local-main-organization-logo","url":"https:\/\/www.francehelices.fr\/wp-content\/uploads\/societe-2020.jpg","contentUrl":"https:\/\/www.francehelices.fr\/wp-content\/uploads\/societe-2020.jpg","width":2065,"height":1270,"caption":"FRANCE HELICES"}]}},"_links":{"self":[{"href":"https:\/\/www.francehelices.fr\/en\/wp-json\/wp\/v2\/pages\/9301","targetHints":{"allow":["GET"]}}],"collection":[{"href":"https:\/\/www.francehelices.fr\/en\/wp-json\/wp\/v2\/pages"}],"about":[{"href":"https:\/\/www.francehelices.fr\/en\/wp-json\/wp\/v2\/types\/page"}],"author":[{"embeddable":true,"href":"https:\/\/www.francehelices.fr\/en\/wp-json\/wp\/v2\/users\/2"}],"replies":[{"embeddable":true,"href":"https:\/\/www.francehelices.fr\/en\/wp-json\/wp\/v2\/comments?post=9301"}],"version-history":[{"count":8,"href":"https:\/\/www.francehelices.fr\/en\/wp-json\/wp\/v2\/pages\/9301\/revisions"}],"predecessor-version":[{"id":24947,"href":"https:\/\/www.francehelices.fr\/en\/wp-json\/wp\/v2\/pages\/9301\/revisions\/24947"}],"wp:featuredmedia":[{"embeddable":true,"href":"https:\/\/www.francehelices.fr\/en\/wp-json\/wp\/v2\/media\/18478"}],"wp:attachment":[{"href":"https:\/\/www.francehelices.fr\/en\/wp-json\/wp\/v2\/media?parent=9301"}],"curies":[{"name":"wp","href":"https:\/\/api.w.org\/{rel}","templated":true}]}}