{"id":9289,"date":"2020-03-03T10:02:34","date_gmt":"2020-03-03T10:02:34","guid":{"rendered":"https:\/\/www.francehelices.fr\/?page_id=9289"},"modified":"2025-06-20T14:14:44","modified_gmt":"2025-06-20T14:14:44","slug":"shaft-lines","status":"publish","type":"page","link":"https:\/\/www.francehelices.fr\/en\/shaft-lines\/","title":{"rendered":"SHAFT LINES"},"content":{"rendered":"<p>[vc_row full_width=&#8221;stretch_row&#8221; css=&#8221;.vc_custom_1569324541625{padding-top: 20px !important;padding-bottom: 20px !important;}&#8221;][vc_column][vc_column_text el_class=&#8221;beige&#8221;]<\/p>\n<h2><span style=\"color: #857040;\">PROPELLER SHAFTS<\/span><\/h2>\n<p>[\/vc_column_text][vc_separator color=&#8221;custom&#8221; align=&#8221;align_left&#8221; accent_color=&#8221;#857040&#8243;][vc_column_text el_class=&#8221;beige justify&#8221;]FRANCE HELICES manufactures standard and customized shafts, monoconic or biconic according to your needs.<\/p>\n<ul>\n<li>Diameter : from 22 to 200 mm<\/li>\n<li>Length: maximum up to 12 m<\/li>\n<\/ul>\n<p>In order to process your order in a short time, FRANCE HELICES has a large stock of raw materials in 316L and Uranus 45N, any other material on request.[\/vc_column_text][vc_column_text el_class=&#8221;beige justify&#8221; css=&#8221;.vc_custom_1576075533562{background-color: rgba(0,0,0,0.01) !important;*background-color: rgb(0,0,0) !important;}&#8221;]<img loading=\"lazy\" decoding=\"async\" class=\"alignleft size-full wp-image-8158\" src=\"https:\/\/www.francehelices.fr\/wp-content\/uploads\/ligne-arbre-1.png\" alt=\"\" width=\"347\" height=\"231\" \/><img loading=\"lazy\" decoding=\"async\" class=\"alignleft size-medium wp-image-8159\" src=\"https:\/\/www.francehelices.fr\/wp-content\/uploads\/ligne-arbre-2.jpg\" alt=\"\" width=\"347\" height=\"231\" \/><img loading=\"lazy\" decoding=\"async\" class=\"alignleft size-full wp-image-8549\" src=\"https:\/\/www.francehelices.fr\/wp-content\/uploads\/ligne-arbre-3.jpg\" alt=\"\" width=\"347\" height=\"231\" \/>[\/vc_column_text][vc_column_text el_class=&#8221;beige justify&#8221;]For any classification request, please mention it when ordering.<\/p>\n<p>We also propose: geometrical and dimensional control, straightening, adjustment, taper lapping, keyway control.<br \/>\nStandard shaft lines are available at short notice, please <a href=\"https:\/\/www.francehelices.net\/\" target=\"_blank\" rel=\"noopener noreferrer\">consult our spare parts store.<\/a>[\/vc_column_text][vc_btn title=&#8221;LEARN MORE&#8221; color=&#8221;info&#8221; align=&#8221;left&#8221; link=&#8221;url:https%3A%2F%2Ffr.calameo.com%2Fread%2F0054663055b4604656169%3Fpage%3D52|title:Reparation|target:%20_blank|&#8221;][vc_btn title=&#8221;CONTACT&#8221; color=&#8221;info&#8221; align=&#8221;left&#8221; link=&#8221;url:https%3A%2F%2Fwww.francehelices.fr%2Fen%2Fcontact-uk%2F|title:Reparation||&#8221;][\/vc_column][\/vc_row][vc_row full_width=&#8221;stretch_row&#8221; css=&#8221;.vc_custom_1569324548904{padding-top: 20px !important;padding-bottom: 20px !important;}&#8221;][vc_column][vc_column_text el_class=&#8221;beige&#8221;]<\/p>\n<h2><span style=\"color: #857040;\">OIL LUBRICATED SHAFT LINES<\/span><\/h2>\n<p>[\/vc_column_text][vc_separator color=&#8221;custom&#8221; align=&#8221;align_left&#8221; accent_color=&#8221;#857040&#8243;][vc_row_inner gap=&#8221;30&#8243;][vc_column_inner width=&#8221;1\/2&#8243;][vc_column_text el_class=&#8221;beige justify&#8221;]The oil-lubricated shaft lines are designed to meet the highest demands in professional environments. The shaft, in 42CD4, and the stern tube, include in the standard supply a tank under load as well as front and rear seals.[\/vc_column_text][vc_btn title=&#8221;LEARN MORE&#8221; color=&#8221;info&#8221; align=&#8221;left&#8221; link=&#8221;url:https%3A%2F%2Ffr.calameo.com%2Fread%2F0054663055b4604656169%3Fpage%3D52|title:Reparation|target:%20_blank|&#8221;][vc_btn title=&#8221;CONTACT&#8221; color=&#8221;info&#8221; align=&#8221;left&#8221; link=&#8221;url:https%3A%2F%2Fwww.francehelices.fr%2Fen%2Fcontact-uk%2F|title:Reparation||&#8221;][\/vc_column_inner][vc_column_inner width=&#8221;1\/2&#8243;][vc_gallery type=&#8221;flexslider_slide&#8221; interval=&#8221;5&#8243; images=&#8221;8811,8813,8814&#8243; img_size=&#8221;full&#8221;][\/vc_column_inner][\/vc_row_inner][\/vc_column][\/vc_row][vc_row full_width=&#8221;stretch_row&#8221; css=&#8221;.vc_custom_1569324555412{padding-top: 20px !important;padding-bottom: 20px !important;}&#8221;][vc_column][vc_column_text el_class=&#8221;beige&#8221;]<\/p>\n<h2><span style=\"color: #857040;\">SPARE PARTS FOR OIL LUBRICATED SHAFT LINE<\/span><\/h2>\n<p>[\/vc_column_text][vc_separator color=&#8221;custom&#8221; align=&#8221;align_left&#8221; accent_color=&#8221;#857040&#8243;][vc_column_text el_class=&#8221;beige justify&#8221;]Large stock of spare parts for oil-lubricated shafts:<\/p>\n<ul>\n<li>Thrust ring<\/li>\n<li>Shaft sealing ring double lip and bellows seal<\/li>\n<li>Shaft sealing ring<\/li>\n<li>Front sealing ring<\/li>\n<li>Front sealing ring<\/li>\n<li>Lock washer<\/li>\n<li>Rear sealing assembly<\/li>\n<li>Rear bearing<\/li>\n<li>Rear friction ring<\/li>\n<\/ul>\n<p>[\/vc_column_text][vc_btn title=&#8221;LEARN MORE&#8221; color=&#8221;info&#8221; align=&#8221;left&#8221; link=&#8221;url:https%3A%2F%2Ffr.calameo.com%2Fread%2F0054663055b4604656169%3Fpage%3D55|title:Reparation|target:%20_blank|&#8221;][vc_btn title=&#8221;CONTACT&#8221; color=&#8221;info&#8221; align=&#8221;left&#8221; link=&#8221;url:https%3A%2F%2Fwww.francehelices.fr%2Fen%2Fcontact-uk%2F|title:Reparation||&#8221;][\/vc_column][\/vc_row]<\/p>\n","protected":false},"excerpt":{"rendered":"<p>[vc_row full_width=&#8221;stretch_row&#8221; css=&#8221;.vc_custom_1569324541625{padding-top: 20px !important;padding-bottom: 20px !important;}&#8221;][vc_column][vc_column_text el_class=&#8221;beige&#8221;] PROPELLER SHAFTS [\/vc_column_text][vc_separator color=&#8221;custom&#8221; align=&#8221;align_left&#8221; accent_color=&#8221;#857040&#8243;][vc_column_text el_class=&#8221;beige justify&#8221;]FRANCE HELICES manufactures standard and customized shafts, monoconic or biconic according to your needs. Diameter : from 22 to 200 mm Length: maximum up to 12 m In order to process your order in a short time, FRANCE HELICES has&hellip;&nbsp;<\/p>\n","protected":false},"author":2,"featured_media":18806,"parent":0,"menu_order":0,"comment_status":"closed","ping_status":"closed","template":"","meta":{"_crdt_document":"","neve_meta_sidebar":"","neve_meta_container":"","neve_meta_enable_content_width":"","neve_meta_content_width":0,"neve_meta_title_alignment":"","neve_meta_author_avatar":"","neve_post_elements_order":"","neve_meta_disable_header":"","neve_meta_disable_footer":"","neve_meta_disable_title":"","footnotes":""},"class_list":["post-9289","page","type-page","status-publish","has-post-thumbnail","hentry"],"yoast_head":"<!-- This site is optimized with the Yoast SEO Premium plugin v27.3 (Yoast SEO v27.4) - https:\/\/yoast.com\/product\/yoast-seo-premium-wordpress\/ -->\n<title>SHAFT LINES - MARINE PROPULSION PRODUCTS FOR BOATS<\/title>\n<meta name=\"description\" content=\"FRANCE HELICES develops, calculates, designs and manufactures complete packages (shaft line, propeller, bracket, rudder\u2026) for boats.\" \/>\n<meta name=\"robots\" content=\"index, follow, max-snippet:-1, max-image-preview:large, max-video-preview:-1\" \/>\n<link rel=\"canonical\" href=\"https:\/\/www.francehelices.fr\/en\/shaft-lines\/\" \/>\n<meta property=\"og:locale\" content=\"en_US\" \/>\n<meta property=\"og:type\" content=\"article\" \/>\n<meta property=\"og:title\" content=\"SHAFT LINES MARINE PROPULSION SYSTEMS\" \/>\n<meta property=\"og:description\" content=\"FRANCE HELICES manufacture &amp; repair marine propulsion systems since 1977. We ship worldwide. Contact us : info@francehelices.fr\" \/>\n<meta property=\"og:url\" content=\"https:\/\/www.francehelices.fr\/en\/shaft-lines\/\" \/>\n<meta property=\"og:site_name\" content=\"France H\u00e9lices | H\u00e9lices et lignes d&#039;arbres pour bateaux moteurs et voiliers\" \/>\n<meta property=\"article:publisher\" content=\"https:\/\/fr-fr.facebook.com\/francehelices\/\" \/>\n<meta property=\"article:modified_time\" content=\"2025-06-20T14:14:44+00:00\" \/>\n<meta property=\"og:image\" content=\"https:\/\/www.francehelices.fr\/wp-content\/uploads\/ARBRE-PORTE-HELICE-1.jpg\" \/>\n\t<meta property=\"og:image:width\" content=\"2160\" \/>\n\t<meta property=\"og:image:height\" content=\"2160\" \/>\n\t<meta property=\"og:image:type\" content=\"image\/jpeg\" \/>\n<meta name=\"twitter:card\" content=\"summary_large_image\" \/>\n<meta name=\"twitter:site\" content=\"@FRANCEHELICES\" \/>\n<meta name=\"twitter:label1\" content=\"Est. reading time\" \/>\n\t<meta name=\"twitter:data1\" content=\"3 minutes\" \/>\n<script type=\"application\/ld+json\" class=\"yoast-schema-graph\">{\"@context\":\"https:\\\/\\\/schema.org\",\"@graph\":[{\"@type\":\"WebPage\",\"@id\":\"https:\\\/\\\/www.francehelices.fr\\\/en\\\/shaft-lines\\\/\",\"url\":\"https:\\\/\\\/www.francehelices.fr\\\/en\\\/shaft-lines\\\/\",\"name\":\"SHAFT LINES - MARINE PROPULSION PRODUCTS FOR BOATS\",\"isPartOf\":{\"@id\":\"https:\\\/\\\/www.francehelices.fr\\\/en\\\/#website\"},\"primaryImageOfPage\":{\"@id\":\"https:\\\/\\\/www.francehelices.fr\\\/en\\\/shaft-lines\\\/#primaryimage\"},\"image\":{\"@id\":\"https:\\\/\\\/www.francehelices.fr\\\/en\\\/shaft-lines\\\/#primaryimage\"},\"thumbnailUrl\":\"https:\\\/\\\/www.francehelices.fr\\\/wp-content\\\/uploads\\\/ARBRE-PORTE-HELICE-1.jpg\",\"datePublished\":\"2020-03-03T10:02:34+00:00\",\"dateModified\":\"2025-06-20T14:14:44+00:00\",\"description\":\"FRANCE HELICES develops, calculates, designs and manufactures complete packages (shaft line, propeller, bracket, rudder\u2026) for boats.\",\"breadcrumb\":{\"@id\":\"https:\\\/\\\/www.francehelices.fr\\\/en\\\/shaft-lines\\\/#breadcrumb\"},\"inLanguage\":\"en-US\",\"potentialAction\":[{\"@type\":\"ReadAction\",\"target\":[\"https:\\\/\\\/www.francehelices.fr\\\/en\\\/shaft-lines\\\/\"]}]},{\"@type\":\"ImageObject\",\"inLanguage\":\"en-US\",\"@id\":\"https:\\\/\\\/www.francehelices.fr\\\/en\\\/shaft-lines\\\/#primaryimage\",\"url\":\"https:\\\/\\\/www.francehelices.fr\\\/wp-content\\\/uploads\\\/ARBRE-PORTE-HELICE-1.jpg\",\"contentUrl\":\"https:\\\/\\\/www.francehelices.fr\\\/wp-content\\\/uploads\\\/ARBRE-PORTE-HELICE-1.jpg\",\"width\":2160,\"height\":2160,\"caption\":\"arbre porte helice\"},{\"@type\":\"BreadcrumbList\",\"@id\":\"https:\\\/\\\/www.francehelices.fr\\\/en\\\/shaft-lines\\\/#breadcrumb\",\"itemListElement\":[{\"@type\":\"ListItem\",\"position\":1,\"name\":\"Accueil\",\"item\":\"https:\\\/\\\/www.francehelices.fr\\\/en\\\/\"},{\"@type\":\"ListItem\",\"position\":2,\"name\":\"SHAFT LINES\"}]},{\"@type\":\"WebSite\",\"@id\":\"https:\\\/\\\/www.francehelices.fr\\\/en\\\/#website\",\"url\":\"https:\\\/\\\/www.francehelices.fr\\\/en\\\/\",\"name\":\"France H\u00e9lices | H\u00e9lices et lignes d arbres pour bateaux moteurs et voiliers\",\"description\":\"Sp\u00e9cialiste propulsion marine depuis 1977\",\"publisher\":{\"@id\":\"https:\\\/\\\/www.francehelices.fr\\\/en\\\/#organization\"},\"potentialAction\":[{\"@type\":\"SearchAction\",\"target\":{\"@type\":\"EntryPoint\",\"urlTemplate\":\"https:\\\/\\\/www.francehelices.fr\\\/en\\\/?s={search_term_string}\"},\"query-input\":{\"@type\":\"PropertyValueSpecification\",\"valueRequired\":true,\"valueName\":\"search_term_string\"}}],\"inLanguage\":\"en-US\"},{\"@type\":[\"Organization\",\"Place\"],\"@id\":\"https:\\\/\\\/www.francehelices.fr\\\/en\\\/#organization\",\"name\":\"FRANCE HELICES\",\"url\":\"https:\\\/\\\/www.francehelices.fr\\\/en\\\/\",\"logo\":{\"@id\":\"https:\\\/\\\/www.francehelices.fr\\\/en\\\/shaft-lines\\\/#local-main-organization-logo\"},\"image\":{\"@id\":\"https:\\\/\\\/www.francehelices.fr\\\/en\\\/shaft-lines\\\/#local-main-organization-logo\"},\"sameAs\":[\"https:\\\/\\\/fr-fr.facebook.com\\\/francehelices\\\/\",\"https:\\\/\\\/x.com\\\/FRANCEHELICES\",\"https:\\\/\\\/www.linkedin.com\\\/company\\\/france-helices-sas\\\/\"],\"telephone\":[],\"openingHoursSpecification\":[{\"@type\":\"OpeningHoursSpecification\",\"dayOfWeek\":[\"Monday\",\"Tuesday\",\"Wednesday\",\"Thursday\",\"Friday\",\"Saturday\",\"Sunday\"],\"opens\":\"09:00\",\"closes\":\"17:00\"}]},{\"@type\":\"ImageObject\",\"inLanguage\":\"en-US\",\"@id\":\"https:\\\/\\\/www.francehelices.fr\\\/en\\\/shaft-lines\\\/#local-main-organization-logo\",\"url\":\"https:\\\/\\\/www.francehelices.fr\\\/wp-content\\\/uploads\\\/societe-2020.jpg\",\"contentUrl\":\"https:\\\/\\\/www.francehelices.fr\\\/wp-content\\\/uploads\\\/societe-2020.jpg\",\"width\":2065,\"height\":1270,\"caption\":\"FRANCE HELICES\"}]}<\/script>\n<!-- \/ Yoast SEO Premium plugin. -->","yoast_head_json":{"title":"SHAFT LINES - MARINE PROPULSION PRODUCTS FOR BOATS","description":"FRANCE HELICES develops, calculates, designs and manufactures complete packages (shaft line, propeller, bracket, rudder\u2026) for boats.","robots":{"index":"index","follow":"follow","max-snippet":"max-snippet:-1","max-image-preview":"max-image-preview:large","max-video-preview":"max-video-preview:-1"},"canonical":"https:\/\/www.francehelices.fr\/en\/shaft-lines\/","og_locale":"en_US","og_type":"article","og_title":"SHAFT LINES MARINE PROPULSION SYSTEMS","og_description":"FRANCE HELICES manufacture & repair marine propulsion systems since 1977. We ship worldwide. Contact us : info@francehelices.fr","og_url":"https:\/\/www.francehelices.fr\/en\/shaft-lines\/","og_site_name":"France H\u00e9lices | H\u00e9lices et lignes d&#039;arbres pour bateaux moteurs et voiliers","article_publisher":"https:\/\/fr-fr.facebook.com\/francehelices\/","article_modified_time":"2025-06-20T14:14:44+00:00","og_image":[{"width":2160,"height":2160,"url":"https:\/\/www.francehelices.fr\/wp-content\/uploads\/ARBRE-PORTE-HELICE-1.jpg","type":"image\/jpeg"}],"twitter_card":"summary_large_image","twitter_site":"@FRANCEHELICES","twitter_misc":{"Est. reading time":"3 minutes"},"schema":{"@context":"https:\/\/schema.org","@graph":[{"@type":"WebPage","@id":"https:\/\/www.francehelices.fr\/en\/shaft-lines\/","url":"https:\/\/www.francehelices.fr\/en\/shaft-lines\/","name":"SHAFT LINES - MARINE PROPULSION PRODUCTS FOR BOATS","isPartOf":{"@id":"https:\/\/www.francehelices.fr\/en\/#website"},"primaryImageOfPage":{"@id":"https:\/\/www.francehelices.fr\/en\/shaft-lines\/#primaryimage"},"image":{"@id":"https:\/\/www.francehelices.fr\/en\/shaft-lines\/#primaryimage"},"thumbnailUrl":"https:\/\/www.francehelices.fr\/wp-content\/uploads\/ARBRE-PORTE-HELICE-1.jpg","datePublished":"2020-03-03T10:02:34+00:00","dateModified":"2025-06-20T14:14:44+00:00","description":"FRANCE HELICES develops, calculates, designs and manufactures complete packages (shaft line, propeller, bracket, rudder\u2026) for boats.","breadcrumb":{"@id":"https:\/\/www.francehelices.fr\/en\/shaft-lines\/#breadcrumb"},"inLanguage":"en-US","potentialAction":[{"@type":"ReadAction","target":["https:\/\/www.francehelices.fr\/en\/shaft-lines\/"]}]},{"@type":"ImageObject","inLanguage":"en-US","@id":"https:\/\/www.francehelices.fr\/en\/shaft-lines\/#primaryimage","url":"https:\/\/www.francehelices.fr\/wp-content\/uploads\/ARBRE-PORTE-HELICE-1.jpg","contentUrl":"https:\/\/www.francehelices.fr\/wp-content\/uploads\/ARBRE-PORTE-HELICE-1.jpg","width":2160,"height":2160,"caption":"arbre porte helice"},{"@type":"BreadcrumbList","@id":"https:\/\/www.francehelices.fr\/en\/shaft-lines\/#breadcrumb","itemListElement":[{"@type":"ListItem","position":1,"name":"Accueil","item":"https:\/\/www.francehelices.fr\/en\/"},{"@type":"ListItem","position":2,"name":"SHAFT LINES"}]},{"@type":"WebSite","@id":"https:\/\/www.francehelices.fr\/en\/#website","url":"https:\/\/www.francehelices.fr\/en\/","name":"France H\u00e9lices | H\u00e9lices et lignes d arbres pour bateaux moteurs et voiliers","description":"Sp\u00e9cialiste propulsion marine depuis 1977","publisher":{"@id":"https:\/\/www.francehelices.fr\/en\/#organization"},"potentialAction":[{"@type":"SearchAction","target":{"@type":"EntryPoint","urlTemplate":"https:\/\/www.francehelices.fr\/en\/?s={search_term_string}"},"query-input":{"@type":"PropertyValueSpecification","valueRequired":true,"valueName":"search_term_string"}}],"inLanguage":"en-US"},{"@type":["Organization","Place"],"@id":"https:\/\/www.francehelices.fr\/en\/#organization","name":"FRANCE HELICES","url":"https:\/\/www.francehelices.fr\/en\/","logo":{"@id":"https:\/\/www.francehelices.fr\/en\/shaft-lines\/#local-main-organization-logo"},"image":{"@id":"https:\/\/www.francehelices.fr\/en\/shaft-lines\/#local-main-organization-logo"},"sameAs":["https:\/\/fr-fr.facebook.com\/francehelices\/","https:\/\/x.com\/FRANCEHELICES","https:\/\/www.linkedin.com\/company\/france-helices-sas\/"],"telephone":[],"openingHoursSpecification":[{"@type":"OpeningHoursSpecification","dayOfWeek":["Monday","Tuesday","Wednesday","Thursday","Friday","Saturday","Sunday"],"opens":"09:00","closes":"17:00"}]},{"@type":"ImageObject","inLanguage":"en-US","@id":"https:\/\/www.francehelices.fr\/en\/shaft-lines\/#local-main-organization-logo","url":"https:\/\/www.francehelices.fr\/wp-content\/uploads\/societe-2020.jpg","contentUrl":"https:\/\/www.francehelices.fr\/wp-content\/uploads\/societe-2020.jpg","width":2065,"height":1270,"caption":"FRANCE HELICES"}]}},"_links":{"self":[{"href":"https:\/\/www.francehelices.fr\/en\/wp-json\/wp\/v2\/pages\/9289","targetHints":{"allow":["GET"]}}],"collection":[{"href":"https:\/\/www.francehelices.fr\/en\/wp-json\/wp\/v2\/pages"}],"about":[{"href":"https:\/\/www.francehelices.fr\/en\/wp-json\/wp\/v2\/types\/page"}],"author":[{"embeddable":true,"href":"https:\/\/www.francehelices.fr\/en\/wp-json\/wp\/v2\/users\/2"}],"replies":[{"embeddable":true,"href":"https:\/\/www.francehelices.fr\/en\/wp-json\/wp\/v2\/comments?post=9289"}],"version-history":[{"count":8,"href":"https:\/\/www.francehelices.fr\/en\/wp-json\/wp\/v2\/pages\/9289\/revisions"}],"predecessor-version":[{"id":24946,"href":"https:\/\/www.francehelices.fr\/en\/wp-json\/wp\/v2\/pages\/9289\/revisions\/24946"}],"wp:featuredmedia":[{"embeddable":true,"href":"https:\/\/www.francehelices.fr\/en\/wp-json\/wp\/v2\/media\/18806"}],"wp:attachment":[{"href":"https:\/\/www.francehelices.fr\/en\/wp-json\/wp\/v2\/media?parent=9289"}],"curies":[{"name":"wp","href":"https:\/\/api.w.org\/{rel}","templated":true}]}}