{"id":9282,"date":"2020-03-03T09:59:50","date_gmt":"2020-03-03T09:59:50","guid":{"rendered":"https:\/\/www.francehelices.fr\/?page_id=9282"},"modified":"2025-06-20T14:13:40","modified_gmt":"2025-06-20T14:13:40","slug":"controllable-pitch-propellers","status":"publish","type":"page","link":"https:\/\/www.francehelices.fr\/en\/controllable-pitch-propellers\/","title":{"rendered":"CONTROLLABLE PITCH PROPELLERS"},"content":{"rendered":"<p>[vc_row css=&#8221;.vc_custom_1580130087701{padding-bottom: 20px !important;}&#8221;][vc_column][vc_row_inner gap=&#8221;30&#8243;][vc_column_inner width=&#8221;1\/2&#8243;][vc_column_text el_class=&#8221;beige justify&#8221;]In 1991, the RENOU DARDEL company, specialized in professional applications such as fishing (longliners, tuna boats&#8230;), defence, passenger ships, was acquired by FRANCE HELICES.<\/p>\n<p>RENOU DARDEL consumable parts and after-sales support are provided by the FRANCE HELICES CONCARNEAU team.<\/p>\n<p>For any request, please give us the original number engraved in the base of the blade of the controllable pitch propeller and name of the vessel.[\/vc_column_text][vc_btn title=&#8221;CONTACT&#8221; color=&#8221;info&#8221; size=&#8221;sm&#8221; align=&#8221;left&#8221; i_icon_fontawesome=&#8221;fa fa-info-circle&#8221; add_icon=&#8221;true&#8221; link=&#8221;url:https%3A%2F%2Fwww.francehelices.fr%2Fen%2Fcontact-uk%2F|title:Contact%20uk||&#8221;][\/vc_column_inner][vc_column_inner width=&#8221;1\/2&#8243;][vc_gallery type=&#8221;flexslider_slide&#8221; interval=&#8221;5&#8243; images=&#8221;8070,8071,8073&#8243; img_size=&#8221;full&#8221;][\/vc_column_inner][\/vc_row_inner][vc_row_inner][vc_column_inner width=&#8221;2\/3&#8243;][vc_column_text el_class=&#8221;beige justify&#8221;]FRANCE HELICES manufactures custom made CPP controllable pitch propellers in Ni-Br-Al for yachting applications.[\/vc_column_text][\/vc_column_inner][vc_column_inner width=&#8221;1\/3&#8243;][vc_btn title=&#8221;LEARN MORE&#8221; color=&#8221;info&#8221; size=&#8221;sm&#8221; align=&#8221;center&#8221; i_icon_fontawesome=&#8221;fa fa-info-circle&#8221; add_icon=&#8221;true&#8221; link=&#8221;url:https%3A%2F%2Ffr.calameo.com%2Fread%2F0054663055b4604656169%3Fpage%3D28||target:%20_blank|&#8221;][\/vc_column_inner][\/vc_row_inner][\/vc_column][\/vc_row][vc_row css=&#8221;.vc_custom_1580130092717{padding-bottom: 20px !important;}&#8221;][vc_column][vc_column_text el_class=&#8221;beige&#8221;]<\/p>\n<h2><span style=\"color: #857040;\">MAINTENANCE &#8211; INSPECTION &#8211; REPAIR &#8211; BALANCING OF VARIABLE PITCH PROPELLER BLADES RENOU DARDEL (RDL)<\/span><\/h2>\n<p>[\/vc_column_text][vc_separator color=&#8221;custom&#8221; align=&#8221;align_left&#8221; accent_color=&#8221;#857040&#8243;][vc_row_inner gap=&#8221;20&#8243;][vc_column_inner width=&#8221;1\/3&#8243;][marvelous_hover effect=&#8221;goliath&#8221; description=&#8221;BEFORE&#8221; custom_class=&#8221;marvelous_custom_class_95e5e4f22c5037&#8243; image=&#8221;8802&#8243;][vc_column_text el_class=&#8221;beige justify&#8221;]An extensive know-how<br \/>\nFRANCE HELICES guarantees you a high level of expertise, quality and performances.[\/vc_column_text][\/vc_column_inner][vc_column_inner width=&#8221;1\/3&#8243;][marvelous_hover effect=&#8221;goliath&#8221; description=&#8221;AFTER&#8221; custom_class=&#8221;marvelous_custom_class_85e5e4f29cc7f2&#8243; image=&#8221;8801&#8243;][vc_column_text el_class=&#8221;beige justify&#8221;]For repairs, please provide us with the original number engraved on the blade base.[\/vc_column_text][\/vc_column_inner][vc_column_inner width=&#8221;1\/3&#8243;][vc_gallery type=&#8221;flexslider_slide&#8221; interval=&#8221;5&#8243; images=&#8221;8805,8082,8083,8084,8085,8086,8087,8088,8089,8090,8091,8092&#8243; img_size=&#8221;full&#8221;][\/vc_column_inner][\/vc_row_inner][\/vc_column][\/vc_row][vc_row css=&#8221;.vc_custom_1580130148724{padding-bottom: 20px !important;}&#8221; el_id=&#8221;pieces&#8221;][vc_column][vc_column_text el_class=&#8221;beige&#8221;]<\/p>\n<h2><span style=\"color: #857040;\">SPARE PARTS AND CONSUMABLE PARTS FOR RENOU DARDEL (RDL) CPP<\/span><\/h2>\n<p>[\/vc_column_text][vc_separator color=&#8221;custom&#8221; align=&#8221;align_left&#8221; accent_color=&#8221;#857040&#8243;][vc_row_inner gap=&#8221;30&#8243;][vc_column_inner width=&#8221;1\/2&#8243;][vc_column_text el_class=&#8221;beige justify&#8221;]Manufacture and repair of CPP RENOU DARDEL spare parts : Hub, friction ring, cylinder, piston, sealing ring, bearing, rotor, stator, rod seal&#8230;<\/p>\n<p>For spare parts, please provide us with the original number engraved on the blade base.[\/vc_column_text][vc_btn title=&#8221;CONTACT&#8221; color=&#8221;info&#8221; size=&#8221;sm&#8221; align=&#8221;left&#8221; i_icon_fontawesome=&#8221;fa fa-info-circle&#8221; add_icon=&#8221;true&#8221; link=&#8221;url:https%3A%2F%2Fwww.francehelices.fr%2Fen%2Fcontact-uk%2F|||&#8221;][\/vc_column_inner][vc_column_inner width=&#8221;1\/2&#8243;][vc_gallery type=&#8221;flexslider_slide&#8221; interval=&#8221;5&#8243; images=&#8221;8098,8099,8100,8101,8102,8798&#8243; img_size=&#8221;full&#8221;][\/vc_column_inner][\/vc_row_inner][\/vc_column][\/vc_row]<\/p>\n","protected":false},"excerpt":{"rendered":"<p>[vc_row css=&#8221;.vc_custom_1580130087701{padding-bottom: 20px !important;}&#8221;][vc_column][vc_row_inner gap=&#8221;30&#8243;][vc_column_inner width=&#8221;1\/2&#8243;][vc_column_text el_class=&#8221;beige justify&#8221;]In 1991, the RENOU DARDEL company, specialized in professional applications such as fishing (longliners, tuna boats&#8230;), defence, passenger ships, was acquired by FRANCE HELICES. RENOU DARDEL consumable parts and after-sales support are provided by the FRANCE HELICES CONCARNEAU team. For any request, please give us the original number&hellip;&nbsp;<\/p>\n","protected":false},"author":2,"featured_media":0,"parent":0,"menu_order":0,"comment_status":"closed","ping_status":"closed","template":"","meta":{"_crdt_document":"","neve_meta_sidebar":"","neve_meta_container":"","neve_meta_enable_content_width":"","neve_meta_content_width":0,"neve_meta_title_alignment":"","neve_meta_author_avatar":"","neve_post_elements_order":"","neve_meta_disable_header":"","neve_meta_disable_footer":"","neve_meta_disable_title":"","footnotes":""},"class_list":["post-9282","page","type-page","status-publish","hentry"],"yoast_head":"<!-- This site is optimized with the Yoast SEO Premium plugin v27.3 (Yoast SEO v27.5) - https:\/\/yoast.com\/product\/yoast-seo-premium-wordpress\/ -->\n<title>CONTROLLABLE PITCH PROPELLERS - CPP FOR BOATS<\/title>\n<meta name=\"description\" content=\"FRANCE HELICES can supply you every spares parts of RENOU DARDEL controllable pitch propellers, and repair all blades of CPP propellers in our factories.\" \/>\n<meta name=\"robots\" content=\"index, follow, max-snippet:-1, max-image-preview:large, max-video-preview:-1\" \/>\n<link rel=\"canonical\" href=\"https:\/\/www.francehelices.fr\/en\/controllable-pitch-propellers\/\" \/>\n<meta property=\"og:locale\" content=\"en_US\" \/>\n<meta property=\"og:type\" content=\"article\" \/>\n<meta property=\"og:title\" content=\"CONTROLLABLE PITCH PROPELLERS MARINE PROPULSION SYSTEMS\" \/>\n<meta property=\"og:description\" content=\"FRANCE HELICES manufacture &amp; repair marine propulsion systems since 1977. We ship worldwide. Contact us : info@francehelices.fr\" \/>\n<meta property=\"og:url\" content=\"https:\/\/www.francehelices.fr\/en\/controllable-pitch-propellers\/\" \/>\n<meta property=\"og:site_name\" content=\"France H\u00e9lices | H\u00e9lices et lignes d&#039;arbres pour bateaux moteurs et voiliers\" \/>\n<meta property=\"article:publisher\" content=\"https:\/\/fr-fr.facebook.com\/francehelices\/\" \/>\n<meta property=\"article:modified_time\" content=\"2025-06-20T14:13:40+00:00\" \/>\n<meta property=\"og:image\" content=\"https:\/\/www.francehelices.fr\/wp-content\/uploads\/MARINE-PROPULSION-SYSTEMS.png\" \/>\n\t<meta property=\"og:image:width\" content=\"1200\" \/>\n\t<meta property=\"og:image:height\" content=\"675\" \/>\n\t<meta property=\"og:image:type\" content=\"image\/png\" \/>\n<meta name=\"twitter:card\" content=\"summary_large_image\" \/>\n<meta name=\"twitter:site\" content=\"@FRANCEHELICES\" \/>\n<meta name=\"twitter:label1\" content=\"Est. reading time\" \/>\n\t<meta name=\"twitter:data1\" content=\"2 minutes\" \/>\n<script type=\"application\/ld+json\" class=\"yoast-schema-graph\">{\"@context\":\"https:\\\/\\\/schema.org\",\"@graph\":[{\"@type\":\"WebPage\",\"@id\":\"https:\\\/\\\/www.francehelices.fr\\\/en\\\/controllable-pitch-propellers\\\/\",\"url\":\"https:\\\/\\\/www.francehelices.fr\\\/en\\\/controllable-pitch-propellers\\\/\",\"name\":\"CONTROLLABLE PITCH PROPELLERS - CPP FOR BOATS\",\"isPartOf\":{\"@id\":\"https:\\\/\\\/www.francehelices.fr\\\/en\\\/#website\"},\"datePublished\":\"2020-03-03T09:59:50+00:00\",\"dateModified\":\"2025-06-20T14:13:40+00:00\",\"description\":\"FRANCE HELICES can supply you every spares parts of RENOU DARDEL controllable pitch propellers, and repair all blades of CPP propellers in our factories.\",\"breadcrumb\":{\"@id\":\"https:\\\/\\\/www.francehelices.fr\\\/en\\\/controllable-pitch-propellers\\\/#breadcrumb\"},\"inLanguage\":\"en-US\",\"potentialAction\":[{\"@type\":\"ReadAction\",\"target\":[\"https:\\\/\\\/www.francehelices.fr\\\/en\\\/controllable-pitch-propellers\\\/\"]}]},{\"@type\":\"BreadcrumbList\",\"@id\":\"https:\\\/\\\/www.francehelices.fr\\\/en\\\/controllable-pitch-propellers\\\/#breadcrumb\",\"itemListElement\":[{\"@type\":\"ListItem\",\"position\":1,\"name\":\"Accueil\",\"item\":\"https:\\\/\\\/www.francehelices.fr\\\/en\\\/\"},{\"@type\":\"ListItem\",\"position\":2,\"name\":\"CONTROLLABLE PITCH PROPELLERS\"}]},{\"@type\":\"WebSite\",\"@id\":\"https:\\\/\\\/www.francehelices.fr\\\/en\\\/#website\",\"url\":\"https:\\\/\\\/www.francehelices.fr\\\/en\\\/\",\"name\":\"France H\u00e9lices | H\u00e9lices et lignes d arbres pour bateaux moteurs et voiliers\",\"description\":\"Sp\u00e9cialiste propulsion marine depuis 1977\",\"publisher\":{\"@id\":\"https:\\\/\\\/www.francehelices.fr\\\/en\\\/#organization\"},\"potentialAction\":[{\"@type\":\"SearchAction\",\"target\":{\"@type\":\"EntryPoint\",\"urlTemplate\":\"https:\\\/\\\/www.francehelices.fr\\\/en\\\/?s={search_term_string}\"},\"query-input\":{\"@type\":\"PropertyValueSpecification\",\"valueRequired\":true,\"valueName\":\"search_term_string\"}}],\"inLanguage\":\"en-US\"},{\"@type\":[\"Organization\",\"Place\"],\"@id\":\"https:\\\/\\\/www.francehelices.fr\\\/en\\\/#organization\",\"name\":\"FRANCE HELICES\",\"url\":\"https:\\\/\\\/www.francehelices.fr\\\/en\\\/\",\"logo\":{\"@id\":\"https:\\\/\\\/www.francehelices.fr\\\/en\\\/controllable-pitch-propellers\\\/#local-main-organization-logo\"},\"image\":{\"@id\":\"https:\\\/\\\/www.francehelices.fr\\\/en\\\/controllable-pitch-propellers\\\/#local-main-organization-logo\"},\"sameAs\":[\"https:\\\/\\\/fr-fr.facebook.com\\\/francehelices\\\/\",\"https:\\\/\\\/x.com\\\/FRANCEHELICES\",\"https:\\\/\\\/www.linkedin.com\\\/company\\\/france-helices-sas\\\/\"],\"telephone\":[],\"openingHoursSpecification\":[{\"@type\":\"OpeningHoursSpecification\",\"dayOfWeek\":[\"Monday\",\"Tuesday\",\"Wednesday\",\"Thursday\",\"Friday\",\"Saturday\",\"Sunday\"],\"opens\":\"09:00\",\"closes\":\"17:00\"}]},{\"@type\":\"ImageObject\",\"inLanguage\":\"en-US\",\"@id\":\"https:\\\/\\\/www.francehelices.fr\\\/en\\\/controllable-pitch-propellers\\\/#local-main-organization-logo\",\"url\":\"https:\\\/\\\/www.francehelices.fr\\\/wp-content\\\/uploads\\\/societe-2020.jpg\",\"contentUrl\":\"https:\\\/\\\/www.francehelices.fr\\\/wp-content\\\/uploads\\\/societe-2020.jpg\",\"width\":2065,\"height\":1270,\"caption\":\"FRANCE HELICES\"}]}<\/script>\n<!-- \/ Yoast SEO Premium plugin. -->","yoast_head_json":{"title":"CONTROLLABLE PITCH PROPELLERS - CPP FOR BOATS","description":"FRANCE HELICES can supply you every spares parts of RENOU DARDEL controllable pitch propellers, and repair all blades of CPP propellers in our factories.","robots":{"index":"index","follow":"follow","max-snippet":"max-snippet:-1","max-image-preview":"max-image-preview:large","max-video-preview":"max-video-preview:-1"},"canonical":"https:\/\/www.francehelices.fr\/en\/controllable-pitch-propellers\/","og_locale":"en_US","og_type":"article","og_title":"CONTROLLABLE PITCH PROPELLERS MARINE PROPULSION SYSTEMS","og_description":"FRANCE HELICES manufacture & repair marine propulsion systems since 1977. We ship worldwide. Contact us : info@francehelices.fr","og_url":"https:\/\/www.francehelices.fr\/en\/controllable-pitch-propellers\/","og_site_name":"France H\u00e9lices | H\u00e9lices et lignes d&#039;arbres pour bateaux moteurs et voiliers","article_publisher":"https:\/\/fr-fr.facebook.com\/francehelices\/","article_modified_time":"2025-06-20T14:13:40+00:00","og_image":[{"width":1200,"height":675,"url":"https:\/\/www.francehelices.fr\/wp-content\/uploads\/MARINE-PROPULSION-SYSTEMS.png","type":"image\/png"}],"twitter_card":"summary_large_image","twitter_site":"@FRANCEHELICES","twitter_misc":{"Est. reading time":"2 minutes"},"schema":{"@context":"https:\/\/schema.org","@graph":[{"@type":"WebPage","@id":"https:\/\/www.francehelices.fr\/en\/controllable-pitch-propellers\/","url":"https:\/\/www.francehelices.fr\/en\/controllable-pitch-propellers\/","name":"CONTROLLABLE PITCH PROPELLERS - CPP FOR BOATS","isPartOf":{"@id":"https:\/\/www.francehelices.fr\/en\/#website"},"datePublished":"2020-03-03T09:59:50+00:00","dateModified":"2025-06-20T14:13:40+00:00","description":"FRANCE HELICES can supply you every spares parts of RENOU DARDEL controllable pitch propellers, and repair all blades of CPP propellers in our factories.","breadcrumb":{"@id":"https:\/\/www.francehelices.fr\/en\/controllable-pitch-propellers\/#breadcrumb"},"inLanguage":"en-US","potentialAction":[{"@type":"ReadAction","target":["https:\/\/www.francehelices.fr\/en\/controllable-pitch-propellers\/"]}]},{"@type":"BreadcrumbList","@id":"https:\/\/www.francehelices.fr\/en\/controllable-pitch-propellers\/#breadcrumb","itemListElement":[{"@type":"ListItem","position":1,"name":"Accueil","item":"https:\/\/www.francehelices.fr\/en\/"},{"@type":"ListItem","position":2,"name":"CONTROLLABLE PITCH PROPELLERS"}]},{"@type":"WebSite","@id":"https:\/\/www.francehelices.fr\/en\/#website","url":"https:\/\/www.francehelices.fr\/en\/","name":"France H\u00e9lices | H\u00e9lices et lignes d arbres pour bateaux moteurs et voiliers","description":"Sp\u00e9cialiste propulsion marine depuis 1977","publisher":{"@id":"https:\/\/www.francehelices.fr\/en\/#organization"},"potentialAction":[{"@type":"SearchAction","target":{"@type":"EntryPoint","urlTemplate":"https:\/\/www.francehelices.fr\/en\/?s={search_term_string}"},"query-input":{"@type":"PropertyValueSpecification","valueRequired":true,"valueName":"search_term_string"}}],"inLanguage":"en-US"},{"@type":["Organization","Place"],"@id":"https:\/\/www.francehelices.fr\/en\/#organization","name":"FRANCE HELICES","url":"https:\/\/www.francehelices.fr\/en\/","logo":{"@id":"https:\/\/www.francehelices.fr\/en\/controllable-pitch-propellers\/#local-main-organization-logo"},"image":{"@id":"https:\/\/www.francehelices.fr\/en\/controllable-pitch-propellers\/#local-main-organization-logo"},"sameAs":["https:\/\/fr-fr.facebook.com\/francehelices\/","https:\/\/x.com\/FRANCEHELICES","https:\/\/www.linkedin.com\/company\/france-helices-sas\/"],"telephone":[],"openingHoursSpecification":[{"@type":"OpeningHoursSpecification","dayOfWeek":["Monday","Tuesday","Wednesday","Thursday","Friday","Saturday","Sunday"],"opens":"09:00","closes":"17:00"}]},{"@type":"ImageObject","inLanguage":"en-US","@id":"https:\/\/www.francehelices.fr\/en\/controllable-pitch-propellers\/#local-main-organization-logo","url":"https:\/\/www.francehelices.fr\/wp-content\/uploads\/societe-2020.jpg","contentUrl":"https:\/\/www.francehelices.fr\/wp-content\/uploads\/societe-2020.jpg","width":2065,"height":1270,"caption":"FRANCE HELICES"}]}},"_links":{"self":[{"href":"https:\/\/www.francehelices.fr\/en\/wp-json\/wp\/v2\/pages\/9282","targetHints":{"allow":["GET"]}}],"collection":[{"href":"https:\/\/www.francehelices.fr\/en\/wp-json\/wp\/v2\/pages"}],"about":[{"href":"https:\/\/www.francehelices.fr\/en\/wp-json\/wp\/v2\/types\/page"}],"author":[{"embeddable":true,"href":"https:\/\/www.francehelices.fr\/en\/wp-json\/wp\/v2\/users\/2"}],"replies":[{"embeddable":true,"href":"https:\/\/www.francehelices.fr\/en\/wp-json\/wp\/v2\/comments?post=9282"}],"version-history":[{"count":9,"href":"https:\/\/www.francehelices.fr\/en\/wp-json\/wp\/v2\/pages\/9282\/revisions"}],"predecessor-version":[{"id":24944,"href":"https:\/\/www.francehelices.fr\/en\/wp-json\/wp\/v2\/pages\/9282\/revisions\/24944"}],"wp:attachment":[{"href":"https:\/\/www.francehelices.fr\/en\/wp-json\/wp\/v2\/media?parent=9282"}],"curies":[{"name":"wp","href":"https:\/\/api.w.org\/{rel}","templated":true}]}}