{"id":9155,"date":"2020-03-02T10:24:13","date_gmt":"2020-03-02T10:24:13","guid":{"rendered":"https:\/\/www.francehelices.fr\/en\/?page_id=9155"},"modified":"2020-11-19T13:44:18","modified_gmt":"2020-11-19T13:44:18","slug":"recruiting","status":"publish","type":"page","link":"https:\/\/www.francehelices.fr\/en\/recruiting\/","title":{"rendered":"Recruiting"},"content":{"rendered":"<p>[vc_row css=&#8221;.vc_custom_1568728410951{padding-top: 150px !important;}&#8221;][vc_column][vc_column_text]<\/p>\n<h2 style=\"text-align: left;\">FRANCE HELICES WELCOMES YOU<\/h2>\n<p>[\/vc_column_text][vc_separator color=&#8221;black&#8221;][vc_column_text el_class=&#8221;beige justify&#8221;]Number 1 in the manufacture and repair of French marine propulsion systems, FRANCE HELICES has been one of the world leaders since 1977.<\/p>\n<p>FRANCE HELICES is composed of several key services.[\/vc_column_text][vc_column_text el_class=&#8221;beige justify&#8221;]<\/p>\n<h2><strong><span style=\"color: #857040;\">OUR MISSION: TO BRING TECHNICAL SOLUTIONS TO OUR CUSTOMERS<\/span> <\/strong><\/h2>\n<p>[\/vc_column_text][vc_separator color=&#8221;custom&#8221; align=&#8221;align_left&#8221; accent_color=&#8221;#857040&#8243;][vc_column_text el_class=&#8221;beige justify&#8221;]You master your field of activity and are attached to the seriousness and quality of your work.<\/p>\n<p>We rely on your ability to be operational and autonomous quickly.<br \/>\nYour co-workers will accompany you in this new adventure.<\/p>\n<p>Do you enjoy working in a company with an international reputation ?<br \/>\nCome and join our family owned company with our 45 employees.[\/vc_column_text][vc_column_text el_class=&#8221;beige justify &#8220;]<\/p>\n<h2><strong>BEFORE YOU APPLY, BE CURIOUS !<\/strong><\/h2>\n<p>[\/vc_column_text][vc_separator color=&#8221;custom&#8221; align=&#8221;align_left&#8221; accent_color=&#8221;#857040&#8243;][vc_column_text el_class=&#8221;beige justify&#8221; css=&#8221;.vc_custom_1583399044906{background-color: rgba(0,0,0,0.01) !important;*background-color: rgb(0,0,0) !important;}&#8221;]We invite you to visit our website, follow our social networks, come and meet us on the job forums to learn more about our company.[\/vc_column_text][vc_column_text el_class=&#8221;beige justify&#8221;]<\/p>\n<h2><strong>TO JOIN OUR TEAM FRANCE HELICES<\/strong><\/h2>\n<p>[\/vc_column_text][vc_separator color=&#8221;custom&#8221; align=&#8221;align_left&#8221; accent_color=&#8221;#857040&#8243;][vc_column_text el_class=&#8221;beige justify&#8221;]<\/p>\n<ul>\n<li>Cannes : <a href=\"https:\/\/recrute.pole-emploi.fr\/page-entreprise\/france-helices\" target=\"_blank\" rel=\"noopener noreferrer\">https:\/\/recrute.pole-emploi.fr\/page-entreprise\/france-helices<\/a><\/li>\n<li>Concarneau : <a href=\"https:\/\/recrute.pole-emploi.fr\/page-entreprise\/france-helices\" target=\"_blank\" rel=\"noopener noreferrer\">https:\/\/recrute.pole-emploi.fr\/page-entreprise\/france-helices<\/a><\/li>\n<\/ul>\n<p>[\/vc_column_text][vc_column_text el_class=&#8221;beige justify&#8221; css=&#8221;.vc_custom_1583399088362{background-color: rgba(0,0,0,0.01) !important;*background-color: rgb(0,0,0) !important;}&#8221;]<\/p>\n<h2><strong>YOU HAVE A TECHNICAL PROFILE WITH EXPERIENCE, SEND YOUR SPONTANEOUS APPLICATION.<\/strong><\/h2>\n<p>[\/vc_column_text][vc_separator color=&#8221;custom&#8221; align=&#8221;align_left&#8221; accent_color=&#8221;#857040&#8243;][vc_column_text el_class=&#8221;beige justify&#8221;]<\/p>\n<ul>\n<li>For a spontaneous application or for a request for a work placement, internship or job, send your CV and covering letter to this e-mail address: : <a href=\"mailto:rh@francehelices.fr\">rh@francehelices.fr<\/a><\/li>\n<li>Unless you tell us otherwise, we will keep your application and contact you if opportunities arise within FRANCE HELICES that are likely to meet your expectations. Your application will be kept for a period of two years by the Human Resources department.<\/li>\n<li>For any removal of your details, please let us know or follow the link below : <a href=\"https:\/\/docs.google.com\/forms\/d\/e\/1FAIpQLSdUsg3sXRD5oc1xZWFjSvc1nzGc-465uXfyWoBACwAaoGQNOA\/viewform\" target=\"_blank;\" rel=\"noopener noreferrer\">GDPR<\/a>.<\/li>\n<\/ul>\n<p>[\/vc_column_text][vc_column_text el_class=&#8221;beige justify&#8221;]<\/p>\n<h2><strong>AFTER APPLYING&#8230;<\/strong><\/h2>\n<p>[\/vc_column_text][vc_separator color=&#8221;custom&#8221; align=&#8221;align_left&#8221; accent_color=&#8221;#857040&#8243;][vc_column_text el_class=&#8221;beige justify&#8221;]<\/p>\n<div class=\"page\" title=\"Page 2\">\n<div class=\"layoutArea\">\n<div class=\"column\">\n<p>Our recruitment team will review the documents sent and will get back to you within two weeks if you are selected.<\/p>\n<\/div>\n<\/div>\n<\/div>\n<p>[\/vc_column_text][vc_column_text el_class=&#8221;beige justify&#8221;]<\/p>\n<h2><strong>IF YOUR PROFILE IS SELECTED&#8230;<\/strong><\/h2>\n<p>[\/vc_column_text][vc_separator color=&#8221;custom&#8221; align=&#8221;align_left&#8221; accent_color=&#8221;#857040&#8243;][vc_column_text el_class=&#8221;beige justify&#8221;]<\/p>\n<div class=\"page\" title=\"Page 2\">\n<div class=\"layoutArea\">\n<div class=\"column\">\n<p>Our team will be pleased to meet you. We will ask you several questions about your motivations and experience. In order to help you prepare for this interview, here is a selection of them:<\/p>\n<p>\u2013 Please introduce yourself<br \/>\n\u2013 What can you tell us about FRANCE HELICES ?<br \/>\n\u2013 Do you have any questions about the company, about the position offered ?<\/p>\n<\/div>\n<\/div>\n<\/div>\n<p>[\/vc_column_text][\/vc_column][\/vc_row][vc_row][vc_column][\/vc_column][\/vc_row]<\/p>\n","protected":false},"excerpt":{"rendered":"<p>[vc_row css=&#8221;.vc_custom_1568728410951{padding-top: 150px !important;}&#8221;][vc_column][vc_column_text] FRANCE HELICES WELCOMES YOU [\/vc_column_text][vc_separator color=&#8221;black&#8221;][vc_column_text el_class=&#8221;beige justify&#8221;]Number 1 in the manufacture and repair of French marine propulsion systems, FRANCE HELICES has been one of the world leaders since 1977. FRANCE HELICES is composed of several key services.[\/vc_column_text][vc_column_text el_class=&#8221;beige justify&#8221;] OUR MISSION: TO BRING TECHNICAL SOLUTIONS TO OUR CUSTOMERS [\/vc_column_text][vc_separator color=&#8221;custom&#8221;&hellip;&nbsp;<\/p>\n","protected":false},"author":2,"featured_media":0,"parent":0,"menu_order":0,"comment_status":"closed","ping_status":"closed","template":"page-templates\/homepage.php","meta":{"_crdt_document":"","neve_meta_sidebar":"","neve_meta_container":"","neve_meta_enable_content_width":"","neve_meta_content_width":0,"neve_meta_title_alignment":"","neve_meta_author_avatar":"","neve_post_elements_order":"","neve_meta_disable_header":"","neve_meta_disable_footer":"","neve_meta_disable_title":"","footnotes":""},"class_list":["post-9155","page","type-page","status-publish","hentry"],"yoast_head":"<!-- This site is optimized with the Yoast SEO Premium plugin v27.3 (Yoast SEO v27.5) - https:\/\/yoast.com\/product\/yoast-seo-premium-wordpress\/ -->\n<title>Recruiting - Come to work at FRANCE HELICES, apply now !<\/title>\n<meta name=\"description\" content=\"FRANCE HELICES develops, calculates, designs and manufactures complete packages (shaft line, propeller, bracket, rudder\u2026), send your CV.\" \/>\n<meta name=\"robots\" content=\"index, follow, max-snippet:-1, max-image-preview:large, max-video-preview:-1\" \/>\n<link rel=\"canonical\" href=\"https:\/\/www.francehelices.fr\/en\/recruiting\/\" \/>\n<meta property=\"og:locale\" content=\"en_US\" \/>\n<meta property=\"og:type\" content=\"article\" \/>\n<meta property=\"og:title\" content=\"Recruiting MARINE PROPULSION SYSTEMS\" \/>\n<meta property=\"og:description\" content=\"FRANCE HELICES manufacture &amp; repair marine propulsion systems since 1977. We ship worldwide. Contact us : info@francehelices.fr\" \/>\n<meta property=\"og:url\" content=\"https:\/\/www.francehelices.fr\/en\/recruiting\/\" \/>\n<meta property=\"og:site_name\" content=\"France H\u00e9lices | H\u00e9lices et lignes d&#039;arbres pour bateaux moteurs et voiliers\" \/>\n<meta property=\"article:publisher\" content=\"https:\/\/fr-fr.facebook.com\/francehelices\/\" \/>\n<meta property=\"article:modified_time\" content=\"2020-11-19T13:44:18+00:00\" \/>\n<meta property=\"og:image\" content=\"https:\/\/www.francehelices.fr\/wp-content\/uploads\/MARINE-PROPULSION-SYSTEMS.png\" \/>\n\t<meta property=\"og:image:width\" content=\"1200\" \/>\n\t<meta property=\"og:image:height\" content=\"675\" \/>\n\t<meta property=\"og:image:type\" content=\"image\/png\" \/>\n<meta name=\"twitter:card\" content=\"summary_large_image\" \/>\n<meta name=\"twitter:site\" content=\"@FRANCEHELICES\" \/>\n<meta name=\"twitter:label1\" content=\"Est. reading time\" \/>\n\t<meta name=\"twitter:data1\" content=\"3 minutes\" \/>\n<script type=\"application\/ld+json\" class=\"yoast-schema-graph\">{\"@context\":\"https:\\\/\\\/schema.org\",\"@graph\":[{\"@type\":\"WebPage\",\"@id\":\"https:\\\/\\\/www.francehelices.fr\\\/en\\\/recruiting\\\/\",\"url\":\"https:\\\/\\\/www.francehelices.fr\\\/en\\\/recruiting\\\/\",\"name\":\"Recruiting - Come to work at FRANCE HELICES, apply now !\",\"isPartOf\":{\"@id\":\"https:\\\/\\\/www.francehelices.fr\\\/en\\\/#website\"},\"datePublished\":\"2020-03-02T10:24:13+00:00\",\"dateModified\":\"2020-11-19T13:44:18+00:00\",\"description\":\"FRANCE HELICES develops, calculates, designs and manufactures complete packages (shaft line, propeller, bracket, rudder\u2026), send your CV.\",\"breadcrumb\":{\"@id\":\"https:\\\/\\\/www.francehelices.fr\\\/en\\\/recruiting\\\/#breadcrumb\"},\"inLanguage\":\"en-US\",\"potentialAction\":[{\"@type\":\"ReadAction\",\"target\":[\"https:\\\/\\\/www.francehelices.fr\\\/en\\\/recruiting\\\/\"]}]},{\"@type\":\"BreadcrumbList\",\"@id\":\"https:\\\/\\\/www.francehelices.fr\\\/en\\\/recruiting\\\/#breadcrumb\",\"itemListElement\":[{\"@type\":\"ListItem\",\"position\":1,\"name\":\"Accueil\",\"item\":\"https:\\\/\\\/www.francehelices.fr\\\/en\\\/\"},{\"@type\":\"ListItem\",\"position\":2,\"name\":\"Recruiting\"}]},{\"@type\":\"WebSite\",\"@id\":\"https:\\\/\\\/www.francehelices.fr\\\/en\\\/#website\",\"url\":\"https:\\\/\\\/www.francehelices.fr\\\/en\\\/\",\"name\":\"France H\u00e9lices | H\u00e9lices et lignes d arbres pour bateaux moteurs et voiliers\",\"description\":\"Sp\u00e9cialiste propulsion marine depuis 1977\",\"publisher\":{\"@id\":\"https:\\\/\\\/www.francehelices.fr\\\/en\\\/#organization\"},\"potentialAction\":[{\"@type\":\"SearchAction\",\"target\":{\"@type\":\"EntryPoint\",\"urlTemplate\":\"https:\\\/\\\/www.francehelices.fr\\\/en\\\/?s={search_term_string}\"},\"query-input\":{\"@type\":\"PropertyValueSpecification\",\"valueRequired\":true,\"valueName\":\"search_term_string\"}}],\"inLanguage\":\"en-US\"},{\"@type\":[\"Organization\",\"Place\"],\"@id\":\"https:\\\/\\\/www.francehelices.fr\\\/en\\\/#organization\",\"name\":\"FRANCE HELICES\",\"url\":\"https:\\\/\\\/www.francehelices.fr\\\/en\\\/\",\"logo\":{\"@id\":\"https:\\\/\\\/www.francehelices.fr\\\/en\\\/recruiting\\\/#local-main-organization-logo\"},\"image\":{\"@id\":\"https:\\\/\\\/www.francehelices.fr\\\/en\\\/recruiting\\\/#local-main-organization-logo\"},\"sameAs\":[\"https:\\\/\\\/fr-fr.facebook.com\\\/francehelices\\\/\",\"https:\\\/\\\/x.com\\\/FRANCEHELICES\",\"https:\\\/\\\/www.linkedin.com\\\/company\\\/france-helices-sas\\\/\"],\"telephone\":[],\"openingHoursSpecification\":[{\"@type\":\"OpeningHoursSpecification\",\"dayOfWeek\":[\"Monday\",\"Tuesday\",\"Wednesday\",\"Thursday\",\"Friday\",\"Saturday\",\"Sunday\"],\"opens\":\"09:00\",\"closes\":\"17:00\"}]},{\"@type\":\"ImageObject\",\"inLanguage\":\"en-US\",\"@id\":\"https:\\\/\\\/www.francehelices.fr\\\/en\\\/recruiting\\\/#local-main-organization-logo\",\"url\":\"https:\\\/\\\/www.francehelices.fr\\\/wp-content\\\/uploads\\\/societe-2020.jpg\",\"contentUrl\":\"https:\\\/\\\/www.francehelices.fr\\\/wp-content\\\/uploads\\\/societe-2020.jpg\",\"width\":2065,\"height\":1270,\"caption\":\"FRANCE HELICES\"}]}<\/script>\n<!-- \/ Yoast SEO Premium plugin. -->","yoast_head_json":{"title":"Recruiting - Come to work at FRANCE HELICES, apply now !","description":"FRANCE HELICES develops, calculates, designs and manufactures complete packages (shaft line, propeller, bracket, rudder\u2026), send your CV.","robots":{"index":"index","follow":"follow","max-snippet":"max-snippet:-1","max-image-preview":"max-image-preview:large","max-video-preview":"max-video-preview:-1"},"canonical":"https:\/\/www.francehelices.fr\/en\/recruiting\/","og_locale":"en_US","og_type":"article","og_title":"Recruiting MARINE PROPULSION SYSTEMS","og_description":"FRANCE HELICES manufacture & repair marine propulsion systems since 1977. We ship worldwide. Contact us : info@francehelices.fr","og_url":"https:\/\/www.francehelices.fr\/en\/recruiting\/","og_site_name":"France H\u00e9lices | H\u00e9lices et lignes d&#039;arbres pour bateaux moteurs et voiliers","article_publisher":"https:\/\/fr-fr.facebook.com\/francehelices\/","article_modified_time":"2020-11-19T13:44:18+00:00","og_image":[{"width":1200,"height":675,"url":"https:\/\/www.francehelices.fr\/wp-content\/uploads\/MARINE-PROPULSION-SYSTEMS.png","type":"image\/png"}],"twitter_card":"summary_large_image","twitter_site":"@FRANCEHELICES","twitter_misc":{"Est. reading time":"3 minutes"},"schema":{"@context":"https:\/\/schema.org","@graph":[{"@type":"WebPage","@id":"https:\/\/www.francehelices.fr\/en\/recruiting\/","url":"https:\/\/www.francehelices.fr\/en\/recruiting\/","name":"Recruiting - Come to work at FRANCE HELICES, apply now !","isPartOf":{"@id":"https:\/\/www.francehelices.fr\/en\/#website"},"datePublished":"2020-03-02T10:24:13+00:00","dateModified":"2020-11-19T13:44:18+00:00","description":"FRANCE HELICES develops, calculates, designs and manufactures complete packages (shaft line, propeller, bracket, rudder\u2026), send your CV.","breadcrumb":{"@id":"https:\/\/www.francehelices.fr\/en\/recruiting\/#breadcrumb"},"inLanguage":"en-US","potentialAction":[{"@type":"ReadAction","target":["https:\/\/www.francehelices.fr\/en\/recruiting\/"]}]},{"@type":"BreadcrumbList","@id":"https:\/\/www.francehelices.fr\/en\/recruiting\/#breadcrumb","itemListElement":[{"@type":"ListItem","position":1,"name":"Accueil","item":"https:\/\/www.francehelices.fr\/en\/"},{"@type":"ListItem","position":2,"name":"Recruiting"}]},{"@type":"WebSite","@id":"https:\/\/www.francehelices.fr\/en\/#website","url":"https:\/\/www.francehelices.fr\/en\/","name":"France H\u00e9lices | H\u00e9lices et lignes d arbres pour bateaux moteurs et voiliers","description":"Sp\u00e9cialiste propulsion marine depuis 1977","publisher":{"@id":"https:\/\/www.francehelices.fr\/en\/#organization"},"potentialAction":[{"@type":"SearchAction","target":{"@type":"EntryPoint","urlTemplate":"https:\/\/www.francehelices.fr\/en\/?s={search_term_string}"},"query-input":{"@type":"PropertyValueSpecification","valueRequired":true,"valueName":"search_term_string"}}],"inLanguage":"en-US"},{"@type":["Organization","Place"],"@id":"https:\/\/www.francehelices.fr\/en\/#organization","name":"FRANCE HELICES","url":"https:\/\/www.francehelices.fr\/en\/","logo":{"@id":"https:\/\/www.francehelices.fr\/en\/recruiting\/#local-main-organization-logo"},"image":{"@id":"https:\/\/www.francehelices.fr\/en\/recruiting\/#local-main-organization-logo"},"sameAs":["https:\/\/fr-fr.facebook.com\/francehelices\/","https:\/\/x.com\/FRANCEHELICES","https:\/\/www.linkedin.com\/company\/france-helices-sas\/"],"telephone":[],"openingHoursSpecification":[{"@type":"OpeningHoursSpecification","dayOfWeek":["Monday","Tuesday","Wednesday","Thursday","Friday","Saturday","Sunday"],"opens":"09:00","closes":"17:00"}]},{"@type":"ImageObject","inLanguage":"en-US","@id":"https:\/\/www.francehelices.fr\/en\/recruiting\/#local-main-organization-logo","url":"https:\/\/www.francehelices.fr\/wp-content\/uploads\/societe-2020.jpg","contentUrl":"https:\/\/www.francehelices.fr\/wp-content\/uploads\/societe-2020.jpg","width":2065,"height":1270,"caption":"FRANCE HELICES"}]}},"_links":{"self":[{"href":"https:\/\/www.francehelices.fr\/en\/wp-json\/wp\/v2\/pages\/9155","targetHints":{"allow":["GET"]}}],"collection":[{"href":"https:\/\/www.francehelices.fr\/en\/wp-json\/wp\/v2\/pages"}],"about":[{"href":"https:\/\/www.francehelices.fr\/en\/wp-json\/wp\/v2\/types\/page"}],"author":[{"embeddable":true,"href":"https:\/\/www.francehelices.fr\/en\/wp-json\/wp\/v2\/users\/2"}],"replies":[{"embeddable":true,"href":"https:\/\/www.francehelices.fr\/en\/wp-json\/wp\/v2\/comments?post=9155"}],"version-history":[{"count":5,"href":"https:\/\/www.francehelices.fr\/en\/wp-json\/wp\/v2\/pages\/9155\/revisions"}],"predecessor-version":[{"id":9500,"href":"https:\/\/www.francehelices.fr\/en\/wp-json\/wp\/v2\/pages\/9155\/revisions\/9500"}],"wp:attachment":[{"href":"https:\/\/www.francehelices.fr\/en\/wp-json\/wp\/v2\/media?parent=9155"}],"curies":[{"name":"wp","href":"https:\/\/api.w.org\/{rel}","templated":true}]}}