{"id":9130,"date":"2020-03-02T09:49:09","date_gmt":"2020-03-02T09:49:09","guid":{"rendered":"https:\/\/www.francehelices.fr\/en\/?page_id=9130"},"modified":"2025-10-20T17:05:09","modified_gmt":"2025-10-20T17:05:09","slug":"quotations","status":"publish","type":"page","link":"https:\/\/www.francehelices.fr\/en\/quotations\/","title":{"rendered":"Quotations"},"content":{"rendered":"<p>[vc_row css=&#8221;.vc_custom_1750428692379{padding-bottom: 30px !important;}&#8221;][vc_column][vc_column_text]<\/p>\n<p style=\"text-align: center;\"><strong>At FRANCE HELICES we study your technical characteristics in order to find the most suitable propeller for your application: An ideal propeller corresponds to your specifications, is silent and allows you to achieve the expected performances while saving fuel and with a minimum of cavitation. <\/strong><\/p>\n<p style=\"text-align: center;\">In order to centralize the information corresponding to your needs and expectations, please fill in precisely the information requested by our services.<br \/>\nOur technical team is at your service to assist you.<\/p>\n<p>[\/vc_column_text][\/vc_column][\/vc_row][vc_row full_width=&#8221;stretch_row&#8221; css=&#8221;.vc_custom_1760979899548{background-color: #eaeaea !important;background-position: center !important;background-repeat: no-repeat !important;background-size: cover !important;}&#8221;][vc_column][vc_row_inner][vc_column_inner][vc_column_text el_class=&#8221;fancy-heading txt-primary&#8221;]<\/p>\n<h2><strong>FILE DOWNLOADS<\/strong><\/h2>\n<p>[\/vc_column_text][\/vc_column_inner][\/vc_row_inner][vc_row_inner el_class=&#8221;fancy-content&#8221;][vc_column_inner width=&#8221;1\/2&#8243;][vc_column_text el_class=&#8221;txt-shadow-white justify&#8221;]<\/p>\n<ul>\n<li><a href=\"https:\/\/www.francehelices.fr\/wp-content\/uploads\/F037D.pdf\" target=\"_blank\" rel=\"noopener noreferrer\">Calculation and quotation request for PROPELLERS FOR SAILBOAT F037<\/a><\/li>\n<li><a href=\"https:\/\/www.francehelices.fr\/wp-content\/uploads\/F038D.pdf\" target=\"_blank\" rel=\"noopener noreferrer\">Calculation and quotation request for FIXED PITCH PROPELLERS F038<\/a><\/li>\n<li><a href=\"https:\/\/www.francehelices.fr\/wp-content\/uploads\/F049A.pdf\" target=\"_blank\" rel=\"noopener noreferrer\">Propeller quote request WITHOUT CALCULATION F049<\/a><\/li>\n<li><a href=\"https:\/\/www.francehelices.fr\/wp-content\/uploads\/F050A.pdf\" target=\"_blank\" rel=\"noopener noreferrer\">Quotation request for a Propeller repair F050<\/a><\/li>\n<\/ul>\n<p>[\/vc_column_text][\/vc_column_inner][vc_column_inner width=&#8221;1\/2&#8243;][vc_column_text el_class=&#8221;txt-shadow-white justify&#8221;]<\/p>\n<ul>\n<li><a href=\"https:\/\/www.francehelices.fr\/wp-content\/uploads\/F039C-english.pdf\" target=\"_blank\" rel=\"noopener noreferrer\">Calculation and quotation request for SURFACE DRIVE SYSTEM AND SURFACE PIERCING PROPELLERS F0039<\/a><\/li>\n<li><a href=\"https:\/\/www.francehelices.fr\/wp-content\/uploads\/F052A.pdf\" target=\"_blank\" rel=\"noopener noreferrer\">COUPLING FLANGE measurements F0521w<\/a><\/li>\n<li><a href=\"https:\/\/www.francehelices.fr\/wp-content\/uploads\/F051A.pdf\" target=\"_blank\" rel=\"noopener noreferrer\">SHAFT measurements F051<\/a><\/li>\n<\/ul>\n<p>Please send us the filled-in form at <a href=\"mailto:info@francehelices.fr\">info@francehelices.fr<\/a>[\/vc_column_text][\/vc_column_inner][\/vc_row_inner][\/vc_column][\/vc_row][vc_row full_width=&#8221;stretch_row&#8221; css=&#8221;.vc_custom_1760979906579{background-position: center !important;background-repeat: no-repeat !important;background-size: cover !important;}&#8221;][vc_column][vc_row_inner][vc_column_inner][vc_column_text el_class=&#8221;fancy-heading txt-primary&#8221;]<\/p>\n<h2><strong>EXTENSIVE STUDY<\/strong><\/h2>\n<p>[\/vc_column_text][vc_column_text el_class=&#8221;justify fancy-content&#8221;]FOR AN <strong>EXTENSIVE STUDY<\/strong>, OUR ENGINEERING DEPARTMENT WILL NEED <strong>ACCURATE INFORMATION<\/strong><\/p>\n<p>QUOTATION AND CALCULATION SHEET filled in completely along with the following files :<\/p>\n<ul>\n<li>engine power curves and settings<\/li>\n<li>hull resistance curves in accordance with speed.<\/li>\n<li>hull clearance drawing<\/li>\n<li>drawing of appendages (rudder, bracket, keel shape)<\/li>\n<\/ul>\n<p>Your files can be sent in dwg, step, dxf, sldprt, sldsdrw , sldasm formats\u2026<br \/>\nOur engineering and design department is at your service to assist you in all your projects.[\/vc_column_text][\/vc_column_inner][\/vc_row_inner][\/vc_column][\/vc_row]<\/p>\n","protected":false},"excerpt":{"rendered":"<p>[vc_row css=&#8221;.vc_custom_1750428692379{padding-bottom: 30px !important;}&#8221;][vc_column][vc_column_text] At FRANCE HELICES we study your technical characteristics in order to find the most suitable propeller for your application: An ideal propeller corresponds to your specifications, is silent and allows you to achieve the expected performances while saving fuel and with a minimum of cavitation. In order to centralize the information&hellip;&nbsp;<\/p>\n","protected":false},"author":2,"featured_media":0,"parent":0,"menu_order":0,"comment_status":"closed","ping_status":"closed","template":"","meta":{"_crdt_document":"","neve_meta_sidebar":"","neve_meta_container":"","neve_meta_enable_content_width":"off","neve_meta_content_width":100,"neve_meta_title_alignment":"","neve_meta_author_avatar":"","neve_post_elements_order":"","neve_meta_disable_header":"","neve_meta_disable_footer":"","neve_meta_disable_title":"","footnotes":""},"class_list":["post-9130","page","type-page","status-publish","hentry"],"yoast_head":"<!-- This site is optimized with the Yoast SEO Premium plugin v27.3 (Yoast SEO v27.4) - https:\/\/yoast.com\/product\/yoast-seo-premium-wordpress\/ -->\n<title>Quotations - CALCULATION OF PROPELLERS AND PROPULSION<\/title>\n<meta name=\"description\" content=\"Contact FRANCE HELICES for all your calculations of propellers and propulsion. Ask now for a quotation for conventional systems or surface drive systems.\" \/>\n<meta name=\"robots\" content=\"index, follow, max-snippet:-1, max-image-preview:large, max-video-preview:-1\" \/>\n<link rel=\"canonical\" href=\"https:\/\/www.francehelices.fr\/en\/quotations\/\" \/>\n<meta property=\"og:locale\" content=\"en_US\" \/>\n<meta property=\"og:type\" content=\"article\" \/>\n<meta property=\"og:title\" content=\"Quotations MARINE PROPULSION SYSTEMS\" \/>\n<meta property=\"og:description\" content=\"FRANCE HELICES manufacture &amp; repair marine propulsion systems since 1977. We ship worldwide. Contact us : info@francehelices.fr\" \/>\n<meta property=\"og:url\" content=\"https:\/\/www.francehelices.fr\/en\/quotations\/\" \/>\n<meta property=\"og:site_name\" content=\"France H\u00e9lices | H\u00e9lices et lignes d&#039;arbres pour bateaux moteurs et voiliers\" \/>\n<meta property=\"article:publisher\" content=\"https:\/\/fr-fr.facebook.com\/francehelices\/\" \/>\n<meta property=\"article:modified_time\" content=\"2025-10-20T17:05:09+00:00\" \/>\n<meta property=\"og:image\" content=\"https:\/\/www.francehelices.fr\/wp-content\/uploads\/MARINE-PROPULSION-SYSTEMS.png\" \/>\n\t<meta property=\"og:image:width\" content=\"1200\" \/>\n\t<meta property=\"og:image:height\" content=\"675\" \/>\n\t<meta property=\"og:image:type\" content=\"image\/png\" \/>\n<meta name=\"twitter:card\" content=\"summary_large_image\" \/>\n<meta name=\"twitter:site\" content=\"@FRANCEHELICES\" \/>\n<meta name=\"twitter:label1\" content=\"Est. reading time\" \/>\n\t<meta name=\"twitter:data1\" content=\"2 minutes\" \/>\n<script type=\"application\/ld+json\" class=\"yoast-schema-graph\">{\"@context\":\"https:\\\/\\\/schema.org\",\"@graph\":[{\"@type\":\"WebPage\",\"@id\":\"https:\\\/\\\/www.francehelices.fr\\\/en\\\/quotations\\\/\",\"url\":\"https:\\\/\\\/www.francehelices.fr\\\/en\\\/quotations\\\/\",\"name\":\"Quotations - CALCULATION OF PROPELLERS AND PROPULSION\",\"isPartOf\":{\"@id\":\"https:\\\/\\\/www.francehelices.fr\\\/en\\\/#website\"},\"datePublished\":\"2020-03-02T09:49:09+00:00\",\"dateModified\":\"2025-10-20T17:05:09+00:00\",\"description\":\"Contact FRANCE HELICES for all your calculations of propellers and propulsion. Ask now for a quotation for conventional systems or surface drive systems.\",\"breadcrumb\":{\"@id\":\"https:\\\/\\\/www.francehelices.fr\\\/en\\\/quotations\\\/#breadcrumb\"},\"inLanguage\":\"en-US\",\"potentialAction\":[{\"@type\":\"ReadAction\",\"target\":[\"https:\\\/\\\/www.francehelices.fr\\\/en\\\/quotations\\\/\"]}]},{\"@type\":\"BreadcrumbList\",\"@id\":\"https:\\\/\\\/www.francehelices.fr\\\/en\\\/quotations\\\/#breadcrumb\",\"itemListElement\":[{\"@type\":\"ListItem\",\"position\":1,\"name\":\"Accueil\",\"item\":\"https:\\\/\\\/www.francehelices.fr\\\/en\\\/\"},{\"@type\":\"ListItem\",\"position\":2,\"name\":\"Quotations\"}]},{\"@type\":\"WebSite\",\"@id\":\"https:\\\/\\\/www.francehelices.fr\\\/en\\\/#website\",\"url\":\"https:\\\/\\\/www.francehelices.fr\\\/en\\\/\",\"name\":\"France H\u00e9lices | H\u00e9lices et lignes d arbres pour bateaux moteurs et voiliers\",\"description\":\"Sp\u00e9cialiste propulsion marine depuis 1977\",\"publisher\":{\"@id\":\"https:\\\/\\\/www.francehelices.fr\\\/en\\\/#organization\"},\"potentialAction\":[{\"@type\":\"SearchAction\",\"target\":{\"@type\":\"EntryPoint\",\"urlTemplate\":\"https:\\\/\\\/www.francehelices.fr\\\/en\\\/?s={search_term_string}\"},\"query-input\":{\"@type\":\"PropertyValueSpecification\",\"valueRequired\":true,\"valueName\":\"search_term_string\"}}],\"inLanguage\":\"en-US\"},{\"@type\":[\"Organization\",\"Place\"],\"@id\":\"https:\\\/\\\/www.francehelices.fr\\\/en\\\/#organization\",\"name\":\"FRANCE HELICES\",\"url\":\"https:\\\/\\\/www.francehelices.fr\\\/en\\\/\",\"logo\":{\"@id\":\"https:\\\/\\\/www.francehelices.fr\\\/en\\\/quotations\\\/#local-main-organization-logo\"},\"image\":{\"@id\":\"https:\\\/\\\/www.francehelices.fr\\\/en\\\/quotations\\\/#local-main-organization-logo\"},\"sameAs\":[\"https:\\\/\\\/fr-fr.facebook.com\\\/francehelices\\\/\",\"https:\\\/\\\/x.com\\\/FRANCEHELICES\",\"https:\\\/\\\/www.linkedin.com\\\/company\\\/france-helices-sas\\\/\"],\"telephone\":[],\"openingHoursSpecification\":[{\"@type\":\"OpeningHoursSpecification\",\"dayOfWeek\":[\"Monday\",\"Tuesday\",\"Wednesday\",\"Thursday\",\"Friday\",\"Saturday\",\"Sunday\"],\"opens\":\"09:00\",\"closes\":\"17:00\"}]},{\"@type\":\"ImageObject\",\"inLanguage\":\"en-US\",\"@id\":\"https:\\\/\\\/www.francehelices.fr\\\/en\\\/quotations\\\/#local-main-organization-logo\",\"url\":\"https:\\\/\\\/www.francehelices.fr\\\/wp-content\\\/uploads\\\/societe-2020.jpg\",\"contentUrl\":\"https:\\\/\\\/www.francehelices.fr\\\/wp-content\\\/uploads\\\/societe-2020.jpg\",\"width\":2065,\"height\":1270,\"caption\":\"FRANCE HELICES\"}]}<\/script>\n<!-- \/ Yoast SEO Premium plugin. -->","yoast_head_json":{"title":"Quotations - CALCULATION OF PROPELLERS AND PROPULSION","description":"Contact FRANCE HELICES for all your calculations of propellers and propulsion. Ask now for a quotation for conventional systems or surface drive systems.","robots":{"index":"index","follow":"follow","max-snippet":"max-snippet:-1","max-image-preview":"max-image-preview:large","max-video-preview":"max-video-preview:-1"},"canonical":"https:\/\/www.francehelices.fr\/en\/quotations\/","og_locale":"en_US","og_type":"article","og_title":"Quotations MARINE PROPULSION SYSTEMS","og_description":"FRANCE HELICES manufacture & repair marine propulsion systems since 1977. We ship worldwide. Contact us : info@francehelices.fr","og_url":"https:\/\/www.francehelices.fr\/en\/quotations\/","og_site_name":"France H\u00e9lices | H\u00e9lices et lignes d&#039;arbres pour bateaux moteurs et voiliers","article_publisher":"https:\/\/fr-fr.facebook.com\/francehelices\/","article_modified_time":"2025-10-20T17:05:09+00:00","og_image":[{"width":1200,"height":675,"url":"https:\/\/www.francehelices.fr\/wp-content\/uploads\/MARINE-PROPULSION-SYSTEMS.png","type":"image\/png"}],"twitter_card":"summary_large_image","twitter_site":"@FRANCEHELICES","twitter_misc":{"Est. reading time":"2 minutes"},"schema":{"@context":"https:\/\/schema.org","@graph":[{"@type":"WebPage","@id":"https:\/\/www.francehelices.fr\/en\/quotations\/","url":"https:\/\/www.francehelices.fr\/en\/quotations\/","name":"Quotations - CALCULATION OF PROPELLERS AND PROPULSION","isPartOf":{"@id":"https:\/\/www.francehelices.fr\/en\/#website"},"datePublished":"2020-03-02T09:49:09+00:00","dateModified":"2025-10-20T17:05:09+00:00","description":"Contact FRANCE HELICES for all your calculations of propellers and propulsion. Ask now for a quotation for conventional systems or surface drive systems.","breadcrumb":{"@id":"https:\/\/www.francehelices.fr\/en\/quotations\/#breadcrumb"},"inLanguage":"en-US","potentialAction":[{"@type":"ReadAction","target":["https:\/\/www.francehelices.fr\/en\/quotations\/"]}]},{"@type":"BreadcrumbList","@id":"https:\/\/www.francehelices.fr\/en\/quotations\/#breadcrumb","itemListElement":[{"@type":"ListItem","position":1,"name":"Accueil","item":"https:\/\/www.francehelices.fr\/en\/"},{"@type":"ListItem","position":2,"name":"Quotations"}]},{"@type":"WebSite","@id":"https:\/\/www.francehelices.fr\/en\/#website","url":"https:\/\/www.francehelices.fr\/en\/","name":"France H\u00e9lices | H\u00e9lices et lignes d arbres pour bateaux moteurs et voiliers","description":"Sp\u00e9cialiste propulsion marine depuis 1977","publisher":{"@id":"https:\/\/www.francehelices.fr\/en\/#organization"},"potentialAction":[{"@type":"SearchAction","target":{"@type":"EntryPoint","urlTemplate":"https:\/\/www.francehelices.fr\/en\/?s={search_term_string}"},"query-input":{"@type":"PropertyValueSpecification","valueRequired":true,"valueName":"search_term_string"}}],"inLanguage":"en-US"},{"@type":["Organization","Place"],"@id":"https:\/\/www.francehelices.fr\/en\/#organization","name":"FRANCE HELICES","url":"https:\/\/www.francehelices.fr\/en\/","logo":{"@id":"https:\/\/www.francehelices.fr\/en\/quotations\/#local-main-organization-logo"},"image":{"@id":"https:\/\/www.francehelices.fr\/en\/quotations\/#local-main-organization-logo"},"sameAs":["https:\/\/fr-fr.facebook.com\/francehelices\/","https:\/\/x.com\/FRANCEHELICES","https:\/\/www.linkedin.com\/company\/france-helices-sas\/"],"telephone":[],"openingHoursSpecification":[{"@type":"OpeningHoursSpecification","dayOfWeek":["Monday","Tuesday","Wednesday","Thursday","Friday","Saturday","Sunday"],"opens":"09:00","closes":"17:00"}]},{"@type":"ImageObject","inLanguage":"en-US","@id":"https:\/\/www.francehelices.fr\/en\/quotations\/#local-main-organization-logo","url":"https:\/\/www.francehelices.fr\/wp-content\/uploads\/societe-2020.jpg","contentUrl":"https:\/\/www.francehelices.fr\/wp-content\/uploads\/societe-2020.jpg","width":2065,"height":1270,"caption":"FRANCE HELICES"}]}},"_links":{"self":[{"href":"https:\/\/www.francehelices.fr\/en\/wp-json\/wp\/v2\/pages\/9130","targetHints":{"allow":["GET"]}}],"collection":[{"href":"https:\/\/www.francehelices.fr\/en\/wp-json\/wp\/v2\/pages"}],"about":[{"href":"https:\/\/www.francehelices.fr\/en\/wp-json\/wp\/v2\/types\/page"}],"author":[{"embeddable":true,"href":"https:\/\/www.francehelices.fr\/en\/wp-json\/wp\/v2\/users\/2"}],"replies":[{"embeddable":true,"href":"https:\/\/www.francehelices.fr\/en\/wp-json\/wp\/v2\/comments?post=9130"}],"version-history":[{"count":24,"href":"https:\/\/www.francehelices.fr\/en\/wp-json\/wp\/v2\/pages\/9130\/revisions"}],"predecessor-version":[{"id":26919,"href":"https:\/\/www.francehelices.fr\/en\/wp-json\/wp\/v2\/pages\/9130\/revisions\/26919"}],"wp:attachment":[{"href":"https:\/\/www.francehelices.fr\/en\/wp-json\/wp\/v2\/media?parent=9130"}],"curies":[{"name":"wp","href":"https:\/\/api.w.org\/{rel}","templated":true}]}}