{"id":9128,"date":"2020-03-02T09:47:44","date_gmt":"2020-03-02T09:47:44","guid":{"rendered":"https:\/\/www.francehelices.fr\/en\/?page_id=9128"},"modified":"2025-10-17T17:11:15","modified_gmt":"2025-10-17T17:11:15","slug":"repair","status":"publish","type":"page","link":"https:\/\/www.francehelices.fr\/en\/repair\/","title":{"rendered":"Repair"},"content":{"rendered":"<p>[vc_row full_width=&#8221;stretch_row&#8221; gap=&#8221;35&#8243; css=&#8221;.vc_custom_1760721004914{margin-top: -30px !important;padding-bottom: 20px !important;background-position: center !important;background-repeat: no-repeat !important;background-size: cover !important;}&#8221;][vc_column][vc_row_inner content_placement=&#8221;top&#8221; gap=&#8221;20&#8243; css=&#8221;.vc_custom_1577353634741{background-position: center !important;background-repeat: no-repeat !important;background-size: contain !important;}&#8221;][vc_column_inner][vc_column_text el_class=&#8221;justify&#8221;]<\/p>\n<h2 style=\"text-align: left;\">PROPELLER REPAIR SERVICE<\/h2>\n<p>[\/vc_column_text][vc_separator color=&#8221;custom&#8221; accent_color=&#8221;#ffffff&#8221;][\/vc_column_inner][\/vc_row_inner][vc_row_inner gap=&#8221;20&#8243;][vc_column_inner width=&#8221;1\/2&#8243;][vc_single_image image=&#8221;8697&#8243; img_size=&#8221;full&#8221;][vc_column_text el_class=&#8221;white-txt justify&#8221;]FRANCE HELICES offers the following services, up to 3 m diameter, according to the ISO 484\/2 standard:<\/p>\n<ul>\n<li>blade repair<\/li>\n<li>recharging of blade areas eroded by cavitation or electrolysis<br \/>\n(by metal addition)<\/li>\n<li>blade modification<\/li>\n<li>balancing control and computerized control report (On request at the order)<\/li>\n<li>liquid penetrant inspection of hub and blades<\/li>\n<li>running-in and control of the cone propeller<\/li>\n<li>a report for expertise<\/li>\n<\/ul>\n<p>[\/vc_column_text][\/vc_column_inner][vc_column_inner width=&#8221;1\/2&#8243;][vc_single_image image=&#8221;8774&#8243; img_size=&#8221;full&#8221;][vc_column_text el_class=&#8221;white-txt justify&#8221;]We repair propellers of any size for all applications (Yachts, sailing yachts, passenger ships, fishing vessels, defense ships &#8230;): CPP controllable pitch propeller blades, shaft line mounted propellers, outboard propellers, Duo prop, and IPS &#8230;<\/p>\n<p>Nota : For outboard propellers we do not repair rubber hubs, we only repair propeller blades.<\/p>\n<p>Ask us for a price and lead time for a repair, modification or material recharge on your propeller and send us photos as well as the repair propeller form F050 (lien)<br \/>\nIf you observe cavitation or electrolysis phenomena on your equipment, do not hesitate to contact us.[\/vc_column_text][vc_btn title=&#8221;LEARN MORE&#8221; color=&#8221;info&#8221; align=&#8221;center&#8221; i_type=&#8221;openiconic&#8221; i_icon_openiconic=&#8221;vc-oi vc-oi-doc&#8221; add_icon=&#8221;true&#8221; link=&#8221;url:https%3A%2F%2Ffr.calameo.com%2Fread%2F0054663055b4604656169%3Fpage%3D92||target:%20_blank|&#8221; css=&#8221;.vc_custom_1583159679146{padding-top: 0px !important;padding-bottom: 10px !important;}&#8221;][\/vc_column_inner][\/vc_row_inner][vc_row_inner gap=&#8221;20&#8243;][vc_column_inner width=&#8221;1\/4&#8243;][vc_single_image image=&#8221;7538&#8243; img_size=&#8221;full&#8221; alignment=&#8221;center&#8221; css_animation=&#8221;slideInLeft&#8221;][\/vc_column_inner][vc_column_inner width=&#8221;1\/4&#8243;][vc_column_text el_class=&#8221;justify&#8221;]<\/p>\n<h2 style=\"text-align: left; font-size: 21px !important;\">BRACKET REPAIR SERVICE<\/h2>\n<p>[\/vc_column_text][vc_separator color=&#8221;custom&#8221; accent_color=&#8221;#ffffff&#8221;][vc_column_text el_class=&#8221;white-txt&#8221; css=&#8221;.vc_custom_1583159851384{background-color: rgba(0,0,0,0.01) !important;*background-color: rgb(0,0,0) !important;}&#8221;]FRANCE HELICES proposes :<\/p>\n<ul>\n<li>liquid penetrant testing<\/li>\n<li>welding, straightening according to model or plan<\/li>\n<li>rubber bearing replacement<\/li>\n<li>a report for expertise<\/li>\n<\/ul>\n<p>[\/vc_column_text][\/vc_column_inner][vc_column_inner width=&#8221;1\/4&#8243;][vc_column_text el_class=&#8221;justify size&#8221;]<\/p>\n<h2 style=\"text-align: left; font-size: 21px !important;\">SHAFT LINE REPAIR SERVICE<\/h2>\n<p>[\/vc_column_text][vc_separator color=&#8221;custom&#8221; accent_color=&#8221;#ffffff&#8221;][vc_column_text el_class=&#8221;white-txt&#8221; css=&#8221;.vc_custom_1583159972643{background-color: rgba(0,0,0,0.01) !important;*background-color: rgb(0,0,0) !important;}&#8221;]FRANCE HELICES proposes :<\/p>\n<ul>\n<li>straightness control<\/li>\n<li>liquid penetrant testing<\/li>\n<li>shaft line straightening<\/li>\n<li>coupling flange machining<\/li>\n<li>regrinding of propeller cone<\/li>\n<li>regrinding of the coupling flange<\/li>\n<li>a report for expertise<\/li>\n<\/ul>\n<p>[\/vc_column_text][\/vc_column_inner][vc_column_inner width=&#8221;1\/4&#8243;][vc_single_image image=&#8221;8755&#8243; img_size=&#8221;full&#8221; alignment=&#8221;center&#8221; css_animation=&#8221;slideInRight&#8221;][\/vc_column_inner][\/vc_row_inner][\/vc_column][\/vc_row][vc_row full_width=&#8221;stretch_row&#8221;][vc_column][vc_row_inner gap=&#8221;20&#8243;][vc_column_inner width=&#8221;1\/4&#8243;][vc_column_text el_class=&#8221;beige justify size-txt&#8221;]<\/p>\n<h2 style=\"text-align: left;\">RUDDER REPAIR<br \/>\nSERVICE<\/h2>\n<p>[\/vc_column_text][vc_separator color=&#8221;custom&#8221; accent_color=&#8221;#857040&#8243;][vc_column_text el_class=&#8221;beige&#8221;]FRANCE HELICES offers :<\/p>\n<ul>\n<li>liquid penetrant testing<\/li>\n<li>rudder stock straightness control<\/li>\n<li>rudder tube control<\/li>\n<li>rubber bearing replacement and other supplies<\/li>\n<li>straightening of rudder stock and blade<\/li>\n<li>repair of rudder arm<\/li>\n<li>repair of bearing<\/li>\n<li>a report for expertise<\/li>\n<\/ul>\n<p>[\/vc_column_text][\/vc_column_inner][vc_column_inner width=&#8221;1\/4&#8243;][vc_single_image image=&#8221;7902&#8243; img_size=&#8221;full&#8221; alignment=&#8221;center&#8221; css_animation=&#8221;slideInLeft&#8221;][\/vc_column_inner][vc_column_inner width=&#8221;1\/4&#8243;][vc_single_image image=&#8221;8583&#8243; img_size=&#8221;full&#8221; alignment=&#8221;center&#8221; css_animation=&#8221;slideInRight&#8221;][\/vc_column_inner][vc_column_inner width=&#8221;1\/4&#8243;][vc_column_text el_class=&#8221;beige justify size-txt&#8221;]<\/p>\n<h2 style=\"text-align: left;\">SURFACE DRIVE FIN REPAIR SERVICE<\/h2>\n<p>[\/vc_column_text][vc_separator color=&#8221;custom&#8221; accent_color=&#8221;#857040&#8243;][vc_column_text el_class=&#8221;beige&#8221;]FRANCE HELICES proposes :<\/p>\n<ul>\n<li>fin control<\/li>\n<li>welding, straightening according to model or drawing<\/li>\n<li>finishing<\/li>\n<li>to send your material for inspection or repair,<a href=\"https:\/\/www.francehelices.fr\/en\/contact-uk\/\"> please send us photos and dimensions<\/a><\/li>\n<\/ul>\n<p>[\/vc_column_text][\/vc_column_inner][\/vc_row_inner][\/vc_column][\/vc_row][vc_row full_width=&#8221;stretch_row&#8221; css=&#8221;.vc_custom_1579075360145{padding-bottom: 20px !important;}&#8221;][vc_column][vc_column_text el_class=&#8221;beige justify&#8221;]<\/p>\n<p style=\"text-align: center;\">Our welders master many welding techniques (SMAW, TIG, MIG) on all types of materials; steel, stainless steel, aluminium, bronze, NiBrAl&#8230;<br \/>\nOur control tools are periodically inspected, calibrated by an independent qualified organization.<\/p>\n<p style=\"text-align: center;\">All our services can be approved by classification organizations such as Bureau Veritas, Lloyd&#8217;s, RINA, ABS, CCS&#8230;<br \/>\nFor any request for a report for expertise please ask for it when ordering.<\/p>\n<p>[\/vc_column_text][vc_btn title=&#8221;CONTACT&#8221; color=&#8221;info&#8221; align=&#8221;center&#8221; i_icon_fontawesome=&#8221;fas fa-at&#8221; add_icon=&#8221;true&#8221; link=&#8221;url:https%3A%2F%2Fwww.francehelices.fr%2Fen%2Fcontact-uk%2F|title:Contact%20uk||&#8221; css=&#8221;.vc_custom_1750149206149{padding-top: 0px !important;padding-bottom: 10px !important;}&#8221;][\/vc_column][\/vc_row]<\/p>\n","protected":false},"excerpt":{"rendered":"<p>[vc_row full_width=&#8221;stretch_row&#8221; gap=&#8221;35&#8243; css=&#8221;.vc_custom_1760721004914{margin-top: -30px !important;padding-bottom: 20px !important;background-position: center !important;background-repeat: no-repeat !important;background-size: cover !important;}&#8221;][vc_column][vc_row_inner content_placement=&#8221;top&#8221; gap=&#8221;20&#8243; css=&#8221;.vc_custom_1577353634741{background-position: center !important;background-repeat: no-repeat !important;background-size: contain !important;}&#8221;][vc_column_inner][vc_column_text el_class=&#8221;justify&#8221;] PROPELLER REPAIR SERVICE [\/vc_column_text][vc_separator color=&#8221;custom&#8221; accent_color=&#8221;#ffffff&#8221;][\/vc_column_inner][\/vc_row_inner][vc_row_inner gap=&#8221;20&#8243;][vc_column_inner width=&#8221;1\/2&#8243;][vc_single_image image=&#8221;8697&#8243; img_size=&#8221;full&#8221;][vc_column_text el_class=&#8221;white-txt justify&#8221;]FRANCE HELICES offers the following services, up to 3 m diameter, according to the ISO 484\/2 standard: blade repair recharging&hellip;&nbsp;<\/p>\n","protected":false},"author":2,"featured_media":0,"parent":0,"menu_order":0,"comment_status":"closed","ping_status":"closed","template":"","meta":{"_crdt_document":"","neve_meta_sidebar":"","neve_meta_container":"","neve_meta_enable_content_width":"off","neve_meta_content_width":100,"neve_meta_title_alignment":"","neve_meta_author_avatar":"","neve_post_elements_order":"","neve_meta_disable_header":"","neve_meta_disable_footer":"","neve_meta_disable_title":"","footnotes":""},"class_list":["post-9128","page","type-page","status-publish","hentry"],"yoast_head":"<!-- This site is optimized with the Yoast SEO Premium plugin v27.3 (Yoast SEO v27.4) - https:\/\/yoast.com\/product\/yoast-seo-premium-wordpress\/ -->\n<title>Repair - France H\u00e9lices | H\u00e9lices et lignes d&#039;arbres pour bateaux moteurs et voiliers<\/title>\n<meta name=\"description\" content=\"FRANCE HELICES develops, calculates, designs and manufactures complete packages (shaft line, propeller, bracket, rudder\u2026) in France according to your specifications. More than a manufacturer and repairer of marine propulsion systems, FRANCE HELICES advises you from the very first drawings of your vessel.\" \/>\n<meta name=\"robots\" content=\"index, follow, max-snippet:-1, max-image-preview:large, max-video-preview:-1\" \/>\n<link rel=\"canonical\" href=\"https:\/\/www.francehelices.fr\/en\/repair\/\" \/>\n<meta property=\"og:locale\" content=\"en_US\" \/>\n<meta property=\"og:type\" content=\"article\" \/>\n<meta property=\"og:title\" content=\"Repair MARINE PROPULSION SYSTEMS\" \/>\n<meta property=\"og:description\" content=\"FRANCE HELICES manufacture &amp; repair marine propulsion systems since 1977. We ship worldwide. Contact us : info@francehelices.fr\" \/>\n<meta property=\"og:url\" content=\"https:\/\/www.francehelices.fr\/en\/repair\/\" \/>\n<meta property=\"og:site_name\" content=\"France H\u00e9lices | H\u00e9lices et lignes d&#039;arbres pour bateaux moteurs et voiliers\" \/>\n<meta property=\"article:publisher\" content=\"https:\/\/fr-fr.facebook.com\/francehelices\/\" \/>\n<meta property=\"article:modified_time\" content=\"2025-10-17T17:11:15+00:00\" \/>\n<meta property=\"og:image\" content=\"https:\/\/www.francehelices.fr\/wp-content\/uploads\/MARINE-PROPULSION-SYSTEMS.png\" \/>\n\t<meta property=\"og:image:width\" content=\"1200\" \/>\n\t<meta property=\"og:image:height\" content=\"675\" \/>\n\t<meta property=\"og:image:type\" content=\"image\/png\" \/>\n<meta name=\"twitter:card\" content=\"summary_large_image\" \/>\n<meta name=\"twitter:site\" content=\"@FRANCEHELICES\" \/>\n<meta name=\"twitter:label1\" content=\"Est. reading time\" \/>\n\t<meta name=\"twitter:data1\" content=\"4 minutes\" \/>\n<script type=\"application\/ld+json\" class=\"yoast-schema-graph\">{\"@context\":\"https:\\\/\\\/schema.org\",\"@graph\":[{\"@type\":\"WebPage\",\"@id\":\"https:\\\/\\\/www.francehelices.fr\\\/en\\\/repair\\\/\",\"url\":\"https:\\\/\\\/www.francehelices.fr\\\/en\\\/repair\\\/\",\"name\":\"Repair - France H\u00e9lices | H\u00e9lices et lignes d&#039;arbres pour bateaux moteurs et voiliers\",\"isPartOf\":{\"@id\":\"https:\\\/\\\/www.francehelices.fr\\\/en\\\/#website\"},\"datePublished\":\"2020-03-02T09:47:44+00:00\",\"dateModified\":\"2025-10-17T17:11:15+00:00\",\"description\":\"FRANCE HELICES develops, calculates, designs and manufactures complete packages (shaft line, propeller, bracket, rudder\u2026) in France according to your specifications. More than a manufacturer and repairer of marine propulsion systems, FRANCE HELICES advises you from the very first drawings of your vessel.\",\"breadcrumb\":{\"@id\":\"https:\\\/\\\/www.francehelices.fr\\\/en\\\/repair\\\/#breadcrumb\"},\"inLanguage\":\"en-US\",\"potentialAction\":[{\"@type\":\"ReadAction\",\"target\":[\"https:\\\/\\\/www.francehelices.fr\\\/en\\\/repair\\\/\"]}]},{\"@type\":\"BreadcrumbList\",\"@id\":\"https:\\\/\\\/www.francehelices.fr\\\/en\\\/repair\\\/#breadcrumb\",\"itemListElement\":[{\"@type\":\"ListItem\",\"position\":1,\"name\":\"Accueil\",\"item\":\"https:\\\/\\\/www.francehelices.fr\\\/en\\\/\"},{\"@type\":\"ListItem\",\"position\":2,\"name\":\"Repair\"}]},{\"@type\":\"WebSite\",\"@id\":\"https:\\\/\\\/www.francehelices.fr\\\/en\\\/#website\",\"url\":\"https:\\\/\\\/www.francehelices.fr\\\/en\\\/\",\"name\":\"France H\u00e9lices | H\u00e9lices et lignes d arbres pour bateaux moteurs et voiliers\",\"description\":\"Sp\u00e9cialiste propulsion marine depuis 1977\",\"publisher\":{\"@id\":\"https:\\\/\\\/www.francehelices.fr\\\/en\\\/#organization\"},\"potentialAction\":[{\"@type\":\"SearchAction\",\"target\":{\"@type\":\"EntryPoint\",\"urlTemplate\":\"https:\\\/\\\/www.francehelices.fr\\\/en\\\/?s={search_term_string}\"},\"query-input\":{\"@type\":\"PropertyValueSpecification\",\"valueRequired\":true,\"valueName\":\"search_term_string\"}}],\"inLanguage\":\"en-US\"},{\"@type\":[\"Organization\",\"Place\"],\"@id\":\"https:\\\/\\\/www.francehelices.fr\\\/en\\\/#organization\",\"name\":\"FRANCE HELICES\",\"url\":\"https:\\\/\\\/www.francehelices.fr\\\/en\\\/\",\"logo\":{\"@id\":\"https:\\\/\\\/www.francehelices.fr\\\/en\\\/repair\\\/#local-main-organization-logo\"},\"image\":{\"@id\":\"https:\\\/\\\/www.francehelices.fr\\\/en\\\/repair\\\/#local-main-organization-logo\"},\"sameAs\":[\"https:\\\/\\\/fr-fr.facebook.com\\\/francehelices\\\/\",\"https:\\\/\\\/x.com\\\/FRANCEHELICES\",\"https:\\\/\\\/www.linkedin.com\\\/company\\\/france-helices-sas\\\/\"],\"telephone\":[],\"openingHoursSpecification\":[{\"@type\":\"OpeningHoursSpecification\",\"dayOfWeek\":[\"Monday\",\"Tuesday\",\"Wednesday\",\"Thursday\",\"Friday\",\"Saturday\",\"Sunday\"],\"opens\":\"09:00\",\"closes\":\"17:00\"}]},{\"@type\":\"ImageObject\",\"inLanguage\":\"en-US\",\"@id\":\"https:\\\/\\\/www.francehelices.fr\\\/en\\\/repair\\\/#local-main-organization-logo\",\"url\":\"https:\\\/\\\/www.francehelices.fr\\\/wp-content\\\/uploads\\\/societe-2020.jpg\",\"contentUrl\":\"https:\\\/\\\/www.francehelices.fr\\\/wp-content\\\/uploads\\\/societe-2020.jpg\",\"width\":2065,\"height\":1270,\"caption\":\"FRANCE HELICES\"}]}<\/script>\n<!-- \/ Yoast SEO Premium plugin. -->","yoast_head_json":{"title":"Repair - France H\u00e9lices | H\u00e9lices et lignes d&#039;arbres pour bateaux moteurs et voiliers","description":"FRANCE HELICES develops, calculates, designs and manufactures complete packages (shaft line, propeller, bracket, rudder\u2026) in France according to your specifications. More than a manufacturer and repairer of marine propulsion systems, FRANCE HELICES advises you from the very first drawings of your vessel.","robots":{"index":"index","follow":"follow","max-snippet":"max-snippet:-1","max-image-preview":"max-image-preview:large","max-video-preview":"max-video-preview:-1"},"canonical":"https:\/\/www.francehelices.fr\/en\/repair\/","og_locale":"en_US","og_type":"article","og_title":"Repair MARINE PROPULSION SYSTEMS","og_description":"FRANCE HELICES manufacture & repair marine propulsion systems since 1977. We ship worldwide. Contact us : info@francehelices.fr","og_url":"https:\/\/www.francehelices.fr\/en\/repair\/","og_site_name":"France H\u00e9lices | H\u00e9lices et lignes d&#039;arbres pour bateaux moteurs et voiliers","article_publisher":"https:\/\/fr-fr.facebook.com\/francehelices\/","article_modified_time":"2025-10-17T17:11:15+00:00","og_image":[{"width":1200,"height":675,"url":"https:\/\/www.francehelices.fr\/wp-content\/uploads\/MARINE-PROPULSION-SYSTEMS.png","type":"image\/png"}],"twitter_card":"summary_large_image","twitter_site":"@FRANCEHELICES","twitter_misc":{"Est. reading time":"4 minutes"},"schema":{"@context":"https:\/\/schema.org","@graph":[{"@type":"WebPage","@id":"https:\/\/www.francehelices.fr\/en\/repair\/","url":"https:\/\/www.francehelices.fr\/en\/repair\/","name":"Repair - France H\u00e9lices | H\u00e9lices et lignes d&#039;arbres pour bateaux moteurs et voiliers","isPartOf":{"@id":"https:\/\/www.francehelices.fr\/en\/#website"},"datePublished":"2020-03-02T09:47:44+00:00","dateModified":"2025-10-17T17:11:15+00:00","description":"FRANCE HELICES develops, calculates, designs and manufactures complete packages (shaft line, propeller, bracket, rudder\u2026) in France according to your specifications. More than a manufacturer and repairer of marine propulsion systems, FRANCE HELICES advises you from the very first drawings of your vessel.","breadcrumb":{"@id":"https:\/\/www.francehelices.fr\/en\/repair\/#breadcrumb"},"inLanguage":"en-US","potentialAction":[{"@type":"ReadAction","target":["https:\/\/www.francehelices.fr\/en\/repair\/"]}]},{"@type":"BreadcrumbList","@id":"https:\/\/www.francehelices.fr\/en\/repair\/#breadcrumb","itemListElement":[{"@type":"ListItem","position":1,"name":"Accueil","item":"https:\/\/www.francehelices.fr\/en\/"},{"@type":"ListItem","position":2,"name":"Repair"}]},{"@type":"WebSite","@id":"https:\/\/www.francehelices.fr\/en\/#website","url":"https:\/\/www.francehelices.fr\/en\/","name":"France H\u00e9lices | H\u00e9lices et lignes d arbres pour bateaux moteurs et voiliers","description":"Sp\u00e9cialiste propulsion marine depuis 1977","publisher":{"@id":"https:\/\/www.francehelices.fr\/en\/#organization"},"potentialAction":[{"@type":"SearchAction","target":{"@type":"EntryPoint","urlTemplate":"https:\/\/www.francehelices.fr\/en\/?s={search_term_string}"},"query-input":{"@type":"PropertyValueSpecification","valueRequired":true,"valueName":"search_term_string"}}],"inLanguage":"en-US"},{"@type":["Organization","Place"],"@id":"https:\/\/www.francehelices.fr\/en\/#organization","name":"FRANCE HELICES","url":"https:\/\/www.francehelices.fr\/en\/","logo":{"@id":"https:\/\/www.francehelices.fr\/en\/repair\/#local-main-organization-logo"},"image":{"@id":"https:\/\/www.francehelices.fr\/en\/repair\/#local-main-organization-logo"},"sameAs":["https:\/\/fr-fr.facebook.com\/francehelices\/","https:\/\/x.com\/FRANCEHELICES","https:\/\/www.linkedin.com\/company\/france-helices-sas\/"],"telephone":[],"openingHoursSpecification":[{"@type":"OpeningHoursSpecification","dayOfWeek":["Monday","Tuesday","Wednesday","Thursday","Friday","Saturday","Sunday"],"opens":"09:00","closes":"17:00"}]},{"@type":"ImageObject","inLanguage":"en-US","@id":"https:\/\/www.francehelices.fr\/en\/repair\/#local-main-organization-logo","url":"https:\/\/www.francehelices.fr\/wp-content\/uploads\/societe-2020.jpg","contentUrl":"https:\/\/www.francehelices.fr\/wp-content\/uploads\/societe-2020.jpg","width":2065,"height":1270,"caption":"FRANCE HELICES"}]}},"_links":{"self":[{"href":"https:\/\/www.francehelices.fr\/en\/wp-json\/wp\/v2\/pages\/9128","targetHints":{"allow":["GET"]}}],"collection":[{"href":"https:\/\/www.francehelices.fr\/en\/wp-json\/wp\/v2\/pages"}],"about":[{"href":"https:\/\/www.francehelices.fr\/en\/wp-json\/wp\/v2\/types\/page"}],"author":[{"embeddable":true,"href":"https:\/\/www.francehelices.fr\/en\/wp-json\/wp\/v2\/users\/2"}],"replies":[{"embeddable":true,"href":"https:\/\/www.francehelices.fr\/en\/wp-json\/wp\/v2\/comments?post=9128"}],"version-history":[{"count":27,"href":"https:\/\/www.francehelices.fr\/en\/wp-json\/wp\/v2\/pages\/9128\/revisions"}],"predecessor-version":[{"id":26527,"href":"https:\/\/www.francehelices.fr\/en\/wp-json\/wp\/v2\/pages\/9128\/revisions\/26527"}],"wp:attachment":[{"href":"https:\/\/www.francehelices.fr\/en\/wp-json\/wp\/v2\/media?parent=9128"}],"curies":[{"name":"wp","href":"https:\/\/api.w.org\/{rel}","templated":true}]}}