{"id":9122,"date":"2020-03-02T09:44:33","date_gmt":"2020-03-02T09:44:33","guid":{"rendered":"https:\/\/www.francehelices.fr\/en\/?page_id=9122"},"modified":"2025-10-17T17:18:54","modified_gmt":"2025-10-17T17:18:54","slug":"company","status":"publish","type":"page","link":"https:\/\/www.francehelices.fr\/en\/company\/","title":{"rendered":"Company"},"content":{"rendered":"<p>[vc_row full_width=&#8221;stretch_row_content&#8221; css=&#8221;.vc_custom_1579776432194{padding-top: 30px !important;padding-bottom: 30px !important;}&#8221;][vc_column][vc_column_text]<\/p>\n<h1 style=\"text-align: center; text-transform: uppercase; font-weight: 300; font-size: 35px; color: black;\"><span style=\"color: #000000;\">FRANCE HELICES, MORE THAN 40 YEARS OF EXPERIENCE AND EXPERTISE<\/span><\/h1>\n<p style=\"text-align: center;\">Created in 1977 by Mr. PAUL BEZZI, FRANCE HELICES quickly became one of the world leaders in the manufacture and repair of marine propulsion systems.<\/p>\n<p>[\/vc_column_text][\/vc_column][\/vc_row][vc_row full_width=&#8221;stretch_row&#8221; css=&#8221;.vc_custom_1760721531376{padding-top: 20px !important;padding-bottom: 20px !important;background-image: url(https:\/\/www.francehelices.fr\/wp-content\/uploads\/fabrication-bg6.jpg?id=8642) !important;background-position: center !important;background-repeat: no-repeat !important;background-size: cover !important;}&#8221; el_class=&#8221;txt-white&#8221;][vc_column][vc_column_text el_class=&#8221;txt-shadow-white justify&#8221;]<\/p>\n<p style=\"text-align: center;\">FRANCE HELICES French leader in marine propulsion since 1977 supports you in all your projects.<\/p>\n<p>[\/vc_column_text][vc_row_inner gap=&#8221;35&#8243;][vc_column_inner width=&#8221;1\/2&#8243;][vc_column_text el_class=&#8221;txt-shadow-white&#8221;]<\/p>\n<h2><span style=\"color: #ffffff;\"><strong>CONSULTANCY<\/strong><\/span><\/h2>\n<p>[\/vc_column_text][vc_separator color=&#8221;white&#8221; align=&#8221;align_left&#8221;][vc_column_text el_class=&#8221;txt-shadow-white justify&#8221;]More than manufacturing and repairing of marine propulsion systems, FRANCE HELICES advises you from the very first drawing of your vessel to optimize the hull and its performance.<\/p>\n<p>FRANCE HELICES can carry out on request calculations of vibrations and measurements on board, laser control and alignment, and studies of noises linked to propulsion.<\/p>\n<p>We work with architects, shipbuilding, maintenance and repair yards, engine manufacturers&#8230;<\/p>\n<p>FRANCE HELICES can carry out a complete study of hull resistance and identification of the wake factor, taylor factor by CFD when plans are provided by the architect or the shipyard.[\/vc_column_text][\/vc_column_inner][vc_column_inner width=&#8221;1\/2&#8243;][vc_column_text el_class=&#8221;txt-shadow-white&#8221;]<\/p>\n<h2><span style=\"color: #ffffff;\"><strong>MANUFACTURE<\/strong><\/span><\/h2>\n<p>[\/vc_column_text][vc_separator color=&#8221;white&#8221; align=&#8221;align_left&#8221;][vc_column_text el_class=&#8221;txt-shadow-white justify&#8221;]FRANCE HELICES develops, calculates, designs and manufactures its products in France according to your specifications.<\/p>\n<p>Complete marine propulsion systems in unit or in series, standard or made to measure. FRANCE HELICES is your best partner.<\/p>\n<p>All our marine propulsion systems can be approved by classification organizations such as Bureau Veritas, Lloyd&#8217;s Register, Rina , ABS, CCS&#8230;<\/p>\n<p>For an offer, <a href=\"https:\/\/www.francehelices.fr\/en\/quotations\/\">Contact us<\/a><\/p>\n<p><a href=\"https:\/\/www.francehelices.fr\/en\/products\/\">See our products<\/a>.[\/vc_column_text][\/vc_column_inner][\/vc_row_inner][vc_row_inner gap=&#8221;35&#8243;][vc_column_inner width=&#8221;1\/2&#8243;][vc_column_text el_class=&#8221;txt-shadow-white&#8221;]<\/p>\n<h2><span style=\"color: #ffffff;\"><strong>REPAIR AND MODIFICATION<\/strong><\/span><\/h2>\n<p>[\/vc_column_text][vc_separator color=&#8221;white&#8221; align=&#8221;align_left&#8221;][vc_column_text el_class=&#8221;txt-shadow-white justify&#8221;]After a diagnosis in our workshops, FRANCE HELICES encourages, when possible, the repair and modification of parts in accordance with the state of the art, in order to limit the downtime of the vessel and the cost compared to a new product.<\/p>\n<p>For classified ships, we work in collaboration with classification organizations such as Bureau Veritas, Lloyd&#8217;s Register, Rina, ABS&#8230;<\/p>\n<p>For an offer, <a href=\"https:\/\/www.francehelices.fr\/en\/contact-uk\/\">Contact us<\/a>.<\/p>\n<p>You can also send or drop off your equipment directly on one of our sites.<\/p>\n<p><a href=\"https:\/\/www.francehelices.fr\/en\/repair\/\">See page maintenance and repair<\/a>.[\/vc_column_text][\/vc_column_inner][vc_column_inner width=&#8221;1\/2&#8243;][vc_column_text el_class=&#8221;txt-shadow-white&#8221;]<\/p>\n<h2><span style=\"color: #ffffff;\"><strong>MAINTENANCE AND REPAIR<\/strong><\/span><\/h2>\n<p>[\/vc_column_text][vc_separator color=&#8221;white&#8221; align=&#8221;align_left&#8221;][vc_column_text el_class=&#8221;txt-shadow-white justify&#8221;]In order to guarantee optimal performance over time we recommend that you have your propulsion equipment checked at each refit. Quality maintenance and repairs will allow you to keep your propeller performance at the same level for many years.<\/p>\n<p><a href=\"https:\/\/www.francehelices.fr\/en\/contact-uk\/\">Contact us<\/a> for more information.<\/p>\n<p>FRANCE HELICES ships the goods, according to your request, all over the world wherever you are.[\/vc_column_text][\/vc_column_inner][\/vc_row_inner][vc_row_inner][vc_column_inner width=&#8221;1\/3&#8243;][vc_single_image image=&#8221;9186&#8243; img_size=&#8221;full&#8221; alignment=&#8221;center&#8221;][\/vc_column_inner][vc_column_inner width=&#8221;1\/3&#8243;][vc_single_image image=&#8221;9188&#8243; img_size=&#8221;full&#8221; alignment=&#8221;center&#8221;][\/vc_column_inner][vc_column_inner width=&#8221;1\/3&#8243;][vc_single_image image=&#8221;9190&#8243; img_size=&#8221;full&#8221; alignment=&#8221;center&#8221;][\/vc_column_inner][\/vc_row_inner][\/vc_column][\/vc_row][vc_row][vc_column][vc_column_text el_class=&#8221;beige justify&#8221;]<\/p>\n<h2><strong><span style=\"color: #857040;\">IN OUR FACTORIES YOU WILL FIND MEN, MACHINES AND EXPERTISE FOR: <\/span><\/strong><\/h2>\n<p>[\/vc_column_text][vc_separator color=&#8221;custom&#8221; align=&#8221;align_left&#8221; accent_color=&#8221;#857040&#8243;][vc_row_inner][vc_column_inner width=&#8221;1\/4&#8243;][vc_column_text el_class=&#8221;beige&#8221;]<\/p>\n<ul>\n<li>Milling<\/li>\n<li>Machining<\/li>\n<li>Precision fit<\/li>\n<li>Grinding<\/li>\n<li>Welding<\/li>\n<li>Assembling<\/li>\n<li>Spare parts<\/li>\n<li>Engineering<\/li>\n<li>Sales, administrative, accounting department<br \/>\nquality department\u2026<\/li>\n<\/ul>\n<p>[\/vc_column_text][\/vc_column_inner][vc_column_inner width=&#8221;3\/4&#8243;][vc_single_image image=&#8221;8508&#8243; img_size=&#8221;full&#8221; alignment=&#8221;center&#8221;][\/vc_column_inner][\/vc_row_inner][\/vc_column][\/vc_row][vc_row][vc_column][vc_column_text el_class=&#8221;ul-space&#8221;]<\/p>\n<ul>\n<li style=\"margin: 12px !important;\">In <strong>2020<\/strong>, expansion of the FRANCE HELICES Concarneau production plant for the manufacture and repair of large propulsions.<\/li>\n<li style=\"margin: 12px !important;\">In <strong>2018<\/strong>, creation of a prototype drive for 100% electric ships.<\/li>\n<li style=\"margin: 12px !important;\">In <strong>2018<\/strong> transfer of the activity (maintenance, repairs, after-sales service, manufacture of CPP RENOU DARDEL wear parts from the Dammarie les lys site to the FRANCE HELICES Concarneau site.<\/li>\n<li style=\"margin: 12px !important;\">In <strong>2018<\/strong>, FRANCE HELICES Cannes is certified ISO 9001 : 2015 by BUREAU VERITAS Certification for its fields of activities: design, manufacturing, marketing and repair of marine propeller propulsion systems.<\/li>\n<li style=\"margin: 12px !important;\">In <strong>2017<\/strong>, FRANCE HELICES Cannes is recognized by the EPV label, a reward from the French state for the excellence of French traditional and industrial know-how.<\/li>\n<li style=\"margin: 12px !important;\">In <strong>2001<\/strong> Cr\u00e9ation filiale BOAT PROPULSION ITALIA , ventes et r\u00e9parations syst\u00e8mes de propulsion marine https:\/\/www.boatpropulsionitalia.com\/<\/li>\n<li style=\"margin: 12px !important;\">In <strong>1997<\/strong>, fusion of the SIMEG (Concarneau) and RENOU DARDEL company (Dammarie les lys) sites to become FRANCE HELICES, and share of knowledge between sites.<\/li>\n<li style=\"margin: 12px !important;\">In <strong>1993<\/strong>, acquisition of SIMEG, a company specialized in propulsion for fishing and work vessels. (Company created in 1977)<\/li>\n<li style=\"margin: 12px !important;\">In <strong>1993<\/strong>, manufacturing of SDS surface drives for high-speed vessels by FRANCE HELICES , <a href=\"https:\/\/www.surfacedrivesystem.fr\/history\/\" target=\"_blank\" rel=\"noopener noreferrer\">https:\/\/www.surfacedrivesystem.fr\/history\/<\/a><\/li>\n<li style=\"margin: 12px !important;\">In <strong>1991<\/strong>, purchase of the company RENOU DARDEL and its foundry, a hundred-year-old production plant specialized in controllable pitch propellers and professional propellers <a href=\"https:\/\/www.youtube.com\/watch?v=z_XL08Yyyuk\" target=\"_blank\" rel=\"noopener noreferrer\">https:\/\/www.youtube.com\/watch?v=z_XL08Yyyuk<\/a>.<\/li>\n<li style=\"margin: 12px !important;\">In <strong>1986<\/strong> Importation of American propulsion systems for Europe and Turkey, which were not known in Europe at that time.<\/li>\n<li style=\"margin: 12px !important;\">In the <strong>1980s<\/strong>, creation of new surface piercing propeller blade profiles for high-speed ships, tested in cavitation tunnels and CNC machined.<\/li>\n<li style=\"margin: 12px !important;\">In <strong>1977<\/strong> foundation of FRANCE HELICES, a company specialized at the time in yachting.<\/li>\n<\/ul>\n<p>[\/vc_column_text][vc_column_text el_class=&#8221;beige justify&#8221;]<\/p>\n<p style=\"text-align: center;\">Every year FRANCE HELICES invests in new technologies to meet your most challenging requirements.<\/p>\n<p>[\/vc_column_text][\/vc_column][\/vc_row]<\/p>\n","protected":false},"excerpt":{"rendered":"<p>[vc_row full_width=&#8221;stretch_row_content&#8221; css=&#8221;.vc_custom_1579776432194{padding-top: 30px !important;padding-bottom: 30px !important;}&#8221;][vc_column][vc_column_text] FRANCE HELICES, MORE THAN 40 YEARS OF EXPERIENCE AND EXPERTISE Created in 1977 by Mr. PAUL BEZZI, FRANCE HELICES quickly became one of the world leaders in the manufacture and repair of marine propulsion systems. [\/vc_column_text][\/vc_column][\/vc_row][vc_row full_width=&#8221;stretch_row&#8221; css=&#8221;.vc_custom_1760721531376{padding-top: 20px !important;padding-bottom: 20px !important;background-image: url(https:\/\/www.francehelices.fr\/wp-content\/uploads\/fabrication-bg6.jpg?id=8642) !important;background-position: center !important;background-repeat: no-repeat !important;background-size:&hellip;&nbsp;<\/p>\n","protected":false},"author":2,"featured_media":0,"parent":0,"menu_order":0,"comment_status":"closed","ping_status":"closed","template":"","meta":{"_crdt_document":"","neve_meta_sidebar":"","neve_meta_container":"","neve_meta_enable_content_width":"off","neve_meta_content_width":100,"neve_meta_title_alignment":"","neve_meta_author_avatar":"","neve_post_elements_order":"","neve_meta_disable_header":"","neve_meta_disable_footer":"","neve_meta_disable_title":"","footnotes":""},"class_list":["post-9122","page","type-page","status-publish","hentry"],"yoast_head":"<!-- This site is optimized with the Yoast SEO Premium plugin v27.3 (Yoast SEO v27.4) - https:\/\/yoast.com\/product\/yoast-seo-premium-wordpress\/ -->\n<title>Company - France H\u00e9lices | H\u00e9lices et lignes d&#039;arbres pour bateaux moteurs et voiliers<\/title>\n<meta name=\"description\" content=\"FRANCE HELICES was created in 1977 in FRANCE by M. Paul BEZZI, specialized in manufactoring and repairing of marine propulsion systems.\" \/>\n<meta name=\"robots\" content=\"index, follow, max-snippet:-1, max-image-preview:large, max-video-preview:-1\" \/>\n<link rel=\"canonical\" href=\"https:\/\/www.francehelices.fr\/en\/company\/\" \/>\n<meta property=\"og:locale\" content=\"en_US\" \/>\n<meta property=\"og:type\" content=\"article\" \/>\n<meta property=\"og:title\" content=\"Company MARINE PROPULSION SYSTEMS\" \/>\n<meta property=\"og:description\" content=\"FRANCE HELICES manufacture &amp; repair marine propulsion systems since 1977. We ship worldwide. Contact us : info@francehelices.fr\" \/>\n<meta property=\"og:url\" content=\"https:\/\/www.francehelices.fr\/en\/company\/\" \/>\n<meta property=\"og:site_name\" content=\"France H\u00e9lices | H\u00e9lices et lignes d&#039;arbres pour bateaux moteurs et voiliers\" \/>\n<meta property=\"article:publisher\" content=\"https:\/\/fr-fr.facebook.com\/francehelices\/\" \/>\n<meta property=\"article:modified_time\" content=\"2025-10-17T17:18:54+00:00\" \/>\n<meta property=\"og:image\" content=\"https:\/\/www.francehelices.fr\/wp-content\/uploads\/MARINE-PROPULSION-SYSTEMS.png\" \/>\n\t<meta property=\"og:image:width\" content=\"1200\" \/>\n\t<meta property=\"og:image:height\" content=\"675\" \/>\n\t<meta property=\"og:image:type\" content=\"image\/png\" \/>\n<meta name=\"twitter:card\" content=\"summary_large_image\" \/>\n<meta name=\"twitter:site\" content=\"@FRANCEHELICES\" \/>\n<meta name=\"twitter:label1\" content=\"Est. reading time\" \/>\n\t<meta name=\"twitter:data1\" content=\"4 minutes\" \/>\n<script type=\"application\/ld+json\" class=\"yoast-schema-graph\">{\"@context\":\"https:\\\/\\\/schema.org\",\"@graph\":[{\"@type\":\"WebPage\",\"@id\":\"https:\\\/\\\/www.francehelices.fr\\\/en\\\/company\\\/\",\"url\":\"https:\\\/\\\/www.francehelices.fr\\\/en\\\/company\\\/\",\"name\":\"Company - France H\u00e9lices | H\u00e9lices et lignes d&#039;arbres pour bateaux moteurs et voiliers\",\"isPartOf\":{\"@id\":\"https:\\\/\\\/www.francehelices.fr\\\/en\\\/#website\"},\"datePublished\":\"2020-03-02T09:44:33+00:00\",\"dateModified\":\"2025-10-17T17:18:54+00:00\",\"description\":\"FRANCE HELICES was created in 1977 in FRANCE by M. Paul BEZZI, specialized in manufactoring and repairing of marine propulsion systems.\",\"breadcrumb\":{\"@id\":\"https:\\\/\\\/www.francehelices.fr\\\/en\\\/company\\\/#breadcrumb\"},\"inLanguage\":\"en-US\",\"potentialAction\":[{\"@type\":\"ReadAction\",\"target\":[\"https:\\\/\\\/www.francehelices.fr\\\/en\\\/company\\\/\"]}]},{\"@type\":\"BreadcrumbList\",\"@id\":\"https:\\\/\\\/www.francehelices.fr\\\/en\\\/company\\\/#breadcrumb\",\"itemListElement\":[{\"@type\":\"ListItem\",\"position\":1,\"name\":\"Accueil\",\"item\":\"https:\\\/\\\/www.francehelices.fr\\\/en\\\/\"},{\"@type\":\"ListItem\",\"position\":2,\"name\":\"Company\"}]},{\"@type\":\"WebSite\",\"@id\":\"https:\\\/\\\/www.francehelices.fr\\\/en\\\/#website\",\"url\":\"https:\\\/\\\/www.francehelices.fr\\\/en\\\/\",\"name\":\"France H\u00e9lices | H\u00e9lices et lignes d arbres pour bateaux moteurs et voiliers\",\"description\":\"Sp\u00e9cialiste propulsion marine depuis 1977\",\"publisher\":{\"@id\":\"https:\\\/\\\/www.francehelices.fr\\\/en\\\/#organization\"},\"potentialAction\":[{\"@type\":\"SearchAction\",\"target\":{\"@type\":\"EntryPoint\",\"urlTemplate\":\"https:\\\/\\\/www.francehelices.fr\\\/en\\\/?s={search_term_string}\"},\"query-input\":{\"@type\":\"PropertyValueSpecification\",\"valueRequired\":true,\"valueName\":\"search_term_string\"}}],\"inLanguage\":\"en-US\"},{\"@type\":[\"Organization\",\"Place\"],\"@id\":\"https:\\\/\\\/www.francehelices.fr\\\/en\\\/#organization\",\"name\":\"FRANCE HELICES\",\"url\":\"https:\\\/\\\/www.francehelices.fr\\\/en\\\/\",\"logo\":{\"@id\":\"https:\\\/\\\/www.francehelices.fr\\\/en\\\/company\\\/#local-main-organization-logo\"},\"image\":{\"@id\":\"https:\\\/\\\/www.francehelices.fr\\\/en\\\/company\\\/#local-main-organization-logo\"},\"sameAs\":[\"https:\\\/\\\/fr-fr.facebook.com\\\/francehelices\\\/\",\"https:\\\/\\\/x.com\\\/FRANCEHELICES\",\"https:\\\/\\\/www.linkedin.com\\\/company\\\/france-helices-sas\\\/\"],\"telephone\":[],\"openingHoursSpecification\":[{\"@type\":\"OpeningHoursSpecification\",\"dayOfWeek\":[\"Monday\",\"Tuesday\",\"Wednesday\",\"Thursday\",\"Friday\",\"Saturday\",\"Sunday\"],\"opens\":\"09:00\",\"closes\":\"17:00\"}]},{\"@type\":\"ImageObject\",\"inLanguage\":\"en-US\",\"@id\":\"https:\\\/\\\/www.francehelices.fr\\\/en\\\/company\\\/#local-main-organization-logo\",\"url\":\"https:\\\/\\\/www.francehelices.fr\\\/wp-content\\\/uploads\\\/societe-2020.jpg\",\"contentUrl\":\"https:\\\/\\\/www.francehelices.fr\\\/wp-content\\\/uploads\\\/societe-2020.jpg\",\"width\":2065,\"height\":1270,\"caption\":\"FRANCE HELICES\"}]}<\/script>\n<!-- \/ Yoast SEO Premium plugin. -->","yoast_head_json":{"title":"Company - France H\u00e9lices | H\u00e9lices et lignes d&#039;arbres pour bateaux moteurs et voiliers","description":"FRANCE HELICES was created in 1977 in FRANCE by M. Paul BEZZI, specialized in manufactoring and repairing of marine propulsion systems.","robots":{"index":"index","follow":"follow","max-snippet":"max-snippet:-1","max-image-preview":"max-image-preview:large","max-video-preview":"max-video-preview:-1"},"canonical":"https:\/\/www.francehelices.fr\/en\/company\/","og_locale":"en_US","og_type":"article","og_title":"Company MARINE PROPULSION SYSTEMS","og_description":"FRANCE HELICES manufacture & repair marine propulsion systems since 1977. We ship worldwide. Contact us : info@francehelices.fr","og_url":"https:\/\/www.francehelices.fr\/en\/company\/","og_site_name":"France H\u00e9lices | H\u00e9lices et lignes d&#039;arbres pour bateaux moteurs et voiliers","article_publisher":"https:\/\/fr-fr.facebook.com\/francehelices\/","article_modified_time":"2025-10-17T17:18:54+00:00","og_image":[{"width":1200,"height":675,"url":"https:\/\/www.francehelices.fr\/wp-content\/uploads\/MARINE-PROPULSION-SYSTEMS.png","type":"image\/png"}],"twitter_card":"summary_large_image","twitter_site":"@FRANCEHELICES","twitter_misc":{"Est. reading time":"4 minutes"},"schema":{"@context":"https:\/\/schema.org","@graph":[{"@type":"WebPage","@id":"https:\/\/www.francehelices.fr\/en\/company\/","url":"https:\/\/www.francehelices.fr\/en\/company\/","name":"Company - France H\u00e9lices | H\u00e9lices et lignes d&#039;arbres pour bateaux moteurs et voiliers","isPartOf":{"@id":"https:\/\/www.francehelices.fr\/en\/#website"},"datePublished":"2020-03-02T09:44:33+00:00","dateModified":"2025-10-17T17:18:54+00:00","description":"FRANCE HELICES was created in 1977 in FRANCE by M. Paul BEZZI, specialized in manufactoring and repairing of marine propulsion systems.","breadcrumb":{"@id":"https:\/\/www.francehelices.fr\/en\/company\/#breadcrumb"},"inLanguage":"en-US","potentialAction":[{"@type":"ReadAction","target":["https:\/\/www.francehelices.fr\/en\/company\/"]}]},{"@type":"BreadcrumbList","@id":"https:\/\/www.francehelices.fr\/en\/company\/#breadcrumb","itemListElement":[{"@type":"ListItem","position":1,"name":"Accueil","item":"https:\/\/www.francehelices.fr\/en\/"},{"@type":"ListItem","position":2,"name":"Company"}]},{"@type":"WebSite","@id":"https:\/\/www.francehelices.fr\/en\/#website","url":"https:\/\/www.francehelices.fr\/en\/","name":"France H\u00e9lices | H\u00e9lices et lignes d arbres pour bateaux moteurs et voiliers","description":"Sp\u00e9cialiste propulsion marine depuis 1977","publisher":{"@id":"https:\/\/www.francehelices.fr\/en\/#organization"},"potentialAction":[{"@type":"SearchAction","target":{"@type":"EntryPoint","urlTemplate":"https:\/\/www.francehelices.fr\/en\/?s={search_term_string}"},"query-input":{"@type":"PropertyValueSpecification","valueRequired":true,"valueName":"search_term_string"}}],"inLanguage":"en-US"},{"@type":["Organization","Place"],"@id":"https:\/\/www.francehelices.fr\/en\/#organization","name":"FRANCE HELICES","url":"https:\/\/www.francehelices.fr\/en\/","logo":{"@id":"https:\/\/www.francehelices.fr\/en\/company\/#local-main-organization-logo"},"image":{"@id":"https:\/\/www.francehelices.fr\/en\/company\/#local-main-organization-logo"},"sameAs":["https:\/\/fr-fr.facebook.com\/francehelices\/","https:\/\/x.com\/FRANCEHELICES","https:\/\/www.linkedin.com\/company\/france-helices-sas\/"],"telephone":[],"openingHoursSpecification":[{"@type":"OpeningHoursSpecification","dayOfWeek":["Monday","Tuesday","Wednesday","Thursday","Friday","Saturday","Sunday"],"opens":"09:00","closes":"17:00"}]},{"@type":"ImageObject","inLanguage":"en-US","@id":"https:\/\/www.francehelices.fr\/en\/company\/#local-main-organization-logo","url":"https:\/\/www.francehelices.fr\/wp-content\/uploads\/societe-2020.jpg","contentUrl":"https:\/\/www.francehelices.fr\/wp-content\/uploads\/societe-2020.jpg","width":2065,"height":1270,"caption":"FRANCE HELICES"}]}},"_links":{"self":[{"href":"https:\/\/www.francehelices.fr\/en\/wp-json\/wp\/v2\/pages\/9122","targetHints":{"allow":["GET"]}}],"collection":[{"href":"https:\/\/www.francehelices.fr\/en\/wp-json\/wp\/v2\/pages"}],"about":[{"href":"https:\/\/www.francehelices.fr\/en\/wp-json\/wp\/v2\/types\/page"}],"author":[{"embeddable":true,"href":"https:\/\/www.francehelices.fr\/en\/wp-json\/wp\/v2\/users\/2"}],"replies":[{"embeddable":true,"href":"https:\/\/www.francehelices.fr\/en\/wp-json\/wp\/v2\/comments?post=9122"}],"version-history":[{"count":18,"href":"https:\/\/www.francehelices.fr\/en\/wp-json\/wp\/v2\/pages\/9122\/revisions"}],"predecessor-version":[{"id":26534,"href":"https:\/\/www.francehelices.fr\/en\/wp-json\/wp\/v2\/pages\/9122\/revisions\/26534"}],"wp:attachment":[{"href":"https:\/\/www.francehelices.fr\/en\/wp-json\/wp\/v2\/media?parent=9122"}],"curies":[{"name":"wp","href":"https:\/\/api.w.org\/{rel}","templated":true}]}}