{"id":9120,"date":"2020-03-02T09:39:53","date_gmt":"2020-03-02T09:39:53","guid":{"rendered":"https:\/\/www.francehelices.fr\/?page_id=9120&#038;lang=en"},"modified":"2025-10-23T16:27:26","modified_gmt":"2025-10-23T16:27:26","slug":"homepage-uk","status":"publish","type":"page","link":"https:\/\/www.francehelices.fr\/en\/","title":{"rendered":"homepage-uk"},"content":{"rendered":"<p>[vc_row full_width=&#8221;stretch_row&#8221;][vc_column][vc_column_text el_class=&#8221;txt-primary&#8221;]<\/p>\n<h1 style=\"text-align: center;\"><strong>FRENCH MANUFACTURER OF NAVAL PROPULSION FOR UNITS UP TO 90 METERS<\/strong><\/h1>\n<p>[\/vc_column_text][\/vc_column][\/vc_row][vc_row full_width=&#8221;stretch_row&#8221; css=&#8221;.vc_custom_1760977989318{padding-top: 20px !important;padding-bottom: 20px !important;background-color: #eaeaea !important;}&#8221;][vc_column][vc_column_text el_class=&#8221;white-txt&#8221;]<\/p>\n<p style=\"text-align: center;\">Our core business is the research, development, manufacture, repair and machining of high-end custom marine propulsion systems. Our mission is to bring technical solutions to our customers. Our FRANCE HELICES manufacturing sites ensure all machining operations with a Quality Department present at all stages of manufacture.<\/p>\n<p>[\/vc_column_text][vc_column_text el_class=&#8221;white-txt&#8221;]<\/p>\n<p style=\"text-align: center;\">The propulsion must be perfectly adapted to the characteristics of the vessel. We carry out a technical study according to the customer&#8217;s requirements in order to calculate and design a propulsion system, tailor-made, optimal to ensure the best performance (speed and acceleration), level of noise pollution reduced, minimum vibration, energy savings while controlling cavitation phenomena.<\/p>\n<p>[\/vc_column_text][\/vc_column][\/vc_row][vc_row][vc_column width=&#8221;1\/2&#8243;][vc_single_image image=&#8221;25018&#8243; img_size=&#8221;418&#215;270&#8243; alignment=&#8221;center&#8221; style=&#8221;vc_box_shadow_3d&#8221; onclick=&#8221;custom_link&#8221; link=&#8221;https:\/\/www.francehelices.fr\/en\/products\/&#8221;][\/vc_column][vc_column width=&#8221;1\/2&#8243;][vc_column_text el_class=&#8221;fancy-heading txt-primary&#8221;]Yachts, Sailing Yachts, Pleasure Boats[\/vc_column_text][vc_column_text el_class=&#8221;justify fancy-content&#8221;]We bring our expertise to your moments of relaxation. Our propellers for pleasure boats are silent, efficient, and tailored to your exact needs.[\/vc_column_text][\/vc_column][\/vc_row][vc_row][vc_column width=&#8221;1\/2&#8243;][vc_column_text el_class=&#8221;fancy-heading txt-primary&#8221;]Passenger Vessels[\/vc_column_text][vc_column_text el_class=&#8221;justify fancy-content&#8221;]We design and manufacture quiet, long-lasting, and high-performance propellers to ensure your passengers travel in optimal comfort and safety.[\/vc_column_text][\/vc_column][vc_column width=&#8221;1\/2&#8243;][vc_single_image image=&#8221;25016&#8243; img_size=&#8221;418&#215;270&#8243; alignment=&#8221;center&#8221; style=&#8221;vc_box_shadow_3d&#8221; onclick=&#8221;custom_link&#8221; link=&#8221;https:\/\/www.francehelices.fr\/en\/products\/&#8221;][\/vc_column][\/vc_row][vc_row][vc_column width=&#8221;1\/2&#8243;][vc_single_image image=&#8221;25014&#8243; img_size=&#8221;418&#215;270&#8243; alignment=&#8221;center&#8221; style=&#8221;vc_box_shadow_3d&#8221; onclick=&#8221;custom_link&#8221; link=&#8221;https:\/\/www.francehelices.fr\/en\/products\/&#8221;][\/vc_column][vc_column width=&#8221;1\/2&#8243;][vc_column_text el_class=&#8221;fancy-heading txt-primary&#8221;]Work Vessels[\/vc_column_text][vc_column_text el_class=&#8221;justify fancy-content&#8221;]We provide high-performance, durable equipment designed to meet the daily demands of professional boats.[\/vc_column_text][\/vc_column][\/vc_row][vc_row][vc_column width=&#8221;1\/2&#8243;][vc_column_text el_class=&#8221;fancy-heading txt-primary&#8221;]Defence Vessel[\/vc_column_text][vc_column_text el_class=&#8221;justify fancy-content&#8221;]Our know-how also extends to naval security. Contact us for support with sensitive and specialized projects.[\/vc_column_text][\/vc_column][vc_column width=&#8221;1\/2&#8243;][vc_single_image image=&#8221;25012&#8243; img_size=&#8221;418&#215;270&#8243; alignment=&#8221;center&#8221; style=&#8221;vc_box_shadow_3d&#8221; onclick=&#8221;custom_link&#8221; link=&#8221;https:\/\/www.francehelices.fr\/en\/products\/&#8221;][\/vc_column][\/vc_row][vc_row][vc_column width=&#8221;1\/2&#8243;][vc_single_image image=&#8221;25024&#8243; img_size=&#8221;418&#215;270&#8243; alignment=&#8221;center&#8221; style=&#8221;vc_box_shadow_3d&#8221; onclick=&#8221;custom_link&#8221; link=&#8221;https:\/\/www.francehelices.fr\/en\/manufacturing\/&#8221;][\/vc_column][vc_column width=&#8221;1\/2&#8243;][vc_column_text el_class=&#8221;fancy-heading txt-primary&#8221;]Consultancy[\/vc_column_text][vc_column_text el_class=&#8221;justify fancy-content&#8221;]<\/p>\n<p style=\"text-align: left;\">More than a manufacturer and repairer of marine propulsion systems, FRANCE HELICES advises you from the very first drawings of your vessel.<\/p>\n<p>[\/vc_column_text][\/vc_column][\/vc_row][vc_row][vc_column width=&#8221;1\/2&#8243;][vc_column_text el_class=&#8221;fancy-heading txt-primary&#8221;]<\/p>\n<p style=\"text-align: left;\">Manufacturing<\/p>\n<p>[\/vc_column_text][vc_column_text el_class=&#8221;justify fancy-content&#8221;]<\/p>\n<p style=\"text-align: left;\">FRANCE HELICES develops, calculates, designs and manufactures complete packages (shaft line, propeller, bracket, rudder&#8230;) in France according to your specifications.<\/p>\n<p>[\/vc_column_text][\/vc_column][vc_column width=&#8221;1\/2&#8243;][vc_single_image image=&#8221;26202&#8243; img_size=&#8221;418&#215;270&#8243; alignment=&#8221;center&#8221; style=&#8221;vc_box_shadow_3d&#8221; onclick=&#8221;custom_link&#8221; link=&#8221;https:\/\/www.francehelices.fr\/en\/manufacturing\/&#8221;][\/vc_column][\/vc_row][vc_row][vc_column width=&#8221;1\/2&#8243;][vc_single_image image=&#8221;25028&#8243; img_size=&#8221;418&#215;270&#8243; alignment=&#8221;center&#8221; style=&#8221;vc_box_shadow_3d&#8221; onclick=&#8221;custom_link&#8221; link=&#8221;https:\/\/www.francehelices.fr\/en\/repair\/&#8221;][\/vc_column][vc_column width=&#8221;1\/2&#8243;][vc_column_text el_class=&#8221;fancy-heading txt-primary&#8221;]<\/p>\n<p style=\"text-align: left;\">Repair<\/p>\n<p>[\/vc_column_text][vc_column_text el_class=&#8221;justify fancy-content&#8221;]<\/p>\n<p style=\"text-align: left;\">After a diagnosis in our workshops, FRANCE HELICES encourages repair and modification whenever possible.<\/p>\n<p>[\/vc_column_text][\/vc_column][\/vc_row][vc_row][vc_column width=&#8221;1\/2&#8243;][vc_column_text el_class=&#8221;fancy-heading txt-primary&#8221;]<\/p>\n<p style=\"text-align: left;\">Maintenance Service<\/p>\n<p>[\/vc_column_text][vc_column_text el_class=&#8221;justify fancy-content&#8221;]<\/p>\n<p style=\"text-align: left;\">In order to guarantee optimal performance over the years, we advise you to have your propulsion checked regularly.<\/p>\n<div style=\"text-align: left;\"><\/div>\n<p>[\/vc_column_text][\/vc_column][vc_column width=&#8221;1\/2&#8243;][vc_single_image image=&#8221;26154&#8243; img_size=&#8221;418&#215;270&#8243; alignment=&#8221;center&#8221; style=&#8221;vc_box_shadow_3d&#8221; onclick=&#8221;custom_link&#8221; link=&#8221;https:\/\/www.francehelices.fr\/en\/repair\/&#8221;][\/vc_column][\/vc_row][vc_row full_width=&#8221;stretch_row_content&#8221; content_placement=&#8221;middle&#8221; css=&#8221;.vc_custom_1574255843838{padding-top: 30px !important;padding-bottom: 30px !important;background-position: center !important;background-repeat: no-repeat !important;background-size: cover !important;}&#8221;][vc_column][vc_column_text css=&#8221;.vc_custom_1583144037161{padding-top: 20px !important;padding-bottom: 20px !important;}&#8221;]<\/p>\n<h1 style=\"text-align: center; text-transform: uppercase; font-weight: 300; font-size: 40px;\"><strong>YOUR CUSTOMIZED PROPULSION<\/strong><\/h1>\n<p>[\/vc_column_text][vc_btn title=&#8221;CALCULATIONS AND QUOTATION&#8221; color=&#8221;default&#8221; size=&#8221;lg&#8221; align=&#8221;center&#8221; i_type=&#8221;openiconic&#8221; i_icon_openiconic=&#8221;vc-oi vc-oi-doc&#8221; add_icon=&#8221;true&#8221; link=&#8221;url:https%3A%2F%2Fwww.francehelices.fr%2Fen%2Fquotations%2F|title:Devis%20et%20calculs||&#8221; css=&#8221;.vc_custom_1583762855893{padding-top: 0px !important;padding-bottom: 0px !important;}&#8221; el_class=&#8221;bouton-color&#8221;][\/vc_column][\/vc_row][vc_row full_width=&#8221;stretch_row&#8221; css=&#8221;.vc_custom_1760978538952{background-color: #eaeaea !important;}&#8221;][vc_column][vc_column_text]<\/p>\n<p style=\"text-align: center;\"><div class='tagembed-widget' style='width:; height:;' data-widget-id='2200346' view-url='https:\/\/widget.tagembed.com\/2200346'><\/div>\n<p>[\/vc_column_text][\/vc_column][\/vc_row]<\/p>\n","protected":false},"excerpt":{"rendered":"<p>[vc_row full_width=&#8221;stretch_row&#8221;][vc_column][vc_column_text el_class=&#8221;txt-primary&#8221;] FRENCH MANUFACTURER OF NAVAL PROPULSION FOR UNITS UP TO 90 METERS [\/vc_column_text][\/vc_column][\/vc_row][vc_row full_width=&#8221;stretch_row&#8221; css=&#8221;.vc_custom_1760977989318{padding-top: 20px !important;padding-bottom: 20px !important;background-color: #eaeaea !important;}&#8221;][vc_column][vc_column_text el_class=&#8221;white-txt&#8221;] Our core business is the research, development, manufacture, repair and machining of high-end custom marine propulsion systems. Our mission is to bring technical solutions to our customers. Our FRANCE HELICES manufacturing&hellip;&nbsp;<\/p>\n","protected":false},"author":2,"featured_media":0,"parent":0,"menu_order":0,"comment_status":"closed","ping_status":"closed","template":"","meta":{"_crdt_document":"","neve_meta_sidebar":"","neve_meta_container":"","neve_meta_enable_content_width":"off","neve_meta_content_width":100,"neve_meta_title_alignment":"","neve_meta_author_avatar":"","neve_post_elements_order":"","neve_meta_disable_header":"","neve_meta_disable_footer":"","neve_meta_disable_title":"","footnotes":""},"class_list":["post-9120","page","type-page","status-publish","hentry"],"yoast_head":"<!-- This site is optimized with the Yoast SEO Premium plugin v27.3 (Yoast SEO v27.4) - https:\/\/yoast.com\/product\/yoast-seo-premium-wordpress\/ -->\n<title>France H\u00e9lices - Leader in Marine Propulsion<\/title>\n<meta name=\"description\" content=\"FRANCE HELICES develops, calculates, designs and manufactures complete packages (shaft line, propeller, bracket, rudder \u2026) in France according to your specifications. More than a manufacturer and repairer of marine propulsion systems, FRANCE HELICES advises you from the very first drawings of your vessel.\" \/>\n<meta name=\"robots\" content=\"index, follow, max-snippet:-1, max-image-preview:large, max-video-preview:-1\" \/>\n<link rel=\"canonical\" href=\"https:\/\/www.francehelices.fr\/en\/\" \/>\n<meta property=\"og:locale\" content=\"en_US\" \/>\n<meta property=\"og:type\" content=\"article\" \/>\n<meta property=\"og:title\" content=\"homepage-uk MARINE PROPULSION SYSTEMS\" \/>\n<meta property=\"og:description\" content=\"FRANCE HELICES manufacture &amp; repair marine propulsion systems since 1977. We ship worldwide. Contact us : info@francehelices.fr\" \/>\n<meta property=\"og:url\" content=\"https:\/\/www.francehelices.fr\/en\/\" \/>\n<meta property=\"og:site_name\" content=\"France H\u00e9lices | H\u00e9lices et lignes d&#039;arbres pour bateaux moteurs et voiliers\" \/>\n<meta property=\"article:publisher\" content=\"https:\/\/fr-fr.facebook.com\/francehelices\/\" \/>\n<meta property=\"article:modified_time\" content=\"2025-10-23T16:27:26+00:00\" \/>\n<meta property=\"og:image\" content=\"https:\/\/www.francehelices.fr\/wp-content\/uploads\/MARINE-PROPULSION-SYSTEMS.png\" \/>\n\t<meta property=\"og:image:width\" content=\"1200\" \/>\n\t<meta property=\"og:image:height\" content=\"675\" \/>\n\t<meta property=\"og:image:type\" content=\"image\/png\" \/>\n<meta name=\"twitter:card\" content=\"summary_large_image\" \/>\n<meta name=\"twitter:site\" content=\"@FRANCEHELICES\" \/>\n<meta name=\"twitter:label1\" content=\"Est. reading time\" \/>\n\t<meta name=\"twitter:data1\" content=\"3 minutes\" \/>\n<script type=\"application\/ld+json\" class=\"yoast-schema-graph\">{\"@context\":\"https:\\\/\\\/schema.org\",\"@graph\":[{\"@type\":\"WebPage\",\"@id\":\"https:\\\/\\\/www.francehelices.fr\\\/en\\\/\",\"url\":\"https:\\\/\\\/www.francehelices.fr\\\/en\\\/\",\"name\":\"France H\u00e9lices - Leader in Marine Propulsion\",\"isPartOf\":{\"@id\":\"https:\\\/\\\/www.francehelices.fr\\\/en\\\/#website\"},\"datePublished\":\"2020-03-02T09:39:53+00:00\",\"dateModified\":\"2025-10-23T16:27:26+00:00\",\"description\":\"FRANCE HELICES develops, calculates, designs and manufactures complete packages (shaft line, propeller, bracket, rudder \u2026) in France according to your specifications. More than a manufacturer and repairer of marine propulsion systems, FRANCE HELICES advises you from the very first drawings of your vessel.\",\"breadcrumb\":{\"@id\":\"https:\\\/\\\/www.francehelices.fr\\\/en\\\/#breadcrumb\"},\"inLanguage\":\"en-US\",\"potentialAction\":[{\"@type\":\"ReadAction\",\"target\":[\"https:\\\/\\\/www.francehelices.fr\\\/en\\\/\"]}]},{\"@type\":\"BreadcrumbList\",\"@id\":\"https:\\\/\\\/www.francehelices.fr\\\/en\\\/#breadcrumb\",\"itemListElement\":[{\"@type\":\"ListItem\",\"position\":1,\"name\":\"Accueil\",\"item\":\"https:\\\/\\\/www.francehelices.fr\\\/en\\\/\"},{\"@type\":\"ListItem\",\"position\":2,\"name\":\"homepage-uk\"}]},{\"@type\":\"WebSite\",\"@id\":\"https:\\\/\\\/www.francehelices.fr\\\/en\\\/#website\",\"url\":\"https:\\\/\\\/www.francehelices.fr\\\/en\\\/\",\"name\":\"France H\u00e9lices | H\u00e9lices et lignes d arbres pour bateaux moteurs et voiliers\",\"description\":\"Sp\u00e9cialiste propulsion marine depuis 1977\",\"publisher\":{\"@id\":\"https:\\\/\\\/www.francehelices.fr\\\/en\\\/#organization\"},\"potentialAction\":[{\"@type\":\"SearchAction\",\"target\":{\"@type\":\"EntryPoint\",\"urlTemplate\":\"https:\\\/\\\/www.francehelices.fr\\\/en\\\/?s={search_term_string}\"},\"query-input\":{\"@type\":\"PropertyValueSpecification\",\"valueRequired\":true,\"valueName\":\"search_term_string\"}}],\"inLanguage\":\"en-US\"},{\"@type\":[\"Organization\",\"Place\"],\"@id\":\"https:\\\/\\\/www.francehelices.fr\\\/en\\\/#organization\",\"name\":\"FRANCE HELICES\",\"url\":\"https:\\\/\\\/www.francehelices.fr\\\/en\\\/\",\"logo\":{\"@id\":\"https:\\\/\\\/www.francehelices.fr\\\/en\\\/#local-main-organization-logo\"},\"image\":{\"@id\":\"https:\\\/\\\/www.francehelices.fr\\\/en\\\/#local-main-organization-logo\"},\"sameAs\":[\"https:\\\/\\\/fr-fr.facebook.com\\\/francehelices\\\/\",\"https:\\\/\\\/x.com\\\/FRANCEHELICES\",\"https:\\\/\\\/www.linkedin.com\\\/company\\\/france-helices-sas\\\/\"],\"telephone\":[],\"openingHoursSpecification\":[{\"@type\":\"OpeningHoursSpecification\",\"dayOfWeek\":[\"Monday\",\"Tuesday\",\"Wednesday\",\"Thursday\",\"Friday\",\"Saturday\",\"Sunday\"],\"opens\":\"09:00\",\"closes\":\"17:00\"}]},{\"@type\":\"ImageObject\",\"inLanguage\":\"en-US\",\"@id\":\"https:\\\/\\\/www.francehelices.fr\\\/en\\\/#local-main-organization-logo\",\"url\":\"https:\\\/\\\/www.francehelices.fr\\\/wp-content\\\/uploads\\\/societe-2020.jpg\",\"contentUrl\":\"https:\\\/\\\/www.francehelices.fr\\\/wp-content\\\/uploads\\\/societe-2020.jpg\",\"width\":2065,\"height\":1270,\"caption\":\"FRANCE HELICES\"}]}<\/script>\n<!-- \/ Yoast SEO Premium plugin. -->","yoast_head_json":{"title":"France H\u00e9lices - Leader in Marine Propulsion","description":"FRANCE HELICES develops, calculates, designs and manufactures complete packages (shaft line, propeller, bracket, rudder \u2026) in France according to your specifications. More than a manufacturer and repairer of marine propulsion systems, FRANCE HELICES advises you from the very first drawings of your vessel.","robots":{"index":"index","follow":"follow","max-snippet":"max-snippet:-1","max-image-preview":"max-image-preview:large","max-video-preview":"max-video-preview:-1"},"canonical":"https:\/\/www.francehelices.fr\/en\/","og_locale":"en_US","og_type":"article","og_title":"homepage-uk MARINE PROPULSION SYSTEMS","og_description":"FRANCE HELICES manufacture & repair marine propulsion systems since 1977. We ship worldwide. Contact us : info@francehelices.fr","og_url":"https:\/\/www.francehelices.fr\/en\/","og_site_name":"France H\u00e9lices | H\u00e9lices et lignes d&#039;arbres pour bateaux moteurs et voiliers","article_publisher":"https:\/\/fr-fr.facebook.com\/francehelices\/","article_modified_time":"2025-10-23T16:27:26+00:00","og_image":[{"width":1200,"height":675,"url":"https:\/\/www.francehelices.fr\/wp-content\/uploads\/MARINE-PROPULSION-SYSTEMS.png","type":"image\/png"}],"twitter_card":"summary_large_image","twitter_site":"@FRANCEHELICES","twitter_misc":{"Est. reading time":"3 minutes"},"schema":{"@context":"https:\/\/schema.org","@graph":[{"@type":"WebPage","@id":"https:\/\/www.francehelices.fr\/en\/","url":"https:\/\/www.francehelices.fr\/en\/","name":"France H\u00e9lices - Leader in Marine Propulsion","isPartOf":{"@id":"https:\/\/www.francehelices.fr\/en\/#website"},"datePublished":"2020-03-02T09:39:53+00:00","dateModified":"2025-10-23T16:27:26+00:00","description":"FRANCE HELICES develops, calculates, designs and manufactures complete packages (shaft line, propeller, bracket, rudder \u2026) in France according to your specifications. More than a manufacturer and repairer of marine propulsion systems, FRANCE HELICES advises you from the very first drawings of your vessel.","breadcrumb":{"@id":"https:\/\/www.francehelices.fr\/en\/#breadcrumb"},"inLanguage":"en-US","potentialAction":[{"@type":"ReadAction","target":["https:\/\/www.francehelices.fr\/en\/"]}]},{"@type":"BreadcrumbList","@id":"https:\/\/www.francehelices.fr\/en\/#breadcrumb","itemListElement":[{"@type":"ListItem","position":1,"name":"Accueil","item":"https:\/\/www.francehelices.fr\/en\/"},{"@type":"ListItem","position":2,"name":"homepage-uk"}]},{"@type":"WebSite","@id":"https:\/\/www.francehelices.fr\/en\/#website","url":"https:\/\/www.francehelices.fr\/en\/","name":"France H\u00e9lices | H\u00e9lices et lignes d arbres pour bateaux moteurs et voiliers","description":"Sp\u00e9cialiste propulsion marine depuis 1977","publisher":{"@id":"https:\/\/www.francehelices.fr\/en\/#organization"},"potentialAction":[{"@type":"SearchAction","target":{"@type":"EntryPoint","urlTemplate":"https:\/\/www.francehelices.fr\/en\/?s={search_term_string}"},"query-input":{"@type":"PropertyValueSpecification","valueRequired":true,"valueName":"search_term_string"}}],"inLanguage":"en-US"},{"@type":["Organization","Place"],"@id":"https:\/\/www.francehelices.fr\/en\/#organization","name":"FRANCE HELICES","url":"https:\/\/www.francehelices.fr\/en\/","logo":{"@id":"https:\/\/www.francehelices.fr\/en\/#local-main-organization-logo"},"image":{"@id":"https:\/\/www.francehelices.fr\/en\/#local-main-organization-logo"},"sameAs":["https:\/\/fr-fr.facebook.com\/francehelices\/","https:\/\/x.com\/FRANCEHELICES","https:\/\/www.linkedin.com\/company\/france-helices-sas\/"],"telephone":[],"openingHoursSpecification":[{"@type":"OpeningHoursSpecification","dayOfWeek":["Monday","Tuesday","Wednesday","Thursday","Friday","Saturday","Sunday"],"opens":"09:00","closes":"17:00"}]},{"@type":"ImageObject","inLanguage":"en-US","@id":"https:\/\/www.francehelices.fr\/en\/#local-main-organization-logo","url":"https:\/\/www.francehelices.fr\/wp-content\/uploads\/societe-2020.jpg","contentUrl":"https:\/\/www.francehelices.fr\/wp-content\/uploads\/societe-2020.jpg","width":2065,"height":1270,"caption":"FRANCE HELICES"}]}},"_links":{"self":[{"href":"https:\/\/www.francehelices.fr\/en\/wp-json\/wp\/v2\/pages\/9120","targetHints":{"allow":["GET"]}}],"collection":[{"href":"https:\/\/www.francehelices.fr\/en\/wp-json\/wp\/v2\/pages"}],"about":[{"href":"https:\/\/www.francehelices.fr\/en\/wp-json\/wp\/v2\/types\/page"}],"author":[{"embeddable":true,"href":"https:\/\/www.francehelices.fr\/en\/wp-json\/wp\/v2\/users\/2"}],"replies":[{"embeddable":true,"href":"https:\/\/www.francehelices.fr\/en\/wp-json\/wp\/v2\/comments?post=9120"}],"version-history":[{"count":43,"href":"https:\/\/www.francehelices.fr\/en\/wp-json\/wp\/v2\/pages\/9120\/revisions"}],"predecessor-version":[{"id":27012,"href":"https:\/\/www.francehelices.fr\/en\/wp-json\/wp\/v2\/pages\/9120\/revisions\/27012"}],"wp:attachment":[{"href":"https:\/\/www.francehelices.fr\/en\/wp-json\/wp\/v2\/media?parent=9120"}],"curies":[{"name":"wp","href":"https:\/\/api.w.org\/{rel}","templated":true}]}}